{"id":956,"date":"2025-05-30T12:52:20","date_gmt":"2025-05-30T10:52:20","guid":{"rendered":"https:\/\/madameetmonsieurfeetout.com\/?page_id=956"},"modified":"2025-06-06T15:06:39","modified_gmt":"2025-06-06T13:06:39","slug":"accompagnement-administratif-les-avantages","status":"publish","type":"page","link":"https:\/\/madameetmonsieurfeetout.com\/index.php\/accompagnement-administratif-les-avantages\/","title":{"rendered":"Accompagnement administratif : les avantages !"},"content":{"rendered":"\t\t<div data-elementor-type=\"wp-page\" data-elementor-id=\"956\" class=\"elementor elementor-956\">\n\t\t\t\t<div class=\"elementor-element elementor-element-6c053d5 e-flex e-con-boxed e-con e-parent\" data-id=\"6c053d5\" data-element_type=\"container\">\n\t\t\t\t\t<div class=\"e-con-inner\">\n\t\t<div class=\"elementor-element elementor-element-16cbcdd e-con-full e-flex e-con e-child\" data-id=\"16cbcdd\" data-element_type=\"container\" data-settings=\"{&quot;background_background&quot;:&quot;classic&quot;}\">\n\t\t\t\t<div class=\"elementor-element elementor-element-b20d6b8 elementor-invisible elementor-widget elementor-widget-heading\" data-id=\"b20d6b8\" data-element_type=\"widget\" data-settings=\"{&quot;_animation&quot;:&quot;fadeInLeft&quot;}\" data-widget_type=\"heading.default\">\n\t\t\t\t<div class=\"elementor-widget-container\">\n\t\t\t\t\t<h2 class=\"elementor-heading-title elementor-size-default\">Accompagnement administratif : les avantages !<\/h2>\t\t\t\t<\/div>\n\t\t\t\t<\/div>\n\t\t\t\t<\/div>\n\t\t<div class=\"elementor-element elementor-element-00a430f e-con-full e-flex e-con e-child\" data-id=\"00a430f\" data-element_type=\"container\">\n\t\t\t\t<div class=\"elementor-element elementor-element-98e1077 elementor-invisible elementor-widget elementor-widget-image\" data-id=\"98e1077\" data-element_type=\"widget\" data-settings=\"{&quot;_animation&quot;:&quot;fadeInRight&quot;}\" data-widget_type=\"image.default\">\n\t\t\t\t<div class=\"elementor-widget-container\">\n\t\t\t\t\t\t\t\t\t\t\t\t\t\t\t<img fetchpriority=\"high\" decoding=\"async\" width=\"1024\" height=\"797\" src=\"https:\/\/madameetmonsieurfeetout.com\/wp-content\/uploads\/2025\/05\/Mask-group-55-1024x797.png\" class=\"attachment-large size-large wp-image-686\" alt=\"\" srcset=\"https:\/\/madameetmonsieurfeetout.com\/wp-content\/uploads\/2025\/05\/Mask-group-55-1024x797.png 1024w, https:\/\/madameetmonsieurfeetout.com\/wp-content\/uploads\/2025\/05\/Mask-group-55-300x233.png 300w, https:\/\/madameetmonsieurfeetout.com\/wp-content\/uploads\/2025\/05\/Mask-group-55-768x597.png 768w, https:\/\/madameetmonsieurfeetout.com\/wp-content\/uploads\/2025\/05\/Mask-group-55-1536x1195.png 1536w, https:\/\/madameetmonsieurfeetout.com\/wp-content\/uploads\/2025\/05\/Mask-group-55.png 1824w\" sizes=\"(max-width: 1024px) 100vw, 1024px\" \/>\t\t\t\t\t\t\t\t\t\t\t\t\t\t\t<\/div>\n\t\t\t\t<\/div>\n\t\t\t\t<\/div>\n\t\t\t\t\t<\/div>\n\t\t\t\t<\/div>\n\t\t<div class=\"elementor-element elementor-element-3d74c46 e-flex e-con-boxed elementor-invisible e-con e-parent\" data-id=\"3d74c46\" data-element_type=\"container\" data-settings=\"{&quot;animation&quot;:&quot;fadeInUp&quot;}\">\n\t\t\t\t\t<div class=\"e-con-inner\">\n\t\t\t\t<div class=\"elementor-element elementor-element-de71cf7 elementor-widget elementor-widget-spacer\" data-id=\"de71cf7\" data-element_type=\"widget\" data-widget_type=\"spacer.default\">\n\t\t\t\t<div class=\"elementor-widget-container\">\n\t\t\t\t\t\t\t<div class=\"elementor-spacer\">\n\t\t\t<div class=\"elementor-spacer-inner\"><\/div>\n\t\t<\/div>\n\t\t\t\t\t\t<\/div>\n\t\t\t\t<\/div>\n\t\t\t\t<div class=\"elementor-element elementor-element-f4b4402 elementor-widget__width-initial elementor-widget elementor-widget-text-editor\" data-id=\"f4b4402\" data-element_type=\"widget\" data-widget_type=\"text-editor.default\">\n\t\t\t\t<div class=\"elementor-widget-container\">\n\t\t\t\t\t\t\t\t\t<p>Lorsque vos activit\u00e9s quotidiennes vous prennent d\u00e9j\u00e0 \u00e9norm\u00e9ment de temps, il peut \u00eatre difficile de trouver des moments pour g\u00e9rer certaines t\u00e2ches administratives et informatiques.<\/p><p>Les t\u00e2ches administratives et informatiques demandent g\u00e9n\u00e9ralement une bonne organisation et une certaine concentration, alors pourquoi ne pas opter pour un service d\u2019accompagnement administratif ?<\/p><p>Chez\u00a0<b>Madame F\u00e9e Tout<\/b>, nos \u00e9quipes sont l\u00e0 pour vous aider et vous proposent des\u00a0<b>services administratifs<\/b>\u00a0et informatiques.<\/p><p>D\u00e9couvrez-en plus dans cet article.<\/p>\t\t\t\t\t\t\t\t<\/div>\n\t\t\t\t<\/div>\n\t\t\t\t\t<\/div>\n\t\t\t\t<\/div>\n\t\t<div class=\"elementor-element elementor-element-125ab93 e-flex e-con-boxed e-con e-parent\" data-id=\"125ab93\" data-element_type=\"container\">\n\t\t\t\t\t<div class=\"e-con-inner\">\n\t\t\t\t<div class=\"elementor-element elementor-element-cd9c286 elementor-invisible elementor-widget elementor-widget-heading\" data-id=\"cd9c286\" data-element_type=\"widget\" data-settings=\"{&quot;_animation&quot;:&quot;fadeInUp&quot;}\" data-widget_type=\"heading.default\">\n\t\t\t\t<div class=\"elementor-widget-container\">\n\t\t\t\t\t<h2 class=\"elementor-heading-title elementor-size-default\">Qu\u2019est-ce qu\u2019un accompagnement administratif \u00e0 domicile ?<\/h2>\t\t\t\t<\/div>\n\t\t\t\t<\/div>\n\t\t\t\t<div class=\"elementor-element elementor-element-70b0175 elementor-widget__width-initial elementor-invisible elementor-widget elementor-widget-text-editor\" data-id=\"70b0175\" data-element_type=\"widget\" data-settings=\"{&quot;_animation&quot;:&quot;fadeInUp&quot;}\" data-widget_type=\"text-editor.default\">\n\t\t\t\t<div class=\"elementor-widget-container\">\n\t\t\t\t\t\t\t\t\t<p><a href=\"https:\/\/madameetmonsieurfeetout.com\/index.php\/assistance-administrative-informatique\/\">L\u2019accompagnement administratif et informatique\u00a0<\/a>est un service qui apporte un soutien \u00e0 toutes les personnes ayant besoin d\u2019aide ou \u00e0 ceux qui ont des difficult\u00e9s \u00e0 g\u00e9rer leurs finances personnelles, \u00e0 payer leurs factures, \u00e0 remplir leurs d\u00e9clarations d\u2019imp\u00f4ts et \u00e0 g\u00e9rer leurs syst\u00e8mes informatiques. L\u2019objectif de ce service est de vous aider \u00e0 \u00e9viter l\u2019endettement et \u00e0 r\u00e9duire votre niveau de stress en vous offrant un coup de main dans ces domaines.<\/p><p>Les\u00a0<b>services administratifs\u00a0<\/b>que nous proposons chez\u00a0<a href=\"https:\/\/madameetmonsieurfeetout.com\/index.php\/prestations-madame-feetout\/\" target=\"_blank\" rel=\"noopener\">Madame F\u00e9e Tout\u00a0<\/a>sont fournis par des professionnels qualifi\u00e9s qui peuvent vous accompagner \u00e0 chaque \u00e9tape de certains processus.<\/p>\t\t\t\t\t\t\t\t<\/div>\n\t\t\t\t<\/div>\n\t\t\t\t<div class=\"elementor-element elementor-element-8c36d22 elementor-widget__width-initial elementor-invisible elementor-widget elementor-widget-text-editor\" data-id=\"8c36d22\" data-element_type=\"widget\" data-settings=\"{&quot;_animation&quot;:&quot;fadeInUp&quot;}\" data-widget_type=\"text-editor.default\">\n\t\t\t\t<div class=\"elementor-widget-container\">\n\t\t\t\t\t\t\t\t\t<p>Quel que soit votre statut, il peut \u00eatre difficile de s\u2019acquitter de toutes les t\u00e2ches administratives, m\u00e9nag\u00e8res et autres qui doivent \u00eatre accomplies au quotidien. C\u2019est l\u00e0 qu\u2019intervient notre service d\u2019accompagnement administratif et informatique. Il vous donne l\u2019aide n\u00e9cessaire pour que vous puissiez vous lib\u00e9rer du temps et vous occuper d\u2019autres t\u00e2ches qui n\u00e9cessitent toute votre attention.<\/p>\t\t\t\t\t\t\t\t<\/div>\n\t\t\t\t<\/div>\n\t\t\t\t\t<\/div>\n\t\t\t\t<\/div>\n\t\t<div class=\"elementor-element elementor-element-3cf6371 e-flex e-con-boxed e-con e-parent\" data-id=\"3cf6371\" data-element_type=\"container\">\n\t\t\t\t\t<div class=\"e-con-inner\">\n\t\t\t\t<div class=\"elementor-element elementor-element-03d91e8 elementor-invisible elementor-widget elementor-widget-heading\" data-id=\"03d91e8\" data-element_type=\"widget\" data-settings=\"{&quot;_animation&quot;:&quot;fadeInUp&quot;}\" data-widget_type=\"heading.default\">\n\t\t\t\t<div class=\"elementor-widget-container\">\n\t\t\t\t\t<h2 class=\"elementor-heading-title elementor-size-default\">Comment nos \u00e9quipes peuvent vous accompagner dans vos d\u00e9marches administratives ?<\/h2>\t\t\t\t<\/div>\n\t\t\t\t<\/div>\n\t\t\t\t<div class=\"elementor-element elementor-element-4893523 elementor-widget__width-initial elementor-invisible elementor-widget elementor-widget-text-editor\" data-id=\"4893523\" data-element_type=\"widget\" data-settings=\"{&quot;_animation&quot;:&quot;fadeInUp&quot;}\" data-widget_type=\"text-editor.default\">\n\t\t\t\t<div class=\"elementor-widget-container\">\n\t\t\t\t\t\t\t\t\t<div class=\"elementor-element elementor-element-08b1fb5 elementor-widget elementor-widget-text-editor\" data-id=\"08b1fb5\" data-element_type=\"widget\" data-widget_type=\"text-editor.default\"><div class=\"elementor-widget-container\">Les t\u00e2ches de nos \u00e9quipes en ce qui concerne l\u2019accompagnement administratif peuvent englober plusieurs points :<\/div><\/div><div class=\"elementor-element elementor-element-9934c66 elementor-widget elementor-widget-text-editor\" data-id=\"9934c66\" data-element_type=\"widget\" data-widget_type=\"text-editor.default\"><div class=\"elementor-widget-container\"><ul><li>La r\u00e9daction de lettres et de courriels<\/li><li>La gestion des agendas, ainsi que la prise de rendez-vous avec les m\u00e9decins, les dentistes et d\u2019autres professionnels<\/li><li>La gestion des finances personnelles (paiement des factures et suivi des investissements)<\/li><li>S\u2019assurer que le domicile est s\u00fbr en faisant appel \u00e0 des entrepreneurs si n\u00e9cessaire.<\/li><li>Faire les d\u00e9clarations d\u2019imp\u00f4ts<\/li><li>Faire les d\u00e9clarations CAF<\/li><li>L\u2019archivage et le classement des dossiers<\/li><li>V\u00e9rifier les assurances<\/li><li>\u00catre des repr\u00e9sentants lors des r\u00e9unions administratives<\/li><\/ul><\/div><\/div><div class=\"elementor-element elementor-element-1d4a692 elementor-widget elementor-widget-text-editor\" data-id=\"1d4a692\" data-element_type=\"widget\" data-widget_type=\"text-editor.default\"><div class=\"elementor-widget-container\">De plus, si vous avez besoin d\u2019une aide pour vous initier \u00e0 la gestion informatique afin de pouvoir rester en contact avec vos proches gr\u00e2ce \u00e0 Internet, nos aidants sauront vous guider.<\/div><\/div>\t\t\t\t\t\t\t\t<\/div>\n\t\t\t\t<\/div>\n\t\t\t\t\t<\/div>\n\t\t\t\t<\/div>\n\t\t<div class=\"elementor-element elementor-element-53dca21 e-flex e-con-boxed e-con e-parent\" data-id=\"53dca21\" data-element_type=\"container\">\n\t\t\t\t\t<div class=\"e-con-inner\">\n\t\t\t\t<div class=\"elementor-element elementor-element-dea10d0 elementor-invisible elementor-widget elementor-widget-heading\" data-id=\"dea10d0\" data-element_type=\"widget\" data-settings=\"{&quot;_animation&quot;:&quot;fadeInUp&quot;}\" data-widget_type=\"heading.default\">\n\t\t\t\t<div class=\"elementor-widget-container\">\n\t\t\t\t\t<h2 class=\"elementor-heading-title elementor-size-default\">Demandez un accompagnement administratif !<\/h2>\t\t\t\t<\/div>\n\t\t\t\t<\/div>\n\t\t\t\t<div class=\"elementor-element elementor-element-a35bce5 elementor-widget__width-initial elementor-invisible elementor-widget elementor-widget-text-editor\" data-id=\"a35bce5\" data-element_type=\"widget\" data-settings=\"{&quot;_animation&quot;:&quot;fadeInUp&quot;}\" data-widget_type=\"text-editor.default\">\n\t\t\t\t<div class=\"elementor-widget-container\">\n\t\t\t\t\t\t\t\t\t<p>Notre entreprise vous propose une large gamme de services pour faciliter votre vie. Nous vous proposons des services de garde d\u2019enfants, d\u2019aide au jardinage et au bricolage, de bien-\u00eatre et de soins \u00e9nerg\u00e9tiques et bien s\u00fbr d\u2019aide administrative et informatique.<\/p><p>Notre \u00e9quipe est d\u00e9vou\u00e9e et disponible pour r\u00e9pondre \u00e0 tous vos besoins. Faire appel \u00e0\u00a0<b>Madame F\u00e9e Tout<\/b>, c\u2019est faire confiance \u00e0 un personnel flexible qui assure un suivi r\u00e9gulier.<\/p><p>Pour plus d\u2019informations sur nos services, n\u2019h\u00e9sitez pas \u00e0 consulter notre site internet ou \u00e0 nous\u00a0<a href=\"https:\/\/madameetmonsieurfeetout.com\/index.php\/contact\/\" target=\"_blank\" rel=\"noopener\">contacter\u00a0<\/a>d\u00e8s maintenant.<\/p>\t\t\t\t\t\t\t\t<\/div>\n\t\t\t\t<\/div>\n\t\t\t\t\t<\/div>\n\t\t\t\t<\/div>\n\t\t\t\t<\/div>\n\t\t","protected":false},"excerpt":{"rendered":"<p>Accompagnement administratif : les avantages ! Lorsque vos activit\u00e9s quotidiennes vous prennent d\u00e9j\u00e0 \u00e9norm\u00e9ment de temps, il peut \u00eatre difficile [&hellip;]<\/p>\n","protected":false},"author":1,"featured_media":0,"parent":0,"menu_order":0,"comment_status":"closed","ping_status":"closed","template":"","meta":{"site-sidebar-layout":"no-sidebar","site-content-layout":"","ast-site-content-layout":"full-width-container","site-content-style":"default","site-sidebar-style":"default","ast-global-header-display":"","ast-banner-title-visibility":"","ast-main-header-display":"","ast-hfb-above-header-display":"","ast-hfb-below-header-display":"","ast-hfb-mobile-header-display":"","site-post-title":"disabled","ast-breadcrumbs-content":"","ast-featured-img":"disabled","footer-sml-layout":"","theme-transparent-header-meta":"","adv-header-id-meta":"","stick-header-meta":"","header-above-stick-meta":"","header-main-stick-meta":"","header-below-stick-meta":"","astra-migrate-meta-layouts":"default","ast-page-background-enabled":"default","ast-page-background-meta":{"desktop":{"background-color":"var(--ast-global-color-5)","background-image":"","background-repeat":"repeat","background-position":"center center","background-size":"auto","background-attachment":"scroll","background-type":"","background-media":"","overlay-type":"","overlay-color":"","overlay-opacity":"","overlay-gradient":""},"tablet":{"background-color":"","background-image":"","background-repeat":"repeat","background-position":"center center","background-size":"auto","background-attachment":"scroll","background-type":"","background-media":"","overlay-type":"","overlay-color":"","overlay-opacity":"","overlay-gradient":""},"mobile":{"background-color":"","background-image":"","background-repeat":"repeat","background-position":"center center","background-size":"auto","background-attachment":"scroll","background-type":"","background-media":"","overlay-type":"","overlay-color":"","overlay-opacity":"","overlay-gradient":""}},"ast-content-background-meta":{"desktop":{"background-color":"var(--ast-global-color-4)","background-image":"","background-repeat":"repeat","background-position":"center center","background-size":"auto","background-attachment":"scroll","background-type":"","background-media":"","overlay-type":"","overlay-color":"","overlay-opacity":"","overlay-gradient":""},"tablet":{"background-color":"var(--ast-global-color-4)","background-image":"","background-repeat":"repeat","background-position":"center center","background-size":"auto","background-attachment":"scroll","background-type":"","background-media":"","overlay-type":"","overlay-color":"","overlay-opacity":"","overlay-gradient":""},"mobile":{"background-color":"var(--ast-global-color-4)","background-image":"","background-repeat":"repeat","background-position":"center center","background-size":"auto","background-attachment":"scroll","background-type":"","background-media":"","overlay-type":"","overlay-color":"","overlay-opacity":"","overlay-gradient":""}},"footnotes":""},"class_list":["post-956","page","type-page","status-publish","hentry"],"yoast_head":"<!-- This site is optimized with the Yoast SEO plugin v25.3.1 - https:\/\/yoast.com\/wordpress\/plugins\/seo\/ -->\n<title>Accompagnement administratif : les avantages ! - MADAME &amp; MONSIEUR F\u00c9ETOUT<\/title>\n<meta name=\"robots\" content=\"index, follow, max-snippet:-1, max-image-preview:large, max-video-preview:-1\" \/>\n<link rel=\"canonical\" href=\"https:\/\/madameetmonsieurfeetout.com\/index.php\/accompagnement-administratif-les-avantages\/\" \/>\n<meta property=\"og:locale\" content=\"en_US\" \/>\n<meta property=\"og:type\" content=\"article\" \/>\n<meta property=\"og:title\" content=\"Accompagnement administratif : les avantages ! - MADAME &amp; MONSIEUR F\u00c9ETOUT\" \/>\n<meta property=\"og:description\" content=\"Accompagnement administratif : les avantages ! Lorsque vos activit\u00e9s quotidiennes vous prennent d\u00e9j\u00e0 \u00e9norm\u00e9ment de temps, il peut \u00eatre difficile [&hellip;]\" \/>\n<meta property=\"og:url\" content=\"https:\/\/madameetmonsieurfeetout.com\/index.php\/accompagnement-administratif-les-avantages\/\" \/>\n<meta property=\"og:site_name\" content=\"MADAME &amp; MONSIEUR F\u00c9ETOUT\" \/>\n<meta property=\"article:modified_time\" content=\"2025-06-06T13:06:39+00:00\" \/>\n<meta property=\"og:image\" content=\"http:\/\/madameetmonsieurfeetout.com\/wp-content\/uploads\/2025\/05\/Mask-group-55-1024x797.png\" \/>\n<meta name=\"twitter:card\" content=\"summary_large_image\" \/>\n<meta name=\"twitter:label1\" content=\"Est. reading time\" \/>\n\t<meta name=\"twitter:data1\" content=\"4 minutes\" \/>\n<script type=\"application\/ld+json\" class=\"yoast-schema-graph\">{\"@context\":\"https:\/\/schema.org\",\"@graph\":[{\"@type\":\"WebPage\",\"@id\":\"https:\/\/madameetmonsieurfeetout.com\/index.php\/accompagnement-administratif-les-avantages\/\",\"url\":\"https:\/\/madameetmonsieurfeetout.com\/index.php\/accompagnement-administratif-les-avantages\/\",\"name\":\"Accompagnement administratif : les avantages ! - MADAME &amp; MONSIEUR F\u00c9ETOUT\",\"isPartOf\":{\"@id\":\"https:\/\/madameetmonsieurfeetout.com\/#website\"},\"primaryImageOfPage\":{\"@id\":\"https:\/\/madameetmonsieurfeetout.com\/index.php\/accompagnement-administratif-les-avantages\/#primaryimage\"},\"image\":{\"@id\":\"https:\/\/madameetmonsieurfeetout.com\/index.php\/accompagnement-administratif-les-avantages\/#primaryimage\"},\"thumbnailUrl\":\"http:\/\/madameetmonsieurfeetout.com\/wp-content\/uploads\/2025\/05\/Mask-group-55-1024x797.png\",\"datePublished\":\"2025-05-30T10:52:20+00:00\",\"dateModified\":\"2025-06-06T13:06:39+00:00\",\"breadcrumb\":{\"@id\":\"https:\/\/madameetmonsieurfeetout.com\/index.php\/accompagnement-administratif-les-avantages\/#breadcrumb\"},\"inLanguage\":\"en-US\",\"potentialAction\":[{\"@type\":\"ReadAction\",\"target\":[\"https:\/\/madameetmonsieurfeetout.com\/index.php\/accompagnement-administratif-les-avantages\/\"]}]},{\"@type\":\"ImageObject\",\"inLanguage\":\"en-US\",\"@id\":\"https:\/\/madameetmonsieurfeetout.com\/index.php\/accompagnement-administratif-les-avantages\/#primaryimage\",\"url\":\"https:\/\/madameetmonsieurfeetout.com\/wp-content\/uploads\/2025\/05\/Mask-group-55.png\",\"contentUrl\":\"https:\/\/madameetmonsieurfeetout.com\/wp-content\/uploads\/2025\/05\/Mask-group-55.png\",\"width\":1824,\"height\":1419},{\"@type\":\"BreadcrumbList\",\"@id\":\"https:\/\/madameetmonsieurfeetout.com\/index.php\/accompagnement-administratif-les-avantages\/#breadcrumb\",\"itemListElement\":[{\"@type\":\"ListItem\",\"position\":1,\"name\":\"Accueil\",\"item\":\"https:\/\/madameetmonsieurfeetout.com\/\"},{\"@type\":\"ListItem\",\"position\":2,\"name\":\"Accompagnement administratif : les avantages !\"}]},{\"@type\":\"WebSite\",\"@id\":\"https:\/\/madameetmonsieurfeetout.com\/#website\",\"url\":\"https:\/\/madameetmonsieurfeetout.com\/\",\"name\":\"MADAME &amp; MONSIEUR F\u00c9ETOUT\",\"description\":\"Un site utilisant WordPress\",\"publisher\":{\"@id\":\"https:\/\/madameetmonsieurfeetout.com\/#organization\"},\"potentialAction\":[{\"@type\":\"SearchAction\",\"target\":{\"@type\":\"EntryPoint\",\"urlTemplate\":\"https:\/\/madameetmonsieurfeetout.com\/?s={search_term_string}\"},\"query-input\":{\"@type\":\"PropertyValueSpecification\",\"valueRequired\":true,\"valueName\":\"search_term_string\"}}],\"inLanguage\":\"en-US\"},{\"@type\":\"Organization\",\"@id\":\"https:\/\/madameetmonsieurfeetout.com\/#organization\",\"name\":\"MADAME &amp; MONSIEUR F\u00c9ETOUT\",\"url\":\"https:\/\/madameetmonsieurfeetout.com\/\",\"logo\":{\"@type\":\"ImageObject\",\"inLanguage\":\"en-US\",\"@id\":\"https:\/\/madameetmonsieurfeetout.com\/#\/schema\/logo\/image\/\",\"url\":\"https:\/\/madameetmonsieurfeetout.com\/wp-content\/uploads\/2025\/05\/cropped-Logo-Mr-Mme-Fee-Tout.png\",\"contentUrl\":\"https:\/\/madameetmonsieurfeetout.com\/wp-content\/uploads\/2025\/05\/cropped-Logo-Mr-Mme-Fee-Tout.png\",\"width\":299,\"height\":185,\"caption\":\"MADAME &amp; MONSIEUR F\u00c9ETOUT\"},\"image\":{\"@id\":\"https:\/\/madameetmonsieurfeetout.com\/#\/schema\/logo\/image\/\"}}]}<\/script>\n<!-- \/ Yoast SEO plugin. -->","yoast_head_json":{"title":"Accompagnement administratif : les avantages ! - MADAME &amp; MONSIEUR F\u00c9ETOUT","robots":{"index":"index","follow":"follow","max-snippet":"max-snippet:-1","max-image-preview":"max-image-preview:large","max-video-preview":"max-video-preview:-1"},"canonical":"https:\/\/madameetmonsieurfeetout.com\/index.php\/accompagnement-administratif-les-avantages\/","og_locale":"en_US","og_type":"article","og_title":"Accompagnement administratif : les avantages ! - MADAME &amp; MONSIEUR F\u00c9ETOUT","og_description":"Accompagnement administratif : les avantages ! Lorsque vos activit\u00e9s quotidiennes vous prennent d\u00e9j\u00e0 \u00e9norm\u00e9ment de temps, il peut \u00eatre difficile [&hellip;]","og_url":"https:\/\/madameetmonsieurfeetout.com\/index.php\/accompagnement-administratif-les-avantages\/","og_site_name":"MADAME &amp; MONSIEUR F\u00c9ETOUT","article_modified_time":"2025-06-06T13:06:39+00:00","og_image":[{"url":"http:\/\/madameetmonsieurfeetout.com\/wp-content\/uploads\/2025\/05\/Mask-group-55-1024x797.png","type":"","width":"","height":""}],"twitter_card":"summary_large_image","twitter_misc":{"Est. reading time":"4 minutes"},"schema":{"@context":"https:\/\/schema.org","@graph":[{"@type":"WebPage","@id":"https:\/\/madameetmonsieurfeetout.com\/index.php\/accompagnement-administratif-les-avantages\/","url":"https:\/\/madameetmonsieurfeetout.com\/index.php\/accompagnement-administratif-les-avantages\/","name":"Accompagnement administratif : les avantages ! - MADAME &amp; MONSIEUR F\u00c9ETOUT","isPartOf":{"@id":"https:\/\/madameetmonsieurfeetout.com\/#website"},"primaryImageOfPage":{"@id":"https:\/\/madameetmonsieurfeetout.com\/index.php\/accompagnement-administratif-les-avantages\/#primaryimage"},"image":{"@id":"https:\/\/madameetmonsieurfeetout.com\/index.php\/accompagnement-administratif-les-avantages\/#primaryimage"},"thumbnailUrl":"http:\/\/madameetmonsieurfeetout.com\/wp-content\/uploads\/2025\/05\/Mask-group-55-1024x797.png","datePublished":"2025-05-30T10:52:20+00:00","dateModified":"2025-06-06T13:06:39+00:00","breadcrumb":{"@id":"https:\/\/madameetmonsieurfeetout.com\/index.php\/accompagnement-administratif-les-avantages\/#breadcrumb"},"inLanguage":"en-US","potentialAction":[{"@type":"ReadAction","target":["https:\/\/madameetmonsieurfeetout.com\/index.php\/accompagnement-administratif-les-avantages\/"]}]},{"@type":"ImageObject","inLanguage":"en-US","@id":"https:\/\/madameetmonsieurfeetout.com\/index.php\/accompagnement-administratif-les-avantages\/#primaryimage","url":"https:\/\/madameetmonsieurfeetout.com\/wp-content\/uploads\/2025\/05\/Mask-group-55.png","contentUrl":"https:\/\/madameetmonsieurfeetout.com\/wp-content\/uploads\/2025\/05\/Mask-group-55.png","width":1824,"height":1419},{"@type":"BreadcrumbList","@id":"https:\/\/madameetmonsieurfeetout.com\/index.php\/accompagnement-administratif-les-avantages\/#breadcrumb","itemListElement":[{"@type":"ListItem","position":1,"name":"Accueil","item":"https:\/\/madameetmonsieurfeetout.com\/"},{"@type":"ListItem","position":2,"name":"Accompagnement administratif : les avantages !"}]},{"@type":"WebSite","@id":"https:\/\/madameetmonsieurfeetout.com\/#website","url":"https:\/\/madameetmonsieurfeetout.com\/","name":"MADAME &amp; MONSIEUR F\u00c9ETOUT","description":"Un site utilisant WordPress","publisher":{"@id":"https:\/\/madameetmonsieurfeetout.com\/#organization"},"potentialAction":[{"@type":"SearchAction","target":{"@type":"EntryPoint","urlTemplate":"https:\/\/madameetmonsieurfeetout.com\/?s={search_term_string}"},"query-input":{"@type":"PropertyValueSpecification","valueRequired":true,"valueName":"search_term_string"}}],"inLanguage":"en-US"},{"@type":"Organization","@id":"https:\/\/madameetmonsieurfeetout.com\/#organization","name":"MADAME &amp; MONSIEUR F\u00c9ETOUT","url":"https:\/\/madameetmonsieurfeetout.com\/","logo":{"@type":"ImageObject","inLanguage":"en-US","@id":"https:\/\/madameetmonsieurfeetout.com\/#\/schema\/logo\/image\/","url":"https:\/\/madameetmonsieurfeetout.com\/wp-content\/uploads\/2025\/05\/cropped-Logo-Mr-Mme-Fee-Tout.png","contentUrl":"https:\/\/madameetmonsieurfeetout.com\/wp-content\/uploads\/2025\/05\/cropped-Logo-Mr-Mme-Fee-Tout.png","width":299,"height":185,"caption":"MADAME &amp; MONSIEUR F\u00c9ETOUT"},"image":{"@id":"https:\/\/madameetmonsieurfeetout.com\/#\/schema\/logo\/image\/"}}]}},"_links":{"self":[{"href":"https:\/\/madameetmonsieurfeetout.com\/index.php\/wp-json\/wp\/v2\/pages\/956","targetHints":{"allow":["GET"]}}],"collection":[{"href":"https:\/\/madameetmonsieurfeetout.com\/index.php\/wp-json\/wp\/v2\/pages"}],"about":[{"href":"https:\/\/madameetmonsieurfeetout.com\/index.php\/wp-json\/wp\/v2\/types\/page"}],"author":[{"embeddable":true,"href":"https:\/\/madameetmonsieurfeetout.com\/index.php\/wp-json\/wp\/v2\/users\/1"}],"replies":[{"embeddable":true,"href":"https:\/\/madameetmonsieurfeetout.com\/index.php\/wp-json\/wp\/v2\/comments?post=956"}],"version-history":[{"count":16,"href":"https:\/\/madameetmonsieurfeetout.com\/index.php\/wp-json\/wp\/v2\/pages\/956\/revisions"}],"predecessor-version":[{"id":1502,"href":"https:\/\/madameetmonsieurfeetout.com\/index.php\/wp-json\/wp\/v2\/pages\/956\/revisions\/1502"}],"wp:attachment":[{"href":"https:\/\/madameetmonsieurfeetout.com\/index.php\/wp-json\/wp\/v2\/media?parent=956"}],"curies":[{"name":"wp","href":"https:\/\/api.w.org\/{rel}","templated":true}]}}