{"id":700,"date":"2025-05-27T11:58:56","date_gmt":"2025-05-27T09:58:56","guid":{"rendered":"https:\/\/madameetmonsieurfeetout.com\/?page_id=700"},"modified":"2025-06-06T12:35:36","modified_gmt":"2025-06-06T10:35:36","slug":"bricolage-a-domicile","status":"publish","type":"page","link":"https:\/\/madameetmonsieurfeetout.com\/index.php\/bricolage-a-domicile\/","title":{"rendered":"Bricolage \u00e0 domicile : l\u2019expertise de notre entreprise \u00e0 votre service"},"content":{"rendered":"\t\t<div data-elementor-type=\"wp-page\" data-elementor-id=\"700\" class=\"elementor elementor-700\">\n\t\t\t\t\t\t<section class=\"elementor-section elementor-top-section elementor-element elementor-element-5c922b6 elementor-section-height-min-height elementor-section-content-middle elementor-section-full_width elementor-section-height-default elementor-section-items-middle\" data-id=\"5c922b6\" data-element_type=\"section\" data-settings=\"{&quot;background_background&quot;:&quot;classic&quot;}\">\n\t\t\t\t\t\t\t<div class=\"elementor-background-overlay\"><\/div>\n\t\t\t\t\t\t\t<div class=\"elementor-container elementor-column-gap-default\">\n\t\t\t\t\t<div class=\"elementor-column elementor-col-100 elementor-top-column elementor-element elementor-element-d573ab0\" data-id=\"d573ab0\" data-element_type=\"column\" data-settings=\"{&quot;background_background&quot;:&quot;classic&quot;}\">\n\t\t\t<div class=\"elementor-widget-wrap elementor-element-populated\">\n\t\t\t\t\t<div class=\"elementor-background-overlay\"><\/div>\n\t\t\t\t\t\t<div class=\"elementor-element elementor-element-ff11bee elementor-widget elementor-widget-heading\" data-id=\"ff11bee\" data-element_type=\"widget\" data-widget_type=\"heading.default\">\n\t\t\t\t<div class=\"elementor-widget-container\">\n\t\t\t\t\t<h2 class=\"elementor-heading-title elementor-size-default\">Bricolage \u00e0 domicile : l\u2019expertise de notre\n entreprise \u00e0 votre service<\/h2>\t\t\t\t<\/div>\n\t\t\t\t<\/div>\n\t\t\t\t\t<\/div>\n\t\t<\/div>\n\t\t\t\t\t<\/div>\n\t\t<\/section>\n\t\t<div class=\"elementor-element elementor-element-ae80eae e-flex e-con-boxed e-con e-parent\" data-id=\"ae80eae\" data-element_type=\"container\">\n\t\t\t\t\t<div class=\"e-con-inner\">\n\t\t\t\t<div class=\"elementor-element elementor-element-43afe3d elementor-widget elementor-widget-spacer\" data-id=\"43afe3d\" data-element_type=\"widget\" data-widget_type=\"spacer.default\">\n\t\t\t\t<div class=\"elementor-widget-container\">\n\t\t\t\t\t\t\t<div class=\"elementor-spacer\">\n\t\t\t<div class=\"elementor-spacer-inner\"><\/div>\n\t\t<\/div>\n\t\t\t\t\t\t<\/div>\n\t\t\t\t<\/div>\n\t\t\t\t<div class=\"elementor-element elementor-element-f53f745 elementor-widget__width-initial elementor-widget elementor-widget-text-editor\" data-id=\"f53f745\" data-element_type=\"widget\" data-widget_type=\"text-editor.default\">\n\t\t\t\t<div class=\"elementor-widget-container\">\n\t\t\t\t\t\t\t\t\t<div class=\"page\" title=\"Page 2\"><div class=\"layoutArea\"><div class=\"column\"><div class=\"page\" title=\"Page 13\"><div class=\"layoutArea\"><div class=\"column\"><p>Vous aspirez a\u0300 transformer votre espace inte\u0301rieur, re\u0301nover une pie\u0300ce ou prendre soin de votre jardin, mais vous vous trouvez confronte\u0301 au manque de temps ou de compe\u0301tences ne\u0301cessaires ? Ne vous inquie\u0301tez pas, Madame Fe\u0301e Tout est la\u0300 pour vous accompagner ! Nous sommes une entreprise spe\u0301cialise\u0301e dans le bricolage a\u0300 domicile, offrant une large gamme de services pour re\u0301pondre a\u0300 tous vos besoins en matie\u0300re de bricolage et de jardinage. Que vous envisagiez de re\u0301nover votre salon, d\u2019ame\u0301nager une chambre, de refaire votre cuisine ou simplement de relooker votre jardin, notre e\u0301quipe est pre\u0302te a\u0300 vous aider a\u0300 concre\u0301tiser vos projets. Chez Madame Fe\u0301e Tout, nous comprenons que la vie quotidienne peut e\u0302tre mouvemente\u0301e, c\u2019est pourquoi nous nous engageons a\u0300 vous offrir des solutions sur mesure, adapte\u0301es a\u0300 vos besoins spe\u0301cifiques et a\u0300 votre emploi du temps charge\u0301. Gra\u0302ce a\u0300 notre expertise et a\u0300 notre savoir-faire, nous sommes en mesure de prendre en charge tous types de travaux, des plus simples aux plus complexes. Que ce soit pour des travaux de peinture, d\u2019installation d\u2019e\u0301tage\u0300res, de pose de reve\u0302tements de sol, de montage de meubles ou de petits travaux de plomberie, notre e\u0301quipe qualifie\u0301e est la\u0300 pour vous fournir des re\u0301sultats impeccables, dans le respect des de\u0301lais convenus.<\/p><\/div><\/div><\/div><\/div><\/div><\/div>\t\t\t\t\t\t\t\t<\/div>\n\t\t\t\t<\/div>\n\t\t\t\t\t<\/div>\n\t\t\t\t<\/div>\n\t\t<div class=\"elementor-element elementor-element-ee49b9a e-flex e-con-boxed e-con e-parent\" data-id=\"ee49b9a\" data-element_type=\"container\">\n\t\t\t\t\t<div class=\"e-con-inner\">\n\t\t\t\t<div class=\"elementor-element elementor-element-6e1b6bf elementor-widget elementor-widget-heading\" data-id=\"6e1b6bf\" data-element_type=\"widget\" data-widget_type=\"heading.default\">\n\t\t\t\t<div class=\"elementor-widget-container\">\n\t\t\t\t\t<h2 class=\"elementor-heading-title elementor-size-default\">Des services vari\u00e9s pour tous vos projets de bricolage et jardinage<\/h2>\t\t\t\t<\/div>\n\t\t\t\t<\/div>\n\t\t\t\t<div class=\"elementor-element elementor-element-45c4fb8 elementor-widget__width-initial elementor-widget elementor-widget-text-editor\" data-id=\"45c4fb8\" data-element_type=\"widget\" data-widget_type=\"text-editor.default\">\n\t\t\t\t<div class=\"elementor-widget-container\">\n\t\t\t\t\t\t\t\t\t<div class=\"page\" title=\"Page 2\"><div class=\"layoutArea\"><div class=\"column\"><div class=\"page\" title=\"Page 13\"><div class=\"layoutArea\"><div class=\"column\"><p>Quels que soient l\u2019ampleur ou la complexite\u0301 de vos projets de re\u0301novation ou d\u2019entretien, nos bricoleurs expe\u0301rimente\u0301s sont pre\u0302ts a\u0300 re\u0301pondre a\u0300 toutes vos exigences. Que vous ayez besoin d\u2019effectuer des travaux e\u0301lectriques tels que l\u2019installation d\u2019un interrupteur, des interventions en plomberie pour re\u0301parer une fuite d\u2019eau ou installer un nouvel e\u0301vier, ou me\u0302me pour des ta\u0302ches simples telles que poser un rideau ou repeindre une pie\u0300ce, notre e\u0301quipe est la\u0300 pour vous accompagner. En outre, nous proposons une large gamme de services, y compris la menuiserie pour la re\u0301paration de boiseries, la mac\u0327onnerie pour des projets de re\u0301novation, le montage de meubles pour simplifier votre quotidien, la tapisserie pour redonner vie a\u0300 vos murs, et bien plus encore. Chez Madame Fe\u0301e Tout, nous croyons fermement qu\u2019aucun projet n\u2019est trop grand ni trop petit, et nous nous engageons a\u0300 fournir a\u0300 nos clients des solutions sur mesure et de haute qualite\u0301 pour re\u0301pondre a\u0300 tous leurs besoins en matie\u0300re de bricolage et de re\u0301novation.<\/p><\/div><\/div><\/div><\/div><\/div><\/div>\t\t\t\t\t\t\t\t<\/div>\n\t\t\t\t<\/div>\n\t\t\t\t\t<\/div>\n\t\t\t\t<\/div>\n\t\t<div class=\"elementor-element elementor-element-c1279bd e-flex e-con-boxed e-con e-parent\" data-id=\"c1279bd\" data-element_type=\"container\">\n\t\t\t\t\t<div class=\"e-con-inner\">\n\t\t\t\t<div class=\"elementor-element elementor-element-1eb16da elementor-widget elementor-widget-heading\" data-id=\"1eb16da\" data-element_type=\"widget\" data-widget_type=\"heading.default\">\n\t\t\t\t<div class=\"elementor-widget-container\">\n\t\t\t\t\t<h2 class=\"elementor-heading-title elementor-size-default\">Un savoir-faire professionnel pour des r\u00e9sultats impeccables\n<\/h2>\t\t\t\t<\/div>\n\t\t\t\t<\/div>\n\t\t\t\t\t<\/div>\n\t\t\t\t<\/div>\n\t\t<div class=\"elementor-element elementor-element-fcc94b5 e-flex e-con-boxed e-con e-parent\" data-id=\"fcc94b5\" data-element_type=\"container\">\n\t\t\t\t\t<div class=\"e-con-inner\">\n\t\t\t\t<div class=\"elementor-element elementor-element-354a38f elementor-widget elementor-widget-heading\" data-id=\"354a38f\" data-element_type=\"widget\" data-widget_type=\"heading.default\">\n\t\t\t\t<div class=\"elementor-widget-container\">\n\t\t\t\t\t<h2 class=\"elementor-heading-title elementor-size-default\">Des interventions rapides et efficaces \u00e0 domicile<\/h2>\t\t\t\t<\/div>\n\t\t\t\t<\/div>\n\t\t\t\t\t<\/div>\n\t\t\t\t<\/div>\n\t\t<div class=\"elementor-element elementor-element-12a2b8e e-flex e-con-boxed e-con e-parent\" data-id=\"12a2b8e\" data-element_type=\"container\">\n\t\t\t\t\t<div class=\"e-con-inner\">\n\t\t\t\t<div class=\"elementor-element elementor-element-fcb6a97 elementor-widget__width-initial elementor-widget elementor-widget-text-editor\" data-id=\"fcb6a97\" data-element_type=\"widget\" data-widget_type=\"text-editor.default\">\n\t\t\t\t<div class=\"elementor-widget-container\">\n\t\t\t\t\t\t\t\t\t<div class=\"page\" title=\"Page 2\"><div class=\"layoutArea\"><div class=\"column\"><div class=\"page\" title=\"Page 13\"><div class=\"layoutArea\"><div class=\"column\"><div class=\"page\" title=\"Page 13\"><div class=\"layoutArea\"><div class=\"column\"><p>Nous sommes conscients que chaque minute est pre\u0301cieuse dans votre emploi du temps charge\u0301, c\u2019est pourquoi nous nous engageons a\u0300 intervenir rapidement et efficacement chez vous. Que vous rencontriez un proble\u0300me ne\u0301cessitant un de\u0301pannage en urgence ou que vous planifiiez des travaux a\u0300 l\u2019avance, notre e\u0301quipe est l\u00e0 pour re\u0301pondre a\u0300 vos besoins dans les meilleurs de\u0301lais. Nous comprenons l\u2019importance de minimiser les interruptions dans votre quotidien, c\u2019est pourquoi nous nous efforc\u0327ons de fournir un service re\u0301actif et ponctuel. Avec Madame Fe\u0301e Tout, vous pouvez avoir l\u2019assurance que vos travaux seront pris en charge avec diligence et professionnalisme, vous permettant ainsi de retrouver rapidement un environnement de vie confortable et fonctionnel.<\/p><p>Chez Madame Fe\u0301e Tout, nous plac\u0327ons la satisfaction de nos clients au c\u0153ur de nos priorite\u0301s. Nous nous engageons fermement a\u0300 fournir des services de la plus haute qualite\u0301, exe\u0301cute\u0301s par nos bricoleurs qualifie\u0301s et expe\u0301rimente\u0301s. Avec les outils ade\u0301quats et une expertise ave\u0301re\u0301e, nos artisans sont a\u0300 me\u0302me de prendre en charge tous types de travaux, qu\u2019ils soient simples ou complexes. Que vous ne\u0301cessitiez une simple re\u0301paration ou une re\u0301novation comple\u0300te, notre e\u0301quipe est la\u0300 pour vous accompagner a\u0300 chaque e\u0301tape de votre projet. Vous pouvez avoir pleinement confiance en notre capacite\u0301 a\u0300 re\u0301aliser vos travaux de bricolage et de jardinage avec professionnalisme, pre\u0301cision et efficacite\u0301, vous garantissant ainsi la tranquillite\u0301 d\u2019esprit que vous me\u0301ritez. Chez Madame Fe\u0301e Tout, votre satisfaction est notre plus grande re\u0301ussite.<\/p><\/div><\/div><\/div><\/div><\/div><\/div><\/div><\/div><\/div>\t\t\t\t\t\t\t\t<\/div>\n\t\t\t\t<\/div>\n\t\t\t\t\t<\/div>\n\t\t\t\t<\/div>\n\t\t<div class=\"elementor-element elementor-element-2427356 e-flex e-con-boxed e-con e-parent\" data-id=\"2427356\" data-element_type=\"container\">\n\t\t\t\t\t<div class=\"e-con-inner\">\n\t\t\t\t<div class=\"elementor-element elementor-element-eda1514 elementor-widget elementor-widget-heading\" data-id=\"eda1514\" data-element_type=\"widget\" data-widget_type=\"heading.default\">\n\t\t\t\t<div class=\"elementor-widget-container\">\n\t\t\t\t\t<h2 class=\"elementor-heading-title elementor-size-default\">Faites appel \u00e0 nos services de bricolage \u00e0 domicile d\u00e8s aujourd'hui !<\/h2>\t\t\t\t<\/div>\n\t\t\t\t<\/div>\n\t\t\t\t<div class=\"elementor-element elementor-element-cf3b080 elementor-widget__width-initial elementor-widget elementor-widget-text-editor\" data-id=\"cf3b080\" data-element_type=\"widget\" data-widget_type=\"text-editor.default\">\n\t\t\t\t<div class=\"elementor-widget-container\">\n\t\t\t\t\t\t\t\t\t<div class=\"page\" title=\"Page 2\"><div class=\"layoutArea\"><div class=\"column\"><div class=\"page\" title=\"Page 13\"><div class=\"layoutArea\"><div class=\"column\"><div class=\"page\" title=\"Page 13\"><div class=\"layoutArea\"><div class=\"column\"><p>Que vous ayez besoin d\u2019installer des e\u0301tage\u0300res, de re\u0301parer une fuite d\u2019eau, ou d\u2019entretenir votre pelouse, l\u2019e\u0301quipe de Madame Fe\u0301e Tout est la\u0300 pour vous accompagner a\u0300 chaque e\u0301tape de vos projets. Contactez-nous de\u0300s maintenant pour obtenir un devis gratuit et sans engagement. Avec nos services de bricolage a\u0300 domicile, simplifiez-vous la vie et profitez d\u2019un inte\u0301rieur impeccablement ame\u0301nage\u0301 ainsi que d\u2019un jardin parfaitement entretenu ! Ne tardez pas a\u0300 nous contacter de\u0300s aujourd\u2019hui pour discuter de vos besoins et planifier votre prochain projet. Chez Madame Fe\u0301e Tout, nous sommes la\u0300 pour re\u0301aliser vos re\u0302ves d\u2019ame\u0301nagement inte\u0301rieur et d\u2019entretien exte\u0301rieur.<\/p><\/div><\/div><\/div><\/div><\/div><\/div><\/div><\/div><\/div>\t\t\t\t\t\t\t\t<\/div>\n\t\t\t\t<\/div>\n\t\t\t\t\t<\/div>\n\t\t\t\t<\/div>\n\t\t\t\t<\/div>\n\t\t","protected":false},"excerpt":{"rendered":"<p>Bricolage \u00e0 domicile : l\u2019expertise de notre entreprise \u00e0 votre service Vous aspirez a\u0300 transformer votre espace inte\u0301rieur, re\u0301nover une [&hellip;]<\/p>\n","protected":false},"author":1,"featured_media":0,"parent":0,"menu_order":0,"comment_status":"closed","ping_status":"closed","template":"","meta":{"site-sidebar-layout":"no-sidebar","site-content-layout":"","ast-site-content-layout":"full-width-container","site-content-style":"default","site-sidebar-style":"default","ast-global-header-display":"","ast-banner-title-visibility":"","ast-main-header-display":"","ast-hfb-above-header-display":"","ast-hfb-below-header-display":"","ast-hfb-mobile-header-display":"","site-post-title":"disabled","ast-breadcrumbs-content":"","ast-featured-img":"disabled","footer-sml-layout":"","theme-transparent-header-meta":"","adv-header-id-meta":"","stick-header-meta":"","header-above-stick-meta":"","header-main-stick-meta":"","header-below-stick-meta":"","astra-migrate-meta-layouts":"default","ast-page-background-enabled":"default","ast-page-background-meta":{"desktop":{"background-color":"var(--ast-global-color-5)","background-image":"","background-repeat":"repeat","background-position":"center center","background-size":"auto","background-attachment":"scroll","background-type":"","background-media":"","overlay-type":"","overlay-color":"","overlay-opacity":"","overlay-gradient":""},"tablet":{"background-color":"","background-image":"","background-repeat":"repeat","background-position":"center center","background-size":"auto","background-attachment":"scroll","background-type":"","background-media":"","overlay-type":"","overlay-color":"","overlay-opacity":"","overlay-gradient":""},"mobile":{"background-color":"","background-image":"","background-repeat":"repeat","background-position":"center center","background-size":"auto","background-attachment":"scroll","background-type":"","background-media":"","overlay-type":"","overlay-color":"","overlay-opacity":"","overlay-gradient":""}},"ast-content-background-meta":{"desktop":{"background-color":"var(--ast-global-color-4)","background-image":"","background-repeat":"repeat","background-position":"center center","background-size":"auto","background-attachment":"scroll","background-type":"","background-media":"","overlay-type":"","overlay-color":"","overlay-opacity":"","overlay-gradient":""},"tablet":{"background-color":"var(--ast-global-color-4)","background-image":"","background-repeat":"repeat","background-position":"center center","background-size":"auto","background-attachment":"scroll","background-type":"","background-media":"","overlay-type":"","overlay-color":"","overlay-opacity":"","overlay-gradient":""},"mobile":{"background-color":"var(--ast-global-color-4)","background-image":"","background-repeat":"repeat","background-position":"center center","background-size":"auto","background-attachment":"scroll","background-type":"","background-media":"","overlay-type":"","overlay-color":"","overlay-opacity":"","overlay-gradient":""}},"footnotes":""},"class_list":["post-700","page","type-page","status-publish","hentry"],"yoast_head":"<!-- This site is optimized with the Yoast SEO plugin v25.3.1 - https:\/\/yoast.com\/wordpress\/plugins\/seo\/ -->\n<title>Bricolage \u00e0 domicile : l\u2019expertise de notre entreprise \u00e0 votre service - MADAME &amp; MONSIEUR F\u00c9ETOUT<\/title>\n<meta name=\"robots\" content=\"index, follow, max-snippet:-1, max-image-preview:large, max-video-preview:-1\" \/>\n<link rel=\"canonical\" href=\"https:\/\/madameetmonsieurfeetout.com\/index.php\/bricolage-a-domicile\/\" \/>\n<meta property=\"og:locale\" content=\"en_US\" \/>\n<meta property=\"og:type\" content=\"article\" \/>\n<meta property=\"og:title\" content=\"Bricolage \u00e0 domicile : l\u2019expertise de notre entreprise \u00e0 votre service - MADAME &amp; MONSIEUR F\u00c9ETOUT\" \/>\n<meta property=\"og:description\" content=\"Bricolage \u00e0 domicile : l\u2019expertise de notre entreprise \u00e0 votre service Vous aspirez a\u0300 transformer votre espace inte\u0301rieur, re\u0301nover une [&hellip;]\" \/>\n<meta property=\"og:url\" content=\"https:\/\/madameetmonsieurfeetout.com\/index.php\/bricolage-a-domicile\/\" \/>\n<meta property=\"og:site_name\" content=\"MADAME &amp; MONSIEUR F\u00c9ETOUT\" \/>\n<meta property=\"article:modified_time\" content=\"2025-06-06T10:35:36+00:00\" \/>\n<meta name=\"twitter:card\" content=\"summary_large_image\" \/>\n<meta name=\"twitter:label1\" content=\"Est. reading time\" \/>\n\t<meta name=\"twitter:data1\" content=\"4 minutes\" \/>\n<script type=\"application\/ld+json\" class=\"yoast-schema-graph\">{\"@context\":\"https:\/\/schema.org\",\"@graph\":[{\"@type\":\"WebPage\",\"@id\":\"https:\/\/madameetmonsieurfeetout.com\/index.php\/bricolage-a-domicile\/\",\"url\":\"https:\/\/madameetmonsieurfeetout.com\/index.php\/bricolage-a-domicile\/\",\"name\":\"Bricolage \u00e0 domicile : l\u2019expertise de notre entreprise \u00e0 votre service - MADAME &amp; MONSIEUR F\u00c9ETOUT\",\"isPartOf\":{\"@id\":\"https:\/\/madameetmonsieurfeetout.com\/#website\"},\"datePublished\":\"2025-05-27T09:58:56+00:00\",\"dateModified\":\"2025-06-06T10:35:36+00:00\",\"breadcrumb\":{\"@id\":\"https:\/\/madameetmonsieurfeetout.com\/index.php\/bricolage-a-domicile\/#breadcrumb\"},\"inLanguage\":\"en-US\",\"potentialAction\":[{\"@type\":\"ReadAction\",\"target\":[\"https:\/\/madameetmonsieurfeetout.com\/index.php\/bricolage-a-domicile\/\"]}]},{\"@type\":\"BreadcrumbList\",\"@id\":\"https:\/\/madameetmonsieurfeetout.com\/index.php\/bricolage-a-domicile\/#breadcrumb\",\"itemListElement\":[{\"@type\":\"ListItem\",\"position\":1,\"name\":\"Accueil\",\"item\":\"https:\/\/madameetmonsieurfeetout.com\/\"},{\"@type\":\"ListItem\",\"position\":2,\"name\":\"Bricolage \u00e0 domicile : l\u2019expertise de notre entreprise \u00e0 votre service\"}]},{\"@type\":\"WebSite\",\"@id\":\"https:\/\/madameetmonsieurfeetout.com\/#website\",\"url\":\"https:\/\/madameetmonsieurfeetout.com\/\",\"name\":\"MADAME &amp; MONSIEUR F\u00c9ETOUT\",\"description\":\"Un site utilisant WordPress\",\"publisher\":{\"@id\":\"https:\/\/madameetmonsieurfeetout.com\/#organization\"},\"potentialAction\":[{\"@type\":\"SearchAction\",\"target\":{\"@type\":\"EntryPoint\",\"urlTemplate\":\"https:\/\/madameetmonsieurfeetout.com\/?s={search_term_string}\"},\"query-input\":{\"@type\":\"PropertyValueSpecification\",\"valueRequired\":true,\"valueName\":\"search_term_string\"}}],\"inLanguage\":\"en-US\"},{\"@type\":\"Organization\",\"@id\":\"https:\/\/madameetmonsieurfeetout.com\/#organization\",\"name\":\"MADAME &amp; MONSIEUR F\u00c9ETOUT\",\"url\":\"https:\/\/madameetmonsieurfeetout.com\/\",\"logo\":{\"@type\":\"ImageObject\",\"inLanguage\":\"en-US\",\"@id\":\"https:\/\/madameetmonsieurfeetout.com\/#\/schema\/logo\/image\/\",\"url\":\"https:\/\/madameetmonsieurfeetout.com\/wp-content\/uploads\/2025\/05\/cropped-Logo-Mr-Mme-Fee-Tout.png\",\"contentUrl\":\"https:\/\/madameetmonsieurfeetout.com\/wp-content\/uploads\/2025\/05\/cropped-Logo-Mr-Mme-Fee-Tout.png\",\"width\":299,\"height\":185,\"caption\":\"MADAME &amp; MONSIEUR F\u00c9ETOUT\"},\"image\":{\"@id\":\"https:\/\/madameetmonsieurfeetout.com\/#\/schema\/logo\/image\/\"}}]}<\/script>\n<!-- \/ Yoast SEO plugin. -->","yoast_head_json":{"title":"Bricolage \u00e0 domicile : l\u2019expertise de notre entreprise \u00e0 votre service - MADAME &amp; MONSIEUR F\u00c9ETOUT","robots":{"index":"index","follow":"follow","max-snippet":"max-snippet:-1","max-image-preview":"max-image-preview:large","max-video-preview":"max-video-preview:-1"},"canonical":"https:\/\/madameetmonsieurfeetout.com\/index.php\/bricolage-a-domicile\/","og_locale":"en_US","og_type":"article","og_title":"Bricolage \u00e0 domicile : l\u2019expertise de notre entreprise \u00e0 votre service - MADAME &amp; MONSIEUR F\u00c9ETOUT","og_description":"Bricolage \u00e0 domicile : l\u2019expertise de notre entreprise \u00e0 votre service Vous aspirez a\u0300 transformer votre espace inte\u0301rieur, re\u0301nover une [&hellip;]","og_url":"https:\/\/madameetmonsieurfeetout.com\/index.php\/bricolage-a-domicile\/","og_site_name":"MADAME &amp; MONSIEUR F\u00c9ETOUT","article_modified_time":"2025-06-06T10:35:36+00:00","twitter_card":"summary_large_image","twitter_misc":{"Est. reading time":"4 minutes"},"schema":{"@context":"https:\/\/schema.org","@graph":[{"@type":"WebPage","@id":"https:\/\/madameetmonsieurfeetout.com\/index.php\/bricolage-a-domicile\/","url":"https:\/\/madameetmonsieurfeetout.com\/index.php\/bricolage-a-domicile\/","name":"Bricolage \u00e0 domicile : l\u2019expertise de notre entreprise \u00e0 votre service - MADAME &amp; MONSIEUR F\u00c9ETOUT","isPartOf":{"@id":"https:\/\/madameetmonsieurfeetout.com\/#website"},"datePublished":"2025-05-27T09:58:56+00:00","dateModified":"2025-06-06T10:35:36+00:00","breadcrumb":{"@id":"https:\/\/madameetmonsieurfeetout.com\/index.php\/bricolage-a-domicile\/#breadcrumb"},"inLanguage":"en-US","potentialAction":[{"@type":"ReadAction","target":["https:\/\/madameetmonsieurfeetout.com\/index.php\/bricolage-a-domicile\/"]}]},{"@type":"BreadcrumbList","@id":"https:\/\/madameetmonsieurfeetout.com\/index.php\/bricolage-a-domicile\/#breadcrumb","itemListElement":[{"@type":"ListItem","position":1,"name":"Accueil","item":"https:\/\/madameetmonsieurfeetout.com\/"},{"@type":"ListItem","position":2,"name":"Bricolage \u00e0 domicile : l\u2019expertise de notre entreprise \u00e0 votre service"}]},{"@type":"WebSite","@id":"https:\/\/madameetmonsieurfeetout.com\/#website","url":"https:\/\/madameetmonsieurfeetout.com\/","name":"MADAME &amp; MONSIEUR F\u00c9ETOUT","description":"Un site utilisant WordPress","publisher":{"@id":"https:\/\/madameetmonsieurfeetout.com\/#organization"},"potentialAction":[{"@type":"SearchAction","target":{"@type":"EntryPoint","urlTemplate":"https:\/\/madameetmonsieurfeetout.com\/?s={search_term_string}"},"query-input":{"@type":"PropertyValueSpecification","valueRequired":true,"valueName":"search_term_string"}}],"inLanguage":"en-US"},{"@type":"Organization","@id":"https:\/\/madameetmonsieurfeetout.com\/#organization","name":"MADAME &amp; MONSIEUR F\u00c9ETOUT","url":"https:\/\/madameetmonsieurfeetout.com\/","logo":{"@type":"ImageObject","inLanguage":"en-US","@id":"https:\/\/madameetmonsieurfeetout.com\/#\/schema\/logo\/image\/","url":"https:\/\/madameetmonsieurfeetout.com\/wp-content\/uploads\/2025\/05\/cropped-Logo-Mr-Mme-Fee-Tout.png","contentUrl":"https:\/\/madameetmonsieurfeetout.com\/wp-content\/uploads\/2025\/05\/cropped-Logo-Mr-Mme-Fee-Tout.png","width":299,"height":185,"caption":"MADAME &amp; MONSIEUR F\u00c9ETOUT"},"image":{"@id":"https:\/\/madameetmonsieurfeetout.com\/#\/schema\/logo\/image\/"}}]}},"_links":{"self":[{"href":"https:\/\/madameetmonsieurfeetout.com\/index.php\/wp-json\/wp\/v2\/pages\/700","targetHints":{"allow":["GET"]}}],"collection":[{"href":"https:\/\/madameetmonsieurfeetout.com\/index.php\/wp-json\/wp\/v2\/pages"}],"about":[{"href":"https:\/\/madameetmonsieurfeetout.com\/index.php\/wp-json\/wp\/v2\/types\/page"}],"author":[{"embeddable":true,"href":"https:\/\/madameetmonsieurfeetout.com\/index.php\/wp-json\/wp\/v2\/users\/1"}],"replies":[{"embeddable":true,"href":"https:\/\/madameetmonsieurfeetout.com\/index.php\/wp-json\/wp\/v2\/comments?post=700"}],"version-history":[{"count":16,"href":"https:\/\/madameetmonsieurfeetout.com\/index.php\/wp-json\/wp\/v2\/pages\/700\/revisions"}],"predecessor-version":[{"id":1444,"href":"https:\/\/madameetmonsieurfeetout.com\/index.php\/wp-json\/wp\/v2\/pages\/700\/revisions\/1444"}],"wp:attachment":[{"href":"https:\/\/madameetmonsieurfeetout.com\/index.php\/wp-json\/wp\/v2\/media?parent=700"}],"curies":[{"name":"wp","href":"https:\/\/api.w.org\/{rel}","templated":true}]}}