{"id":668,"date":"2025-05-27T10:46:00","date_gmt":"2025-05-27T08:46:00","guid":{"rendered":"https:\/\/madameetmonsieurfeetout.com\/?page_id=668"},"modified":"2025-06-20T16:11:53","modified_gmt":"2025-06-20T14:11:53","slug":"emission-les-experts-aidants","status":"publish","type":"page","link":"https:\/\/madameetmonsieurfeetout.com\/index.php\/emission-les-experts-aidants\/","title":{"rendered":"Emission &#8220;Les Experts Aidants&#8221;"},"content":{"rendered":"\t\t<div data-elementor-type=\"wp-page\" data-elementor-id=\"668\" class=\"elementor elementor-668\">\n\t\t\t\t<div class=\"elementor-element elementor-element-33a0342 e-flex e-con-boxed e-con e-parent\" data-id=\"33a0342\" data-element_type=\"container\" data-settings=\"{&quot;background_background&quot;:&quot;gradient&quot;}\">\n\t\t\t\t\t<div class=\"e-con-inner\">\n\t\t\t\t<div class=\"elementor-element elementor-element-0fcd39a elementor-invisible elementor-widget elementor-widget-heading\" data-id=\"0fcd39a\" data-element_type=\"widget\" data-settings=\"{&quot;_animation&quot;:&quot;fadeInDown&quot;}\" data-widget_type=\"heading.default\">\n\t\t\t\t<div class=\"elementor-widget-container\">\n\t\t\t\t\t<h2 class=\"elementor-heading-title elementor-size-default\">Emission \"Les Experts Aidants\"<\/h2>\t\t\t\t<\/div>\n\t\t\t\t<\/div>\n\t\t\t\t\t<\/div>\n\t\t\t\t<\/div>\n\t\t<div class=\"elementor-element elementor-element-fba87e2 e-flex e-con-boxed e-con e-parent\" data-id=\"fba87e2\" data-element_type=\"container\">\n\t\t\t\t\t<div class=\"e-con-inner\">\n\t\t<div class=\"elementor-element elementor-element-87821e3 e-con-full e-flex e-con e-child\" data-id=\"87821e3\" data-element_type=\"container\">\n\t\t<div class=\"elementor-element elementor-element-14c4abf e-con-full e-flex e-con e-child\" data-id=\"14c4abf\" data-element_type=\"container\">\n\t\t\t\t<div class=\"elementor-element elementor-element-6e44c02 elementor-invisible elementor-widget elementor-widget-image\" data-id=\"6e44c02\" data-element_type=\"widget\" data-settings=\"{&quot;_animation&quot;:&quot;fadeInRight&quot;}\" data-widget_type=\"image.default\">\n\t\t\t\t<div class=\"elementor-widget-container\">\n\t\t\t\t\t\t\t\t\t\t\t\t\t\t\t<img fetchpriority=\"high\" decoding=\"async\" width=\"1024\" height=\"808\" src=\"https:\/\/madameetmonsieurfeetout.com\/wp-content\/uploads\/2025\/05\/Mask-group-46-1024x808.png\" class=\"attachment-large size-large wp-image-584\" alt=\"\" srcset=\"https:\/\/madameetmonsieurfeetout.com\/wp-content\/uploads\/2025\/05\/Mask-group-46-1024x808.png 1024w, https:\/\/madameetmonsieurfeetout.com\/wp-content\/uploads\/2025\/05\/Mask-group-46-300x237.png 300w, https:\/\/madameetmonsieurfeetout.com\/wp-content\/uploads\/2025\/05\/Mask-group-46-768x606.png 768w, https:\/\/madameetmonsieurfeetout.com\/wp-content\/uploads\/2025\/05\/Mask-group-46-1536x1213.png 1536w, https:\/\/madameetmonsieurfeetout.com\/wp-content\/uploads\/2025\/05\/Mask-group-46-2048x1617.png 2048w\" sizes=\"(max-width: 1024px) 100vw, 1024px\" \/>\t\t\t\t\t\t\t\t\t\t\t\t\t\t\t<\/div>\n\t\t\t\t<\/div>\n\t\t\t\t<\/div>\n\t\t\t\t<div class=\"elementor-element elementor-element-13635cf elementor-widget-mobile__width-initial elementor-invisible elementor-widget elementor-widget-text-editor\" data-id=\"13635cf\" data-element_type=\"widget\" data-settings=\"{&quot;_animation&quot;:&quot;fadeInLeft&quot;}\" data-widget_type=\"text-editor.default\">\n\t\t\t\t<div class=\"elementor-widget-container\">\n\t\t\t\t\t\t\t\t\t<div class=\"page\" title=\"Page 2\"><div class=\"layoutArea\"><div class=\"column\"><div class=\"page\" title=\"Page 14\"><div class=\"layoutArea\"><div class=\"column\"><p>L\u2019e\u0301mission \u00ab Les experts aidants \u00bb fait re\u0301gulie\u0300rement les jeudis a\u0300 9h00 un focus sur la the\u0301matique des aidants. Aujourd\u2019hui plus de 11 millions de Franc\u0327ais sont confronte\u0301s a\u0300 cette situation d\u2019accompagnement d\u2019un proche (enfant ou adulte).<\/p><p>Les animatrices Chantalle Dolmen et Ornella Damperon au co\u0302te\u0301 de leur expert(e) du jour, explorent et balayent durant 1h, les difficulte\u0301s des aidants face a\u0300 la perte d\u2019autonomie, le handicap, la maladie, les accidents de vie, le grand a\u0302ge, etc.<\/p><\/div><\/div><\/div><\/div><\/div><\/div>\t\t\t\t\t\t\t\t<\/div>\n\t\t\t\t<\/div>\n\t\t<div class=\"elementor-element elementor-element-f19c074 e-con-full e-flex elementor-invisible e-con e-child\" data-id=\"f19c074\" data-element_type=\"container\" data-settings=\"{&quot;animation&quot;:&quot;fadeInUp&quot;}\">\n\t\t\t\t<div class=\"elementor-element elementor-element-8b428bb elementor-align-center elementor-widget elementor-widget-button\" data-id=\"8b428bb\" data-element_type=\"widget\" data-widget_type=\"button.default\">\n\t\t\t\t<div class=\"elementor-widget-container\">\n\t\t\t\t\t\t\t\t\t<div class=\"elementor-button-wrapper\">\n\t\t\t\t\t<a class=\"elementor-button elementor-button-link elementor-size-sm elementor-animation-grow\" href=\"http:\/\/\u00a3\">\n\t\t\t\t\t\t<span class=\"elementor-button-content-wrapper\">\n\t\t\t\t\t\t\t\t\t<span class=\"elementor-button-text\">d\u00e9couvrir l\u2019\u00e9mission<\/span>\n\t\t\t\t\t<\/span>\n\t\t\t\t\t<\/a>\n\t\t\t\t<\/div>\n\t\t\t\t\t\t\t\t<\/div>\n\t\t\t\t<\/div>\n\t\t\t\t<\/div>\n\t\t\t\t<\/div>\n\t\t\t\t\t<\/div>\n\t\t\t\t<\/div>\n\t\t<div class=\"elementor-element elementor-element-d645a04 e-flex e-con-boxed e-con e-parent\" data-id=\"d645a04\" data-element_type=\"container\">\n\t\t\t\t\t<div class=\"e-con-inner\">\n\t\t\t\t<div class=\"elementor-element elementor-element-e153fb1 elementor-invisible elementor-widget elementor-widget-heading\" data-id=\"e153fb1\" data-element_type=\"widget\" data-settings=\"{&quot;_animation&quot;:&quot;fadeInUp&quot;}\" data-widget_type=\"heading.default\">\n\t\t\t\t<div class=\"elementor-widget-container\">\n\t\t\t\t\t<h2 class=\"elementor-heading-title elementor-size-default\">Qu\u2019est-ce qu\u2019un aidant ?<\/h2>\t\t\t\t<\/div>\n\t\t\t\t<\/div>\n\t\t\t\t<div class=\"elementor-element elementor-element-5f3bb0d elementor-widget__width-initial elementor-widget-mobile__width-initial elementor-invisible elementor-widget elementor-widget-text-editor\" data-id=\"5f3bb0d\" data-element_type=\"widget\" data-settings=\"{&quot;_animation&quot;:&quot;fadeInUp&quot;}\" data-widget_type=\"text-editor.default\">\n\t\t\t\t<div class=\"elementor-widget-container\">\n\t\t\t\t\t\t\t\t\t<div class=\"page\" title=\"Page 2\"><div class=\"layoutArea\"><div class=\"column\"><div class=\"page\" title=\"Page 2\"><div class=\"layoutArea\"><div class=\"column\"><div class=\"page\" title=\"Page 14\"><div class=\"layoutArea\"><div class=\"column\"><p>Le terme aidant de\u0301signe toute <strong>personne professionnelle ou non<\/strong> qui prend soin ou accompagne une personne a\u0302ge\u0301e, une personne de\u0301pendante en situation de handicap, de mobilite\u0301 re\u0301duite. Il peur s\u2019agir d\u2019un parent, d\u2019un enfant, d\u2019un conjoint ou d\u2019un ami.<\/p><\/div><\/div><\/div><\/div><\/div><\/div><\/div><\/div><\/div>\t\t\t\t\t\t\t\t<\/div>\n\t\t\t\t<\/div>\n\t\t\t\t\t<\/div>\n\t\t\t\t<\/div>\n\t\t<div class=\"elementor-element elementor-element-c6fb355 e-flex e-con-boxed e-con e-parent\" data-id=\"c6fb355\" data-element_type=\"container\">\n\t\t\t\t\t<div class=\"e-con-inner\">\n\t\t\t\t<div class=\"elementor-element elementor-element-bad32c9 elementor-invisible elementor-widget elementor-widget-heading\" data-id=\"bad32c9\" data-element_type=\"widget\" data-settings=\"{&quot;_animation&quot;:&quot;fadeInUp&quot;}\" data-widget_type=\"heading.default\">\n\t\t\t\t<div class=\"elementor-widget-container\">\n\t\t\t\t\t<h2 class=\"elementor-heading-title elementor-size-default\">Dans quelle situation attribue-t-on le terme aidant ?<\/h2>\t\t\t\t<\/div>\n\t\t\t\t<\/div>\n\t\t\t\t<div class=\"elementor-element elementor-element-2b942ea elementor-widget__width-initial elementor-widget-tablet__width-initial elementor-invisible elementor-widget elementor-widget-text-editor\" data-id=\"2b942ea\" data-element_type=\"widget\" data-settings=\"{&quot;_animation&quot;:&quot;fadeInUp&quot;}\" data-widget_type=\"text-editor.default\">\n\t\t\t\t<div class=\"elementor-widget-container\">\n\t\t\t\t\t\t\t\t\t<div class=\"page\" title=\"Page 2\"><div class=\"layoutArea\"><div class=\"column\"><div class=\"page\" title=\"Page 2\"><div class=\"layoutArea\"><div class=\"column\"><div class=\"page\" title=\"Page 14\"><div class=\"layoutArea\"><div class=\"column\"><div class=\"page\" title=\"Page 14\"><div class=\"layoutArea\"><div class=\"column\"><p>Qu\u2019on soit un proche ou non de la personne, le qualificatif aidant est attribue\u0301 de\u0300s lors qu\u2019on donne de son temps, par exemple pour accompagner une personne a\u0302ge\u0301e faire ses courses, aller voir le me\u0301decin, acheter les me\u0301dicaments, s\u2019occuper d\u2019un malade (toilette, habillage, repas), d\u2019accueillir chez soi ses parents pour en prendre soin suite a\u0300 un retour d\u2019hospitalisation ou un accident de la vie quotidienne.<\/p><\/div><\/div><\/div><\/div><\/div><\/div><\/div><\/div><\/div><\/div><\/div><\/div>\t\t\t\t\t\t\t\t<\/div>\n\t\t\t\t<\/div>\n\t\t\t\t\t<\/div>\n\t\t\t\t<\/div>\n\t\t<div class=\"elementor-element elementor-element-6cb9bdb e-flex e-con-boxed e-con e-parent\" data-id=\"6cb9bdb\" data-element_type=\"container\">\n\t\t\t\t\t<div class=\"e-con-inner\">\n\t\t\t\t<div class=\"elementor-element elementor-element-55bb1f4 elementor-invisible elementor-widget elementor-widget-heading\" data-id=\"55bb1f4\" data-element_type=\"widget\" data-settings=\"{&quot;_animation&quot;:&quot;fadeInUp&quot;}\" data-widget_type=\"heading.default\">\n\t\t\t\t<div class=\"elementor-widget-container\">\n\t\t\t\t\t<h2 class=\"elementor-heading-title elementor-size-default\">Pourquoi est-il important de soutenir les aidants ?<\/h2>\t\t\t\t<\/div>\n\t\t\t\t<\/div>\n\t\t\t\t<div class=\"elementor-element elementor-element-d4b7d5d elementor-widget__width-initial elementor-widget-tablet__width-initial elementor-invisible elementor-widget elementor-widget-text-editor\" data-id=\"d4b7d5d\" data-element_type=\"widget\" data-settings=\"{&quot;_animation&quot;:&quot;fadeInUp&quot;}\" data-widget_type=\"text-editor.default\">\n\t\t\t\t<div class=\"elementor-widget-container\">\n\t\t\t\t\t\t\t\t\t<div class=\"page\" title=\"Page 2\"><div class=\"layoutArea\"><div class=\"column\"><div class=\"page\" title=\"Page 2\"><div class=\"layoutArea\"><div class=\"column\"><div class=\"page\" title=\"Page 14\"><div class=\"layoutArea\"><div class=\"column\"><div class=\"page\" title=\"Page 14\"><div class=\"layoutArea\"><div class=\"column\"><div class=\"page\" title=\"Page 14\"><div class=\"layoutArea\"><div class=\"column\"><p>Le ro\u0302le d\u2019aidant est a\u0300 la fois crucial, e\u0301prouvant mentalement et physiquement. C\u2019est pourquoi, il est tre\u0300s important d\u2019aider les aidants en tentant de comprendre, d\u2019e\u0301couter et d\u2019apaiser la souffrance psychologique qu\u2019engendre la gestion au quotidien d\u2019une personne en perte d\u2019autonomie. Avoir envers l\u2019aidant de l\u2019empathie est au c\u0153ur de toute de\u0301marche. <br \/>En ge\u0301ne\u0301ral, les personnes \u00ab aidants \u00bb sont pas du tout pre\u0301pare\u0301es a\u0300 ge\u0301rer ces situations nouvelles de gestion de de\u0301pendance qui bouleversent leurs vies sociales.<\/p><p>Du jour au lendemain, e\u0302tre confronte\u0301 a\u0300 ge\u0301rer de multiples ta\u0302ches (comme des soins d\u2019hygie\u0300ne, la gestion du budget et des de\u0301marches administratives, la re\u0301alisation des ta\u0302ches me\u0301nage\u0300res etc&#8230;), demande a\u0300 prendre beaucoup sur soi. C\u2019est un gros investissement en charge de travail, qui n\u2019est donc pas e\u0301vident a\u0300 vivre. D\u2019ou\u0300 l\u2019importance d\u2019un soutien psychologique pour reme\u0301dier et faire face a\u0300 la gestion du stress, les troubles du sommeil, l\u2019e\u0301puisement, l\u2019isolement social voire l\u2019e\u0301tat de\u0301pressif.<\/p><p>Pour plus d\u2019informations sur nos prestations, n\u2019he\u0301sitez pas a\u0300 nous contacter par te\u0301le\u0301phone ou directement via le formulaire de demande de devis.<\/p><\/div><\/div><\/div><\/div><\/div><\/div><\/div><\/div><\/div><\/div><\/div><\/div><\/div><\/div><\/div>\t\t\t\t\t\t\t\t<\/div>\n\t\t\t\t<\/div>\n\t\t\t\t\t<\/div>\n\t\t\t\t<\/div>\n\t\t<div class=\"elementor-element elementor-element-0f6cd9b e-flex e-con-boxed e-con e-parent\" data-id=\"0f6cd9b\" data-element_type=\"container\">\n\t\t\t\t\t<div class=\"e-con-inner\">\n\t\t\t\t<div class=\"elementor-element elementor-element-4d2ade8 elementor-align-center elementor-invisible elementor-widget elementor-widget-button\" data-id=\"4d2ade8\" data-element_type=\"widget\" data-settings=\"{&quot;_animation&quot;:&quot;fadeInUp&quot;}\" data-widget_type=\"button.default\">\n\t\t\t\t<div class=\"elementor-widget-container\">\n\t\t\t\t\t\t\t\t\t<div class=\"elementor-button-wrapper\">\n\t\t\t\t\t<a class=\"elementor-button elementor-button-link elementor-size-sm\" href=\"https:\/\/madameetmonsieurfeetout.com\/index.php\/contact\/\">\n\t\t\t\t\t\t<span class=\"elementor-button-content-wrapper\">\n\t\t\t\t\t\t\t\t\t<span class=\"elementor-button-text\">NOUS CONTACTER <\/span>\n\t\t\t\t\t<\/span>\n\t\t\t\t\t<\/a>\n\t\t\t\t<\/div>\n\t\t\t\t\t\t\t\t<\/div>\n\t\t\t\t<\/div>\n\t\t\t\t\t<\/div>\n\t\t\t\t<\/div>\n\t\t\t\t<\/div>\n\t\t","protected":false},"excerpt":{"rendered":"<p>Emission &#8220;Les Experts Aidants&#8221; L\u2019e\u0301mission \u00ab Les experts aidants \u00bb fait re\u0301gulie\u0300rement les jeudis a\u0300 9h00 un focus sur la [&hellip;]<\/p>\n","protected":false},"author":1,"featured_media":0,"parent":0,"menu_order":0,"comment_status":"closed","ping_status":"closed","template":"","meta":{"site-sidebar-layout":"no-sidebar","site-content-layout":"","ast-site-content-layout":"full-width-container","site-content-style":"default","site-sidebar-style":"default","ast-global-header-display":"","ast-banner-title-visibility":"","ast-main-header-display":"","ast-hfb-above-header-display":"","ast-hfb-below-header-display":"","ast-hfb-mobile-header-display":"","site-post-title":"disabled","ast-breadcrumbs-content":"","ast-featured-img":"disabled","footer-sml-layout":"","theme-transparent-header-meta":"","adv-header-id-meta":"","stick-header-meta":"","header-above-stick-meta":"","header-main-stick-meta":"","header-below-stick-meta":"","astra-migrate-meta-layouts":"default","ast-page-background-enabled":"default","ast-page-background-meta":{"desktop":{"background-color":"var(--ast-global-color-5)","background-image":"","background-repeat":"repeat","background-position":"center center","background-size":"auto","background-attachment":"scroll","background-type":"","background-media":"","overlay-type":"","overlay-color":"","overlay-opacity":"","overlay-gradient":""},"tablet":{"background-color":"","background-image":"","background-repeat":"repeat","background-position":"center center","background-size":"auto","background-attachment":"scroll","background-type":"","background-media":"","overlay-type":"","overlay-color":"","overlay-opacity":"","overlay-gradient":""},"mobile":{"background-color":"","background-image":"","background-repeat":"repeat","background-position":"center center","background-size":"auto","background-attachment":"scroll","background-type":"","background-media":"","overlay-type":"","overlay-color":"","overlay-opacity":"","overlay-gradient":""}},"ast-content-background-meta":{"desktop":{"background-color":"var(--ast-global-color-4)","background-image":"","background-repeat":"repeat","background-position":"center center","background-size":"auto","background-attachment":"scroll","background-type":"","background-media":"","overlay-type":"","overlay-color":"","overlay-opacity":"","overlay-gradient":""},"tablet":{"background-color":"var(--ast-global-color-4)","background-image":"","background-repeat":"repeat","background-position":"center center","background-size":"auto","background-attachment":"scroll","background-type":"","background-media":"","overlay-type":"","overlay-color":"","overlay-opacity":"","overlay-gradient":""},"mobile":{"background-color":"var(--ast-global-color-4)","background-image":"","background-repeat":"repeat","background-position":"center center","background-size":"auto","background-attachment":"scroll","background-type":"","background-media":"","overlay-type":"","overlay-color":"","overlay-opacity":"","overlay-gradient":""}},"footnotes":""},"class_list":["post-668","page","type-page","status-publish","hentry"],"yoast_head":"<!-- This site is optimized with the Yoast SEO plugin v25.3.1 - https:\/\/yoast.com\/wordpress\/plugins\/seo\/ -->\n<title>Emission &quot;Les Experts Aidants&quot; - MADAME &amp; MONSIEUR F\u00c9ETOUT<\/title>\n<meta name=\"description\" content=\"D\u00e9couvrez d\u00e8s maintenant la participation de Madame Monsieur f\u00e9etout dans l&#039;\u00e9mission &quot;Les experts aidants&quot;.\" \/>\n<meta name=\"robots\" content=\"index, follow, max-snippet:-1, max-image-preview:large, max-video-preview:-1\" \/>\n<link rel=\"canonical\" href=\"https:\/\/madameetmonsieurfeetout.com\/index.php\/emission-les-experts-aidants\/\" \/>\n<meta property=\"og:locale\" content=\"en_US\" \/>\n<meta property=\"og:type\" content=\"article\" \/>\n<meta property=\"og:title\" content=\"Emission &quot;Les Experts Aidants&quot; - MADAME &amp; MONSIEUR F\u00c9ETOUT\" \/>\n<meta property=\"og:description\" content=\"D\u00e9couvrez d\u00e8s maintenant la participation de Madame Monsieur f\u00e9etout dans l&#039;\u00e9mission &quot;Les experts aidants&quot;.\" \/>\n<meta property=\"og:url\" content=\"https:\/\/madameetmonsieurfeetout.com\/index.php\/emission-les-experts-aidants\/\" \/>\n<meta property=\"og:site_name\" content=\"MADAME &amp; MONSIEUR F\u00c9ETOUT\" \/>\n<meta property=\"article:modified_time\" content=\"2025-06-20T14:11:53+00:00\" \/>\n<meta property=\"og:image\" content=\"https:\/\/madameetmonsieurfeetout.com\/wp-content\/uploads\/2025\/05\/Mask-group-46-1024x808.png\" \/>\n\t<meta property=\"og:image:width\" content=\"1024\" \/>\n\t<meta property=\"og:image:height\" content=\"808\" \/>\n\t<meta property=\"og:image:type\" content=\"image\/png\" \/>\n<meta name=\"twitter:card\" content=\"summary_large_image\" \/>\n<meta name=\"twitter:label1\" content=\"Est. reading time\" \/>\n\t<meta name=\"twitter:data1\" content=\"3 minutes\" \/>\n<script type=\"application\/ld+json\" class=\"yoast-schema-graph\">{\"@context\":\"https:\/\/schema.org\",\"@graph\":[{\"@type\":\"WebPage\",\"@id\":\"https:\/\/madameetmonsieurfeetout.com\/index.php\/emission-les-experts-aidants\/\",\"url\":\"https:\/\/madameetmonsieurfeetout.com\/index.php\/emission-les-experts-aidants\/\",\"name\":\"Emission \\\"Les Experts Aidants\\\" - MADAME &amp; MONSIEUR F\u00c9ETOUT\",\"isPartOf\":{\"@id\":\"https:\/\/madameetmonsieurfeetout.com\/#website\"},\"primaryImageOfPage\":{\"@id\":\"https:\/\/madameetmonsieurfeetout.com\/index.php\/emission-les-experts-aidants\/#primaryimage\"},\"image\":{\"@id\":\"https:\/\/madameetmonsieurfeetout.com\/index.php\/emission-les-experts-aidants\/#primaryimage\"},\"thumbnailUrl\":\"http:\/\/madameetmonsieurfeetout.com\/wp-content\/uploads\/2025\/05\/Mask-group-46-1024x808.png\",\"datePublished\":\"2025-05-27T08:46:00+00:00\",\"dateModified\":\"2025-06-20T14:11:53+00:00\",\"description\":\"D\u00e9couvrez d\u00e8s maintenant la participation de Madame Monsieur f\u00e9etout dans l'\u00e9mission \\\"Les experts aidants\\\".\",\"breadcrumb\":{\"@id\":\"https:\/\/madameetmonsieurfeetout.com\/index.php\/emission-les-experts-aidants\/#breadcrumb\"},\"inLanguage\":\"en-US\",\"potentialAction\":[{\"@type\":\"ReadAction\",\"target\":[\"https:\/\/madameetmonsieurfeetout.com\/index.php\/emission-les-experts-aidants\/\"]}]},{\"@type\":\"ImageObject\",\"inLanguage\":\"en-US\",\"@id\":\"https:\/\/madameetmonsieurfeetout.com\/index.php\/emission-les-experts-aidants\/#primaryimage\",\"url\":\"https:\/\/madameetmonsieurfeetout.com\/wp-content\/uploads\/2025\/05\/Mask-group-46-scaled.png\",\"contentUrl\":\"https:\/\/madameetmonsieurfeetout.com\/wp-content\/uploads\/2025\/05\/Mask-group-46-scaled.png\",\"width\":2560,\"height\":2021},{\"@type\":\"BreadcrumbList\",\"@id\":\"https:\/\/madameetmonsieurfeetout.com\/index.php\/emission-les-experts-aidants\/#breadcrumb\",\"itemListElement\":[{\"@type\":\"ListItem\",\"position\":1,\"name\":\"Accueil\",\"item\":\"https:\/\/madameetmonsieurfeetout.com\/\"},{\"@type\":\"ListItem\",\"position\":2,\"name\":\"Emission \u00ab\u00a0Les Experts Aidants\u00a0\u00bb\"}]},{\"@type\":\"WebSite\",\"@id\":\"https:\/\/madameetmonsieurfeetout.com\/#website\",\"url\":\"https:\/\/madameetmonsieurfeetout.com\/\",\"name\":\"MADAME &amp; MONSIEUR F\u00c9ETOUT\",\"description\":\"Un site utilisant WordPress\",\"publisher\":{\"@id\":\"https:\/\/madameetmonsieurfeetout.com\/#organization\"},\"potentialAction\":[{\"@type\":\"SearchAction\",\"target\":{\"@type\":\"EntryPoint\",\"urlTemplate\":\"https:\/\/madameetmonsieurfeetout.com\/?s={search_term_string}\"},\"query-input\":{\"@type\":\"PropertyValueSpecification\",\"valueRequired\":true,\"valueName\":\"search_term_string\"}}],\"inLanguage\":\"en-US\"},{\"@type\":\"Organization\",\"@id\":\"https:\/\/madameetmonsieurfeetout.com\/#organization\",\"name\":\"MADAME &amp; MONSIEUR F\u00c9ETOUT\",\"url\":\"https:\/\/madameetmonsieurfeetout.com\/\",\"logo\":{\"@type\":\"ImageObject\",\"inLanguage\":\"en-US\",\"@id\":\"https:\/\/madameetmonsieurfeetout.com\/#\/schema\/logo\/image\/\",\"url\":\"https:\/\/madameetmonsieurfeetout.com\/wp-content\/uploads\/2025\/05\/cropped-Logo-Mr-Mme-Fee-Tout.png\",\"contentUrl\":\"https:\/\/madameetmonsieurfeetout.com\/wp-content\/uploads\/2025\/05\/cropped-Logo-Mr-Mme-Fee-Tout.png\",\"width\":299,\"height\":185,\"caption\":\"MADAME &amp; MONSIEUR F\u00c9ETOUT\"},\"image\":{\"@id\":\"https:\/\/madameetmonsieurfeetout.com\/#\/schema\/logo\/image\/\"}}]}<\/script>\n<!-- \/ Yoast SEO plugin. -->","yoast_head_json":{"title":"Emission \"Les Experts Aidants\" - MADAME &amp; MONSIEUR F\u00c9ETOUT","description":"D\u00e9couvrez d\u00e8s maintenant la participation de Madame Monsieur f\u00e9etout dans l'\u00e9mission \"Les experts aidants\".","robots":{"index":"index","follow":"follow","max-snippet":"max-snippet:-1","max-image-preview":"max-image-preview:large","max-video-preview":"max-video-preview:-1"},"canonical":"https:\/\/madameetmonsieurfeetout.com\/index.php\/emission-les-experts-aidants\/","og_locale":"en_US","og_type":"article","og_title":"Emission \"Les Experts Aidants\" - MADAME &amp; MONSIEUR F\u00c9ETOUT","og_description":"D\u00e9couvrez d\u00e8s maintenant la participation de Madame Monsieur f\u00e9etout dans l'\u00e9mission \"Les experts aidants\".","og_url":"https:\/\/madameetmonsieurfeetout.com\/index.php\/emission-les-experts-aidants\/","og_site_name":"MADAME &amp; MONSIEUR F\u00c9ETOUT","article_modified_time":"2025-06-20T14:11:53+00:00","og_image":[{"width":1024,"height":808,"url":"https:\/\/madameetmonsieurfeetout.com\/wp-content\/uploads\/2025\/05\/Mask-group-46-1024x808.png","type":"image\/png"}],"twitter_card":"summary_large_image","twitter_misc":{"Est. reading time":"3 minutes"},"schema":{"@context":"https:\/\/schema.org","@graph":[{"@type":"WebPage","@id":"https:\/\/madameetmonsieurfeetout.com\/index.php\/emission-les-experts-aidants\/","url":"https:\/\/madameetmonsieurfeetout.com\/index.php\/emission-les-experts-aidants\/","name":"Emission \"Les Experts Aidants\" - MADAME &amp; MONSIEUR F\u00c9ETOUT","isPartOf":{"@id":"https:\/\/madameetmonsieurfeetout.com\/#website"},"primaryImageOfPage":{"@id":"https:\/\/madameetmonsieurfeetout.com\/index.php\/emission-les-experts-aidants\/#primaryimage"},"image":{"@id":"https:\/\/madameetmonsieurfeetout.com\/index.php\/emission-les-experts-aidants\/#primaryimage"},"thumbnailUrl":"http:\/\/madameetmonsieurfeetout.com\/wp-content\/uploads\/2025\/05\/Mask-group-46-1024x808.png","datePublished":"2025-05-27T08:46:00+00:00","dateModified":"2025-06-20T14:11:53+00:00","description":"D\u00e9couvrez d\u00e8s maintenant la participation de Madame Monsieur f\u00e9etout dans l'\u00e9mission \"Les experts aidants\".","breadcrumb":{"@id":"https:\/\/madameetmonsieurfeetout.com\/index.php\/emission-les-experts-aidants\/#breadcrumb"},"inLanguage":"en-US","potentialAction":[{"@type":"ReadAction","target":["https:\/\/madameetmonsieurfeetout.com\/index.php\/emission-les-experts-aidants\/"]}]},{"@type":"ImageObject","inLanguage":"en-US","@id":"https:\/\/madameetmonsieurfeetout.com\/index.php\/emission-les-experts-aidants\/#primaryimage","url":"https:\/\/madameetmonsieurfeetout.com\/wp-content\/uploads\/2025\/05\/Mask-group-46-scaled.png","contentUrl":"https:\/\/madameetmonsieurfeetout.com\/wp-content\/uploads\/2025\/05\/Mask-group-46-scaled.png","width":2560,"height":2021},{"@type":"BreadcrumbList","@id":"https:\/\/madameetmonsieurfeetout.com\/index.php\/emission-les-experts-aidants\/#breadcrumb","itemListElement":[{"@type":"ListItem","position":1,"name":"Accueil","item":"https:\/\/madameetmonsieurfeetout.com\/"},{"@type":"ListItem","position":2,"name":"Emission \u00ab\u00a0Les Experts Aidants\u00a0\u00bb"}]},{"@type":"WebSite","@id":"https:\/\/madameetmonsieurfeetout.com\/#website","url":"https:\/\/madameetmonsieurfeetout.com\/","name":"MADAME &amp; MONSIEUR F\u00c9ETOUT","description":"Un site utilisant WordPress","publisher":{"@id":"https:\/\/madameetmonsieurfeetout.com\/#organization"},"potentialAction":[{"@type":"SearchAction","target":{"@type":"EntryPoint","urlTemplate":"https:\/\/madameetmonsieurfeetout.com\/?s={search_term_string}"},"query-input":{"@type":"PropertyValueSpecification","valueRequired":true,"valueName":"search_term_string"}}],"inLanguage":"en-US"},{"@type":"Organization","@id":"https:\/\/madameetmonsieurfeetout.com\/#organization","name":"MADAME &amp; MONSIEUR F\u00c9ETOUT","url":"https:\/\/madameetmonsieurfeetout.com\/","logo":{"@type":"ImageObject","inLanguage":"en-US","@id":"https:\/\/madameetmonsieurfeetout.com\/#\/schema\/logo\/image\/","url":"https:\/\/madameetmonsieurfeetout.com\/wp-content\/uploads\/2025\/05\/cropped-Logo-Mr-Mme-Fee-Tout.png","contentUrl":"https:\/\/madameetmonsieurfeetout.com\/wp-content\/uploads\/2025\/05\/cropped-Logo-Mr-Mme-Fee-Tout.png","width":299,"height":185,"caption":"MADAME &amp; MONSIEUR F\u00c9ETOUT"},"image":{"@id":"https:\/\/madameetmonsieurfeetout.com\/#\/schema\/logo\/image\/"}}]}},"_links":{"self":[{"href":"https:\/\/madameetmonsieurfeetout.com\/index.php\/wp-json\/wp\/v2\/pages\/668","targetHints":{"allow":["GET"]}}],"collection":[{"href":"https:\/\/madameetmonsieurfeetout.com\/index.php\/wp-json\/wp\/v2\/pages"}],"about":[{"href":"https:\/\/madameetmonsieurfeetout.com\/index.php\/wp-json\/wp\/v2\/types\/page"}],"author":[{"embeddable":true,"href":"https:\/\/madameetmonsieurfeetout.com\/index.php\/wp-json\/wp\/v2\/users\/1"}],"replies":[{"embeddable":true,"href":"https:\/\/madameetmonsieurfeetout.com\/index.php\/wp-json\/wp\/v2\/comments?post=668"}],"version-history":[{"count":37,"href":"https:\/\/madameetmonsieurfeetout.com\/index.php\/wp-json\/wp\/v2\/pages\/668\/revisions"}],"predecessor-version":[{"id":1807,"href":"https:\/\/madameetmonsieurfeetout.com\/index.php\/wp-json\/wp\/v2\/pages\/668\/revisions\/1807"}],"wp:attachment":[{"href":"https:\/\/madameetmonsieurfeetout.com\/index.php\/wp-json\/wp\/v2\/media?parent=668"}],"curies":[{"name":"wp","href":"https:\/\/api.w.org\/{rel}","templated":true}]}}