{"id":666,"date":"2025-05-27T10:44:57","date_gmt":"2025-05-27T08:44:57","guid":{"rendered":"https:\/\/madameetmonsieurfeetout.com\/?page_id=666"},"modified":"2025-06-20T16:20:37","modified_gmt":"2025-06-20T14:20:37","slug":"actualites-monsieur-madame-feetout","status":"publish","type":"page","link":"https:\/\/madameetmonsieurfeetout.com\/index.php\/actualites-monsieur-madame-feetout\/","title":{"rendered":"Actualit\u00e9s"},"content":{"rendered":"\t\t<div data-elementor-type=\"wp-page\" data-elementor-id=\"666\" class=\"elementor elementor-666\">\n\t\t\t\t<div class=\"elementor-element elementor-element-0ca450c e-flex e-con-boxed e-con e-parent\" data-id=\"0ca450c\" data-element_type=\"container\" data-settings=\"{&quot;background_background&quot;:&quot;gradient&quot;}\">\n\t\t\t\t\t<div class=\"e-con-inner\">\n\t\t\t\t<div class=\"elementor-element elementor-element-b38d4d5 elementor-invisible elementor-widget elementor-widget-heading\" data-id=\"b38d4d5\" data-element_type=\"widget\" data-settings=\"{&quot;_animation&quot;:&quot;fadeInDown&quot;}\" data-widget_type=\"heading.default\">\n\t\t\t\t<div class=\"elementor-widget-container\">\n\t\t\t\t\t<h2 class=\"elementor-heading-title elementor-size-default\">Actualit\u00e9s<\/h2>\t\t\t\t<\/div>\n\t\t\t\t<\/div>\n\t\t\t\t\t<\/div>\n\t\t\t\t<\/div>\n\t\t<div class=\"elementor-element elementor-element-1050e95 e-flex e-con-boxed e-con e-parent\" data-id=\"1050e95\" data-element_type=\"container\">\n\t\t\t\t\t<div class=\"e-con-inner\">\n\t\t\t\t<div class=\"elementor-element elementor-element-c71983e elementor-widget elementor-widget-spacer\" data-id=\"c71983e\" data-element_type=\"widget\" data-widget_type=\"spacer.default\">\n\t\t\t\t<div class=\"elementor-widget-container\">\n\t\t\t\t\t\t\t<div class=\"elementor-spacer\">\n\t\t\t<div class=\"elementor-spacer-inner\"><\/div>\n\t\t<\/div>\n\t\t\t\t\t\t<\/div>\n\t\t\t\t<\/div>\n\t\t\t\t<div class=\"elementor-element elementor-element-febf6b1 elementor-invisible elementor-widget elementor-widget-heading\" data-id=\"febf6b1\" data-element_type=\"widget\" data-settings=\"{&quot;_animation&quot;:&quot;fadeInDown&quot;}\" data-widget_type=\"heading.default\">\n\t\t\t\t<div class=\"elementor-widget-container\">\n\t\t\t\t\t<h2 class=\"elementor-heading-title elementor-size-default\">L\u2019actualit\u00e9 de l\u2019aide \u00e0 domicile et du service \u00e0 la personne<\/h2>\t\t\t\t<\/div>\n\t\t\t\t<\/div>\n\t\t\t\t\t<\/div>\n\t\t\t\t<\/div>\n\t\t<div class=\"elementor-element elementor-element-b922a03 e-grid e-con-full e-con e-child\" data-id=\"b922a03\" data-element_type=\"container\">\n\t\t\t\t<div class=\"elementor-element elementor-element-6e7054c elementor-position-top elementor-invisible elementor-widget elementor-widget-image-box\" data-id=\"6e7054c\" data-element_type=\"widget\" data-settings=\"{&quot;_animation&quot;:&quot;fadeInLeft&quot;}\" data-widget_type=\"image-box.default\">\n\t\t\t\t<div class=\"elementor-widget-container\">\n\t\t\t\t\t<div class=\"elementor-image-box-wrapper\"><figure class=\"elementor-image-box-img\"><a href=\"https:\/\/madameetmonsieurfeetout.com\/index.php\/bricolage-a-domicile\/\" tabindex=\"-1\"><img fetchpriority=\"high\" decoding=\"async\" width=\"1824\" height=\"1419\" src=\"https:\/\/madameetmonsieurfeetout.com\/wp-content\/uploads\/2025\/05\/bricolage-madame-fee-tout-768x515.jpg-1.png\" class=\"elementor-animation-grow attachment-full size-full wp-image-685\" alt=\"\" srcset=\"https:\/\/madameetmonsieurfeetout.com\/wp-content\/uploads\/2025\/05\/bricolage-madame-fee-tout-768x515.jpg-1.png 1824w, https:\/\/madameetmonsieurfeetout.com\/wp-content\/uploads\/2025\/05\/bricolage-madame-fee-tout-768x515.jpg-1-300x233.png 300w, https:\/\/madameetmonsieurfeetout.com\/wp-content\/uploads\/2025\/05\/bricolage-madame-fee-tout-768x515.jpg-1-1024x797.png 1024w, https:\/\/madameetmonsieurfeetout.com\/wp-content\/uploads\/2025\/05\/bricolage-madame-fee-tout-768x515.jpg-1-768x597.png 768w, https:\/\/madameetmonsieurfeetout.com\/wp-content\/uploads\/2025\/05\/bricolage-madame-fee-tout-768x515.jpg-1-1536x1195.png 1536w\" sizes=\"(max-width: 1824px) 100vw, 1824px\" \/><\/a><\/figure><div class=\"elementor-image-box-content\"><h3 class=\"elementor-image-box-title\"><a href=\"https:\/\/madameetmonsieurfeetout.com\/index.php\/bricolage-a-domicile\/\">Bricolage \u00e0 domicile : l\u2019expertise de notre entreprise \u00e0 votre service<\/a><\/h3><p class=\"elementor-image-box-description\">Vous aspirez \u00e0 transformer votre espace int\u00e9rieur, r\u00e9nover une pi\u00e8ce ou prendre soin de...<\/p><\/div><\/div>\t\t\t\t<\/div>\n\t\t\t\t<\/div>\n\t\t\t\t<div class=\"elementor-element elementor-element-c212d42 elementor-position-top elementor-invisible elementor-widget elementor-widget-image-box\" data-id=\"c212d42\" data-element_type=\"widget\" data-settings=\"{&quot;_animation&quot;:&quot;fadeInUp&quot;}\" data-widget_type=\"image-box.default\">\n\t\t\t\t<div class=\"elementor-widget-container\">\n\t\t\t\t\t<div class=\"elementor-image-box-wrapper\"><figure class=\"elementor-image-box-img\"><a href=\"https:\/\/madameetmonsieurfeetout.com\/index.php\/accompagnement-administratif-les-avantages\/\" tabindex=\"-1\"><img decoding=\"async\" width=\"1824\" height=\"1419\" src=\"https:\/\/madameetmonsieurfeetout.com\/wp-content\/uploads\/2025\/05\/Mask-group-55.png\" class=\"elementor-animation-grow attachment-full size-full wp-image-686\" alt=\"\" srcset=\"https:\/\/madameetmonsieurfeetout.com\/wp-content\/uploads\/2025\/05\/Mask-group-55.png 1824w, https:\/\/madameetmonsieurfeetout.com\/wp-content\/uploads\/2025\/05\/Mask-group-55-300x233.png 300w, https:\/\/madameetmonsieurfeetout.com\/wp-content\/uploads\/2025\/05\/Mask-group-55-1024x797.png 1024w, https:\/\/madameetmonsieurfeetout.com\/wp-content\/uploads\/2025\/05\/Mask-group-55-768x597.png 768w, https:\/\/madameetmonsieurfeetout.com\/wp-content\/uploads\/2025\/05\/Mask-group-55-1536x1195.png 1536w\" sizes=\"(max-width: 1824px) 100vw, 1824px\" \/><\/a><\/figure><div class=\"elementor-image-box-content\"><h3 class=\"elementor-image-box-title\"><a href=\"https:\/\/madameetmonsieurfeetout.com\/index.php\/accompagnement-administratif-les-avantages\/\">Accompagnement administratif : les avantages !<\/a><\/h3><p class=\"elementor-image-box-description\">Lorsque vos activit\u00e9s quotidiennes vous prennent d\u00e9j\u00e0 \u00e9norm\u00e9ment de temps, il peut \u00eatre difficile...<\/p><\/div><\/div>\t\t\t\t<\/div>\n\t\t\t\t<\/div>\n\t\t\t\t<div class=\"elementor-element elementor-element-ce6d6ac elementor-position-top elementor-invisible elementor-widget elementor-widget-image-box\" data-id=\"ce6d6ac\" data-element_type=\"widget\" data-settings=\"{&quot;_animation&quot;:&quot;fadeInRight&quot;}\" data-widget_type=\"image-box.default\">\n\t\t\t\t<div class=\"elementor-widget-container\">\n\t\t\t\t\t<div class=\"elementor-image-box-wrapper\"><figure class=\"elementor-image-box-img\"><a href=\"https:\/\/madameetmonsieurfeetout.com\/index.php\/recrutement-garde-denfants-aides-menageres\/\" tabindex=\"-1\"><img decoding=\"async\" width=\"1824\" height=\"1420\" src=\"https:\/\/madameetmonsieurfeetout.com\/wp-content\/uploads\/2025\/05\/Mask-group-48.png\" class=\"elementor-animation-grow attachment-full size-full wp-image-687\" alt=\"\" srcset=\"https:\/\/madameetmonsieurfeetout.com\/wp-content\/uploads\/2025\/05\/Mask-group-48.png 1824w, https:\/\/madameetmonsieurfeetout.com\/wp-content\/uploads\/2025\/05\/Mask-group-48-300x234.png 300w, https:\/\/madameetmonsieurfeetout.com\/wp-content\/uploads\/2025\/05\/Mask-group-48-1024x797.png 1024w, https:\/\/madameetmonsieurfeetout.com\/wp-content\/uploads\/2025\/05\/Mask-group-48-768x598.png 768w, https:\/\/madameetmonsieurfeetout.com\/wp-content\/uploads\/2025\/05\/Mask-group-48-1536x1196.png 1536w\" sizes=\"(max-width: 1824px) 100vw, 1824px\" \/><\/a><\/figure><div class=\"elementor-image-box-content\"><h3 class=\"elementor-image-box-title\"><a href=\"https:\/\/madameetmonsieurfeetout.com\/index.php\/recrutement-garde-denfants-aides-menageres\/\">Recrutement - Garde d\u2019enfants et Aides m\u00e9nag\u00e8res<\/a><\/h3><p class=\"elementor-image-box-description\">La rentr\u00e9e arrive \u00e0 grands pas et si vous recherchez un emploi dans le domaine du service...<\/p><\/div><\/div>\t\t\t\t<\/div>\n\t\t\t\t<\/div>\n\t\t\t\t<\/div>\n\t\t<div class=\"elementor-element elementor-element-348b9fa e-grid e-con-full e-con e-child\" data-id=\"348b9fa\" data-element_type=\"container\">\n\t\t\t\t<div class=\"elementor-element elementor-element-25406a7 elementor-position-top elementor-invisible elementor-widget elementor-widget-image-box\" data-id=\"25406a7\" data-element_type=\"widget\" data-settings=\"{&quot;_animation&quot;:&quot;fadeInLeft&quot;}\" data-widget_type=\"image-box.default\">\n\t\t\t\t<div class=\"elementor-widget-container\">\n\t\t\t\t\t<div class=\"elementor-image-box-wrapper\"><figure class=\"elementor-image-box-img\"><a href=\"https:\/\/madameetmonsieurfeetout.com\/index.php\/les-experts-aidants\/\" tabindex=\"-1\"><img loading=\"lazy\" decoding=\"async\" width=\"2560\" height=\"1677\" src=\"https:\/\/madameetmonsieurfeetout.com\/wp-content\/uploads\/2025\/05\/image-39-1-scaled.png\" class=\"elementor-animation-grow attachment-full size-full wp-image-692\" alt=\"\" srcset=\"https:\/\/madameetmonsieurfeetout.com\/wp-content\/uploads\/2025\/05\/image-39-1-scaled.png 2560w, https:\/\/madameetmonsieurfeetout.com\/wp-content\/uploads\/2025\/05\/image-39-1-300x196.png 300w, https:\/\/madameetmonsieurfeetout.com\/wp-content\/uploads\/2025\/05\/image-39-1-1024x671.png 1024w, https:\/\/madameetmonsieurfeetout.com\/wp-content\/uploads\/2025\/05\/image-39-1-768x503.png 768w, https:\/\/madameetmonsieurfeetout.com\/wp-content\/uploads\/2025\/05\/image-39-1-1536x1006.png 1536w, https:\/\/madameetmonsieurfeetout.com\/wp-content\/uploads\/2025\/05\/image-39-1-2048x1341.png 2048w\" sizes=\"(max-width: 2560px) 100vw, 2560px\" \/><\/a><\/figure><div class=\"elementor-image-box-content\"><h3 class=\"elementor-image-box-title\"><a href=\"https:\/\/madameetmonsieurfeetout.com\/index.php\/les-experts-aidants\/\">Les Experts Aidants<\/a><\/h3><p class=\"elementor-image-box-description\">Les podcasts, \u00e7a vous tente ? Nous tenons \u00e0 vous informer que depuis la...\u200b<\/p><\/div><\/div>\t\t\t\t<\/div>\n\t\t\t\t<\/div>\n\t\t\t\t<div class=\"elementor-element elementor-element-96df430 elementor-position-top elementor-invisible elementor-widget elementor-widget-image-box\" data-id=\"96df430\" data-element_type=\"widget\" data-settings=\"{&quot;_animation&quot;:&quot;fadeInUp&quot;}\" data-widget_type=\"image-box.default\">\n\t\t\t\t<div class=\"elementor-widget-container\">\n\t\t\t\t\t<div class=\"elementor-image-box-wrapper\"><figure class=\"elementor-image-box-img\"><a href=\"https:\/\/madameetmonsieurfeetout.com\/index.php\/passage-de-madame-chantalle-dolmen-sur-tele-antilles\/\" tabindex=\"-1\"><img loading=\"lazy\" decoding=\"async\" width=\"1825\" height=\"1419\" src=\"https:\/\/madameetmonsieurfeetout.com\/wp-content\/uploads\/2025\/05\/Mask-group-59.png\" class=\"elementor-animation-grow attachment-full size-full wp-image-691\" alt=\"\" srcset=\"https:\/\/madameetmonsieurfeetout.com\/wp-content\/uploads\/2025\/05\/Mask-group-59.png 1825w, https:\/\/madameetmonsieurfeetout.com\/wp-content\/uploads\/2025\/05\/Mask-group-59-300x233.png 300w, https:\/\/madameetmonsieurfeetout.com\/wp-content\/uploads\/2025\/05\/Mask-group-59-1024x796.png 1024w, https:\/\/madameetmonsieurfeetout.com\/wp-content\/uploads\/2025\/05\/Mask-group-59-768x597.png 768w, https:\/\/madameetmonsieurfeetout.com\/wp-content\/uploads\/2025\/05\/Mask-group-59-1536x1194.png 1536w\" sizes=\"(max-width: 1825px) 100vw, 1825px\" \/><\/a><\/figure><div class=\"elementor-image-box-content\"><h3 class=\"elementor-image-box-title\"><a href=\"https:\/\/madameetmonsieurfeetout.com\/index.php\/passage-de-madame-chantalle-dolmen-sur-tele-antilles\/\">Passage de Madame Chantalle Dolmen sur T\u00e9l\u00e9 Antilles<\/a><\/h3><p class=\"elementor-image-box-description\">Nous vous invitons \u00e0 d\u00e9couvrir le passage de Madame Chantalle Dolmen dans l\u2019\u00e9mission...<\/p><\/div><\/div>\t\t\t\t<\/div>\n\t\t\t\t<\/div>\n\t\t\t\t<\/div>\n\t\t\t\t<\/div>\n\t\t","protected":false},"excerpt":{"rendered":"<p>Actualit\u00e9s L\u2019actualit\u00e9 de l\u2019aide \u00e0 domicile et du service \u00e0 la personne Bricolage \u00e0 domicile : l\u2019expertise de notre entreprise [&hellip;]<\/p>\n","protected":false},"author":1,"featured_media":0,"parent":0,"menu_order":0,"comment_status":"closed","ping_status":"closed","template":"","meta":{"site-sidebar-layout":"no-sidebar","site-content-layout":"","ast-site-content-layout":"full-width-container","site-content-style":"default","site-sidebar-style":"default","ast-global-header-display":"","ast-banner-title-visibility":"","ast-main-header-display":"","ast-hfb-above-header-display":"","ast-hfb-below-header-display":"","ast-hfb-mobile-header-display":"","site-post-title":"disabled","ast-breadcrumbs-content":"","ast-featured-img":"disabled","footer-sml-layout":"","theme-transparent-header-meta":"","adv-header-id-meta":"","stick-header-meta":"","header-above-stick-meta":"","header-main-stick-meta":"","header-below-stick-meta":"","astra-migrate-meta-layouts":"default","ast-page-background-enabled":"default","ast-page-background-meta":{"desktop":{"background-color":"var(--ast-global-color-5)","background-image":"","background-repeat":"repeat","background-position":"center center","background-size":"auto","background-attachment":"scroll","background-type":"","background-media":"","overlay-type":"","overlay-color":"","overlay-opacity":"","overlay-gradient":""},"tablet":{"background-color":"","background-image":"","background-repeat":"repeat","background-position":"center center","background-size":"auto","background-attachment":"scroll","background-type":"","background-media":"","overlay-type":"","overlay-color":"","overlay-opacity":"","overlay-gradient":""},"mobile":{"background-color":"","background-image":"","background-repeat":"repeat","background-position":"center center","background-size":"auto","background-attachment":"scroll","background-type":"","background-media":"","overlay-type":"","overlay-color":"","overlay-opacity":"","overlay-gradient":""}},"ast-content-background-meta":{"desktop":{"background-color":"var(--ast-global-color-4)","background-image":"","background-repeat":"repeat","background-position":"center center","background-size":"auto","background-attachment":"scroll","background-type":"","background-media":"","overlay-type":"","overlay-color":"","overlay-opacity":"","overlay-gradient":""},"tablet":{"background-color":"var(--ast-global-color-4)","background-image":"","background-repeat":"repeat","background-position":"center center","background-size":"auto","background-attachment":"scroll","background-type":"","background-media":"","overlay-type":"","overlay-color":"","overlay-opacity":"","overlay-gradient":""},"mobile":{"background-color":"var(--ast-global-color-4)","background-image":"","background-repeat":"repeat","background-position":"center center","background-size":"auto","background-attachment":"scroll","background-type":"","background-media":"","overlay-type":"","overlay-color":"","overlay-opacity":"","overlay-gradient":""}},"footnotes":""},"class_list":["post-666","page","type-page","status-publish","hentry"],"yoast_head":"<!-- This site is optimized with the Yoast SEO plugin v25.3.1 - https:\/\/yoast.com\/wordpress\/plugins\/seo\/ -->\n<title>Actaulit\u00e9s Madame Monsieur f\u00e9etout<\/title>\n<meta name=\"description\" content=\"D\u00e9couvrez d\u00e8s maintenant les actualit\u00e9s Madame Monsieur f\u00e9etout. L&#039;actualit\u00e9 de l&#039;aide \u00e0 domicile et du service \u00e0 la personne.\" \/>\n<meta name=\"robots\" content=\"index, follow, max-snippet:-1, max-image-preview:large, max-video-preview:-1\" \/>\n<link rel=\"canonical\" href=\"https:\/\/madameetmonsieurfeetout.com\/index.php\/actualites-monsieur-madame-feetout\/\" \/>\n<meta property=\"og:locale\" content=\"en_US\" \/>\n<meta property=\"og:type\" content=\"article\" \/>\n<meta property=\"og:title\" content=\"Actaulit\u00e9s Madame Monsieur f\u00e9etout\" \/>\n<meta property=\"og:description\" content=\"D\u00e9couvrez d\u00e8s maintenant les actualit\u00e9s Madame Monsieur f\u00e9etout. L&#039;actualit\u00e9 de l&#039;aide \u00e0 domicile et du service \u00e0 la personne.\" \/>\n<meta property=\"og:url\" content=\"https:\/\/madameetmonsieurfeetout.com\/index.php\/actualites-monsieur-madame-feetout\/\" \/>\n<meta property=\"og:site_name\" content=\"MADAME &amp; MONSIEUR F\u00c9ETOUT\" \/>\n<meta property=\"article:modified_time\" content=\"2025-06-20T14:20:37+00:00\" \/>\n<meta property=\"og:image\" content=\"http:\/\/madameetmonsieurfeetout.com\/wp-content\/uploads\/2025\/05\/bricolage-madame-fee-tout-768x515.jpg-1.png\" \/>\n<meta name=\"twitter:card\" content=\"summary_large_image\" \/>\n<meta name=\"twitter:label1\" content=\"Est. reading time\" \/>\n\t<meta name=\"twitter:data1\" content=\"2 minutes\" \/>\n<script type=\"application\/ld+json\" class=\"yoast-schema-graph\">{\"@context\":\"https:\/\/schema.org\",\"@graph\":[{\"@type\":\"WebPage\",\"@id\":\"https:\/\/madameetmonsieurfeetout.com\/index.php\/actualites-monsieur-madame-feetout\/\",\"url\":\"https:\/\/madameetmonsieurfeetout.com\/index.php\/actualites-monsieur-madame-feetout\/\",\"name\":\"Actaulit\u00e9s Madame Monsieur f\u00e9etout\",\"isPartOf\":{\"@id\":\"https:\/\/madameetmonsieurfeetout.com\/#website\"},\"primaryImageOfPage\":{\"@id\":\"https:\/\/madameetmonsieurfeetout.com\/index.php\/actualites-monsieur-madame-feetout\/#primaryimage\"},\"image\":{\"@id\":\"https:\/\/madameetmonsieurfeetout.com\/index.php\/actualites-monsieur-madame-feetout\/#primaryimage\"},\"thumbnailUrl\":\"http:\/\/madameetmonsieurfeetout.com\/wp-content\/uploads\/2025\/05\/bricolage-madame-fee-tout-768x515.jpg-1.png\",\"datePublished\":\"2025-05-27T08:44:57+00:00\",\"dateModified\":\"2025-06-20T14:20:37+00:00\",\"description\":\"D\u00e9couvrez d\u00e8s maintenant les actualit\u00e9s Madame Monsieur f\u00e9etout. L'actualit\u00e9 de l'aide \u00e0 domicile et du service \u00e0 la personne.\",\"breadcrumb\":{\"@id\":\"https:\/\/madameetmonsieurfeetout.com\/index.php\/actualites-monsieur-madame-feetout\/#breadcrumb\"},\"inLanguage\":\"en-US\",\"potentialAction\":[{\"@type\":\"ReadAction\",\"target\":[\"https:\/\/madameetmonsieurfeetout.com\/index.php\/actualites-monsieur-madame-feetout\/\"]}]},{\"@type\":\"ImageObject\",\"inLanguage\":\"en-US\",\"@id\":\"https:\/\/madameetmonsieurfeetout.com\/index.php\/actualites-monsieur-madame-feetout\/#primaryimage\",\"url\":\"https:\/\/madameetmonsieurfeetout.com\/wp-content\/uploads\/2025\/05\/bricolage-madame-fee-tout-768x515.jpg-1.png\",\"contentUrl\":\"https:\/\/madameetmonsieurfeetout.com\/wp-content\/uploads\/2025\/05\/bricolage-madame-fee-tout-768x515.jpg-1.png\",\"width\":1824,\"height\":1419},{\"@type\":\"BreadcrumbList\",\"@id\":\"https:\/\/madameetmonsieurfeetout.com\/index.php\/actualites-monsieur-madame-feetout\/#breadcrumb\",\"itemListElement\":[{\"@type\":\"ListItem\",\"position\":1,\"name\":\"Accueil\",\"item\":\"https:\/\/madameetmonsieurfeetout.com\/\"},{\"@type\":\"ListItem\",\"position\":2,\"name\":\"Actualit\u00e9s\"}]},{\"@type\":\"WebSite\",\"@id\":\"https:\/\/madameetmonsieurfeetout.com\/#website\",\"url\":\"https:\/\/madameetmonsieurfeetout.com\/\",\"name\":\"MADAME &amp; MONSIEUR F\u00c9ETOUT\",\"description\":\"Un site utilisant WordPress\",\"publisher\":{\"@id\":\"https:\/\/madameetmonsieurfeetout.com\/#organization\"},\"potentialAction\":[{\"@type\":\"SearchAction\",\"target\":{\"@type\":\"EntryPoint\",\"urlTemplate\":\"https:\/\/madameetmonsieurfeetout.com\/?s={search_term_string}\"},\"query-input\":{\"@type\":\"PropertyValueSpecification\",\"valueRequired\":true,\"valueName\":\"search_term_string\"}}],\"inLanguage\":\"en-US\"},{\"@type\":\"Organization\",\"@id\":\"https:\/\/madameetmonsieurfeetout.com\/#organization\",\"name\":\"MADAME &amp; MONSIEUR F\u00c9ETOUT\",\"url\":\"https:\/\/madameetmonsieurfeetout.com\/\",\"logo\":{\"@type\":\"ImageObject\",\"inLanguage\":\"en-US\",\"@id\":\"https:\/\/madameetmonsieurfeetout.com\/#\/schema\/logo\/image\/\",\"url\":\"https:\/\/madameetmonsieurfeetout.com\/wp-content\/uploads\/2025\/05\/cropped-Logo-Mr-Mme-Fee-Tout.png\",\"contentUrl\":\"https:\/\/madameetmonsieurfeetout.com\/wp-content\/uploads\/2025\/05\/cropped-Logo-Mr-Mme-Fee-Tout.png\",\"width\":299,\"height\":185,\"caption\":\"MADAME &amp; MONSIEUR F\u00c9ETOUT\"},\"image\":{\"@id\":\"https:\/\/madameetmonsieurfeetout.com\/#\/schema\/logo\/image\/\"}}]}<\/script>\n<!-- \/ Yoast SEO plugin. -->","yoast_head_json":{"title":"Actaulit\u00e9s Madame Monsieur f\u00e9etout","description":"D\u00e9couvrez d\u00e8s maintenant les actualit\u00e9s Madame Monsieur f\u00e9etout. L'actualit\u00e9 de l'aide \u00e0 domicile et du service \u00e0 la personne.","robots":{"index":"index","follow":"follow","max-snippet":"max-snippet:-1","max-image-preview":"max-image-preview:large","max-video-preview":"max-video-preview:-1"},"canonical":"https:\/\/madameetmonsieurfeetout.com\/index.php\/actualites-monsieur-madame-feetout\/","og_locale":"en_US","og_type":"article","og_title":"Actaulit\u00e9s Madame Monsieur f\u00e9etout","og_description":"D\u00e9couvrez d\u00e8s maintenant les actualit\u00e9s Madame Monsieur f\u00e9etout. L'actualit\u00e9 de l'aide \u00e0 domicile et du service \u00e0 la personne.","og_url":"https:\/\/madameetmonsieurfeetout.com\/index.php\/actualites-monsieur-madame-feetout\/","og_site_name":"MADAME &amp; MONSIEUR F\u00c9ETOUT","article_modified_time":"2025-06-20T14:20:37+00:00","og_image":[{"url":"http:\/\/madameetmonsieurfeetout.com\/wp-content\/uploads\/2025\/05\/bricolage-madame-fee-tout-768x515.jpg-1.png","type":"","width":"","height":""}],"twitter_card":"summary_large_image","twitter_misc":{"Est. reading time":"2 minutes"},"schema":{"@context":"https:\/\/schema.org","@graph":[{"@type":"WebPage","@id":"https:\/\/madameetmonsieurfeetout.com\/index.php\/actualites-monsieur-madame-feetout\/","url":"https:\/\/madameetmonsieurfeetout.com\/index.php\/actualites-monsieur-madame-feetout\/","name":"Actaulit\u00e9s Madame Monsieur f\u00e9etout","isPartOf":{"@id":"https:\/\/madameetmonsieurfeetout.com\/#website"},"primaryImageOfPage":{"@id":"https:\/\/madameetmonsieurfeetout.com\/index.php\/actualites-monsieur-madame-feetout\/#primaryimage"},"image":{"@id":"https:\/\/madameetmonsieurfeetout.com\/index.php\/actualites-monsieur-madame-feetout\/#primaryimage"},"thumbnailUrl":"http:\/\/madameetmonsieurfeetout.com\/wp-content\/uploads\/2025\/05\/bricolage-madame-fee-tout-768x515.jpg-1.png","datePublished":"2025-05-27T08:44:57+00:00","dateModified":"2025-06-20T14:20:37+00:00","description":"D\u00e9couvrez d\u00e8s maintenant les actualit\u00e9s Madame Monsieur f\u00e9etout. L'actualit\u00e9 de l'aide \u00e0 domicile et du service \u00e0 la personne.","breadcrumb":{"@id":"https:\/\/madameetmonsieurfeetout.com\/index.php\/actualites-monsieur-madame-feetout\/#breadcrumb"},"inLanguage":"en-US","potentialAction":[{"@type":"ReadAction","target":["https:\/\/madameetmonsieurfeetout.com\/index.php\/actualites-monsieur-madame-feetout\/"]}]},{"@type":"ImageObject","inLanguage":"en-US","@id":"https:\/\/madameetmonsieurfeetout.com\/index.php\/actualites-monsieur-madame-feetout\/#primaryimage","url":"https:\/\/madameetmonsieurfeetout.com\/wp-content\/uploads\/2025\/05\/bricolage-madame-fee-tout-768x515.jpg-1.png","contentUrl":"https:\/\/madameetmonsieurfeetout.com\/wp-content\/uploads\/2025\/05\/bricolage-madame-fee-tout-768x515.jpg-1.png","width":1824,"height":1419},{"@type":"BreadcrumbList","@id":"https:\/\/madameetmonsieurfeetout.com\/index.php\/actualites-monsieur-madame-feetout\/#breadcrumb","itemListElement":[{"@type":"ListItem","position":1,"name":"Accueil","item":"https:\/\/madameetmonsieurfeetout.com\/"},{"@type":"ListItem","position":2,"name":"Actualit\u00e9s"}]},{"@type":"WebSite","@id":"https:\/\/madameetmonsieurfeetout.com\/#website","url":"https:\/\/madameetmonsieurfeetout.com\/","name":"MADAME &amp; MONSIEUR F\u00c9ETOUT","description":"Un site utilisant WordPress","publisher":{"@id":"https:\/\/madameetmonsieurfeetout.com\/#organization"},"potentialAction":[{"@type":"SearchAction","target":{"@type":"EntryPoint","urlTemplate":"https:\/\/madameetmonsieurfeetout.com\/?s={search_term_string}"},"query-input":{"@type":"PropertyValueSpecification","valueRequired":true,"valueName":"search_term_string"}}],"inLanguage":"en-US"},{"@type":"Organization","@id":"https:\/\/madameetmonsieurfeetout.com\/#organization","name":"MADAME &amp; MONSIEUR F\u00c9ETOUT","url":"https:\/\/madameetmonsieurfeetout.com\/","logo":{"@type":"ImageObject","inLanguage":"en-US","@id":"https:\/\/madameetmonsieurfeetout.com\/#\/schema\/logo\/image\/","url":"https:\/\/madameetmonsieurfeetout.com\/wp-content\/uploads\/2025\/05\/cropped-Logo-Mr-Mme-Fee-Tout.png","contentUrl":"https:\/\/madameetmonsieurfeetout.com\/wp-content\/uploads\/2025\/05\/cropped-Logo-Mr-Mme-Fee-Tout.png","width":299,"height":185,"caption":"MADAME &amp; MONSIEUR F\u00c9ETOUT"},"image":{"@id":"https:\/\/madameetmonsieurfeetout.com\/#\/schema\/logo\/image\/"}}]}},"_links":{"self":[{"href":"https:\/\/madameetmonsieurfeetout.com\/index.php\/wp-json\/wp\/v2\/pages\/666","targetHints":{"allow":["GET"]}}],"collection":[{"href":"https:\/\/madameetmonsieurfeetout.com\/index.php\/wp-json\/wp\/v2\/pages"}],"about":[{"href":"https:\/\/madameetmonsieurfeetout.com\/index.php\/wp-json\/wp\/v2\/types\/page"}],"author":[{"embeddable":true,"href":"https:\/\/madameetmonsieurfeetout.com\/index.php\/wp-json\/wp\/v2\/users\/1"}],"replies":[{"embeddable":true,"href":"https:\/\/madameetmonsieurfeetout.com\/index.php\/wp-json\/wp\/v2\/comments?post=666"}],"version-history":[{"count":73,"href":"https:\/\/madameetmonsieurfeetout.com\/index.php\/wp-json\/wp\/v2\/pages\/666\/revisions"}],"predecessor-version":[{"id":1827,"href":"https:\/\/madameetmonsieurfeetout.com\/index.php\/wp-json\/wp\/v2\/pages\/666\/revisions\/1827"}],"wp:attachment":[{"href":"https:\/\/madameetmonsieurfeetout.com\/index.php\/wp-json\/wp\/v2\/media?parent=666"}],"curies":[{"name":"wp","href":"https:\/\/api.w.org\/{rel}","templated":true}]}}