{"id":51,"date":"2025-05-06T13:42:56","date_gmt":"2025-05-06T11:42:56","guid":{"rendered":"https:\/\/madameetmonsieurfeetout.com\/?page_id=51"},"modified":"2026-04-15T10:46:53","modified_gmt":"2026-04-15T08:46:53","slug":"prestations-monsieur-feetout","status":"publish","type":"page","link":"https:\/\/madameetmonsieurfeetout.com\/index.php\/prestations-monsieur-feetout\/","title":{"rendered":"PRESTATIONS MONSIEUR F\u00c9ETOUT"},"content":{"rendered":"\t\t<div data-elementor-type=\"wp-page\" data-elementor-id=\"51\" class=\"elementor elementor-51\">\n\t\t\t\t<div class=\"elementor-element elementor-element-8ac8fa5 e-flex e-con-boxed e-con e-parent\" data-id=\"8ac8fa5\" data-element_type=\"container\" data-settings=\"{&quot;background_background&quot;:&quot;classic&quot;}\">\n\t\t\t\t\t<div class=\"e-con-inner\">\n\t\t<div class=\"elementor-element elementor-element-9240007 e-con-full e-flex e-con e-child\" data-id=\"9240007\" data-element_type=\"container\">\n\t\t\t\t<div class=\"elementor-element elementor-element-e0d686b elementor-invisible elementor-widget elementor-widget-image\" data-id=\"e0d686b\" data-element_type=\"widget\" data-settings=\"{&quot;_animation&quot;:&quot;fadeInLeft&quot;}\" data-widget_type=\"image.default\">\n\t\t\t\t<div class=\"elementor-widget-container\">\n\t\t\t\t\t\t\t\t\t\t\t\t\t\t\t<img fetchpriority=\"high\" decoding=\"async\" width=\"1024\" height=\"710\" src=\"https:\/\/madameetmonsieurfeetout.com\/wp-content\/uploads\/2025\/05\/Logo-MFT_V7-1024x710.jpg\" class=\"attachment-large size-large wp-image-134\" alt=\"\" srcset=\"https:\/\/madameetmonsieurfeetout.com\/wp-content\/uploads\/2025\/05\/Logo-MFT_V7-1024x710.jpg 1024w, https:\/\/madameetmonsieurfeetout.com\/wp-content\/uploads\/2025\/05\/Logo-MFT_V7-300x208.jpg 300w, https:\/\/madameetmonsieurfeetout.com\/wp-content\/uploads\/2025\/05\/Logo-MFT_V7-768x533.jpg 768w, https:\/\/madameetmonsieurfeetout.com\/wp-content\/uploads\/2025\/05\/Logo-MFT_V7-1536x1066.jpg 1536w, https:\/\/madameetmonsieurfeetout.com\/wp-content\/uploads\/2025\/05\/Logo-MFT_V7-2048x1421.jpg 2048w\" sizes=\"(max-width: 1024px) 100vw, 1024px\" \/>\t\t\t\t\t\t\t\t\t\t\t\t\t\t\t<\/div>\n\t\t\t\t<\/div>\n\t\t\t\t<\/div>\n\t\t<div class=\"elementor-element elementor-element-8f80fb2 e-con-full e-flex e-con e-child\" data-id=\"8f80fb2\" data-element_type=\"container\">\n\t\t\t\t<div class=\"elementor-element elementor-element-7fcd397 elementor-invisible elementor-widget elementor-widget-heading\" data-id=\"7fcd397\" data-element_type=\"widget\" data-settings=\"{&quot;_animation&quot;:&quot;fadeInDown&quot;}\" data-widget_type=\"heading.default\">\n\t\t\t\t<div class=\"elementor-widget-container\">\n\t\t\t\t\t<h2 class=\"elementor-heading-title elementor-size-default\">Nos prestations pour les professionnels<\/h2>\t\t\t\t<\/div>\n\t\t\t\t<\/div>\n\t\t\t\t<\/div>\n\t\t<div class=\"elementor-element elementor-element-a027a57 e-con-full e-flex e-con e-child\" data-id=\"a027a57\" data-element_type=\"container\">\n\t\t\t\t<div class=\"elementor-element elementor-element-d5bf887 elementor-hidden-mobile elementor-invisible elementor-widget elementor-widget-image\" data-id=\"d5bf887\" data-element_type=\"widget\" data-settings=\"{&quot;_animation&quot;:&quot;fadeInRight&quot;}\" data-widget_type=\"image.default\">\n\t\t\t\t<div class=\"elementor-widget-container\">\n\t\t\t\t\t\t\t\t\t\t\t\t\t\t\t<img fetchpriority=\"high\" decoding=\"async\" width=\"1024\" height=\"710\" src=\"https:\/\/madameetmonsieurfeetout.com\/wp-content\/uploads\/2025\/05\/Logo-MFT_V7-1024x710.jpg\" class=\"attachment-large size-large wp-image-134\" alt=\"\" srcset=\"https:\/\/madameetmonsieurfeetout.com\/wp-content\/uploads\/2025\/05\/Logo-MFT_V7-1024x710.jpg 1024w, https:\/\/madameetmonsieurfeetout.com\/wp-content\/uploads\/2025\/05\/Logo-MFT_V7-300x208.jpg 300w, https:\/\/madameetmonsieurfeetout.com\/wp-content\/uploads\/2025\/05\/Logo-MFT_V7-768x533.jpg 768w, https:\/\/madameetmonsieurfeetout.com\/wp-content\/uploads\/2025\/05\/Logo-MFT_V7-1536x1066.jpg 1536w, https:\/\/madameetmonsieurfeetout.com\/wp-content\/uploads\/2025\/05\/Logo-MFT_V7-2048x1421.jpg 2048w\" sizes=\"(max-width: 1024px) 100vw, 1024px\" \/>\t\t\t\t\t\t\t\t\t\t\t\t\t\t\t<\/div>\n\t\t\t\t<\/div>\n\t\t\t\t<\/div>\n\t\t\t\t\t<\/div>\n\t\t\t\t<\/div>\n\t\t<div class=\"elementor-element elementor-element-5f13bfc e-flex e-con-boxed e-con e-parent\" data-id=\"5f13bfc\" data-element_type=\"container\" data-settings=\"{&quot;background_background&quot;:&quot;classic&quot;}\">\n\t\t\t\t\t<div class=\"e-con-inner\">\n\t\t<div class=\"elementor-element elementor-element-7bc55dc e-grid e-con-full e-con e-child\" data-id=\"7bc55dc\" data-element_type=\"container\">\n\t\t\t\t<div class=\"elementor-element elementor-element-8e29d82 elementor-position-top elementor-invisible elementor-widget elementor-widget-image-box\" data-id=\"8e29d82\" data-element_type=\"widget\" data-settings=\"{&quot;_animation&quot;:&quot;fadeInRight&quot;}\" data-widget_type=\"image-box.default\">\n\t\t\t\t<div class=\"elementor-widget-container\">\n\t\t\t\t\t<div class=\"elementor-image-box-wrapper\"><figure class=\"elementor-image-box-img\"><a href=\"https:\/\/madameetmonsieurfeetout.com\/index.php\/travaux-entretien\/\" tabindex=\"-1\"><img decoding=\"async\" width=\"1024\" height=\"679\" src=\"https:\/\/madameetmonsieurfeetout.com\/wp-content\/uploads\/2025\/05\/Travaux-entretien-1024x679.png\" class=\"elementor-animation-shrink attachment-large size-large wp-image-215\" alt=\"\" srcset=\"https:\/\/madameetmonsieurfeetout.com\/wp-content\/uploads\/2025\/05\/Travaux-entretien-1024x679.png 1024w, https:\/\/madameetmonsieurfeetout.com\/wp-content\/uploads\/2025\/05\/Travaux-entretien-300x199.png 300w, https:\/\/madameetmonsieurfeetout.com\/wp-content\/uploads\/2025\/05\/Travaux-entretien-768x509.png 768w, https:\/\/madameetmonsieurfeetout.com\/wp-content\/uploads\/2025\/05\/Travaux-entretien.png 1127w\" sizes=\"(max-width: 1024px) 100vw, 1024px\" \/><\/a><\/figure><div class=\"elementor-image-box-content\"><h3 class=\"elementor-image-box-title\"><a href=\"https:\/\/madameetmonsieurfeetout.com\/index.php\/travaux-entretien\/\">Travaux & entretien<\/a><\/h3><\/div><\/div>\t\t\t\t<\/div>\n\t\t\t\t<\/div>\n\t\t\t\t<div class=\"elementor-element elementor-element-3f0ec6a elementor-position-top elementor-invisible elementor-widget elementor-widget-image-box\" data-id=\"3f0ec6a\" data-element_type=\"widget\" data-settings=\"{&quot;_animation&quot;:&quot;fadeInLeft&quot;}\" data-widget_type=\"image-box.default\">\n\t\t\t\t<div class=\"elementor-widget-container\">\n\t\t\t\t\t<div class=\"elementor-image-box-wrapper\"><figure class=\"elementor-image-box-img\"><a href=\"https:\/\/madameetmonsieurfeetout.com\/index.php\/logistique\/\" tabindex=\"-1\"><img decoding=\"async\" width=\"1187\" height=\"788\" src=\"https:\/\/madameetmonsieurfeetout.com\/wp-content\/uploads\/2025\/05\/Logistique.png\" class=\"elementor-animation-shrink attachment-full size-full wp-image-216\" alt=\"\" srcset=\"https:\/\/madameetmonsieurfeetout.com\/wp-content\/uploads\/2025\/05\/Logistique.png 1187w, https:\/\/madameetmonsieurfeetout.com\/wp-content\/uploads\/2025\/05\/Logistique-300x199.png 300w, https:\/\/madameetmonsieurfeetout.com\/wp-content\/uploads\/2025\/05\/Logistique-1024x680.png 1024w, https:\/\/madameetmonsieurfeetout.com\/wp-content\/uploads\/2025\/05\/Logistique-768x510.png 768w\" sizes=\"(max-width: 1187px) 100vw, 1187px\" \/><\/a><\/figure><div class=\"elementor-image-box-content\"><h3 class=\"elementor-image-box-title\"><a href=\"https:\/\/madameetmonsieurfeetout.com\/index.php\/logistique\/\">Logistique<\/a><\/h3><\/div><\/div>\t\t\t\t<\/div>\n\t\t\t\t<\/div>\n\t\t\t\t<div class=\"elementor-element elementor-element-ab827a3 elementor-position-top elementor-invisible elementor-widget elementor-widget-image-box\" data-id=\"ab827a3\" data-element_type=\"widget\" data-settings=\"{&quot;_animation&quot;:&quot;fadeInRight&quot;}\" data-widget_type=\"image-box.default\">\n\t\t\t\t<div class=\"elementor-widget-container\">\n\t\t\t\t\t<div class=\"elementor-image-box-wrapper\"><figure class=\"elementor-image-box-img\"><a href=\"https:\/\/madameetmonsieurfeetout.com\/index.php\/gestion-accompagnement\/\" tabindex=\"-1\"><img loading=\"lazy\" decoding=\"async\" width=\"1188\" height=\"789\" src=\"https:\/\/madameetmonsieurfeetout.com\/wp-content\/uploads\/2025\/05\/Gestion-accompagnement.png\" class=\"elementor-animation-shrink attachment-full size-full wp-image-217\" alt=\"\" srcset=\"https:\/\/madameetmonsieurfeetout.com\/wp-content\/uploads\/2025\/05\/Gestion-accompagnement.png 1188w, https:\/\/madameetmonsieurfeetout.com\/wp-content\/uploads\/2025\/05\/Gestion-accompagnement-300x199.png 300w, https:\/\/madameetmonsieurfeetout.com\/wp-content\/uploads\/2025\/05\/Gestion-accompagnement-1024x680.png 1024w, https:\/\/madameetmonsieurfeetout.com\/wp-content\/uploads\/2025\/05\/Gestion-accompagnement-768x510.png 768w\" sizes=\"(max-width: 1188px) 100vw, 1188px\" \/><\/a><\/figure><div class=\"elementor-image-box-content\"><h3 class=\"elementor-image-box-title\"><a href=\"https:\/\/madameetmonsieurfeetout.com\/index.php\/gestion-accompagnement\/\">Gestion & accompagnement<\/a><\/h3><\/div><\/div>\t\t\t\t<\/div>\n\t\t\t\t<\/div>\n\t\t\t\t<\/div>\n\t\t\t\t\t<\/div>\n\t\t\t\t<\/div>\n\t\t<div class=\"elementor-element elementor-element-15587aa e-con-full e-flex e-con e-parent\" data-id=\"15587aa\" data-element_type=\"container\" data-settings=\"{&quot;background_background&quot;:&quot;gradient&quot;}\">\n\t\t<div class=\"elementor-element elementor-element-a8983e8 e-con-full e-flex e-con e-child\" data-id=\"a8983e8\" data-element_type=\"container\" data-settings=\"{&quot;background_background&quot;:&quot;gradient&quot;}\">\n\t\t\t\t<div class=\"elementor-element elementor-element-d1c646d elementor-invisible elementor-widget elementor-widget-heading\" data-id=\"d1c646d\" data-element_type=\"widget\" data-settings=\"{&quot;_animation&quot;:&quot;fadeInDown&quot;}\" data-widget_type=\"heading.default\">\n\t\t\t\t<div class=\"elementor-widget-container\">\n\t\t\t\t\t<h2 class=\"elementor-heading-title elementor-size-default\">Contactez-nous<\/h2>\t\t\t\t<\/div>\n\t\t\t\t<\/div>\n\t\t\t\t<div class=\"elementor-element elementor-element-efbf712 elementor-widget__width-initial elementor-widget-tablet__width-initial elementor-widget-mobile__width-initial elementor-widget elementor-widget-text-editor\" data-id=\"efbf712\" data-element_type=\"widget\" data-widget_type=\"text-editor.default\">\n\t\t\t\t<div class=\"elementor-widget-container\">\n\t\t\t\t\t\t\t\t\t<p>Un conseil ? Un devis ? Un renseignement ? L\u2019\u00e9quipe est \u00e0 votre disposition pour r\u00e9pondre \u00e0 toutes vos questions. Nous vous garantissons une r\u00e9ponse rapide. , c\u2019est un accompagnement sur-mesure. N\u2019h\u00e9sitez plus, contactez-nous !<\/p>\t\t\t\t\t\t\t\t<\/div>\n\t\t\t\t<\/div>\n\t\t\t\t<div class=\"elementor-element elementor-element-e89a13a elementor-align-center elementor-invisible elementor-widget elementor-widget-button\" data-id=\"e89a13a\" data-element_type=\"widget\" data-settings=\"{&quot;_animation&quot;:&quot;fadeInUp&quot;}\" data-widget_type=\"button.default\">\n\t\t\t\t<div class=\"elementor-widget-container\">\n\t\t\t\t\t\t\t\t\t<div class=\"elementor-button-wrapper\">\n\t\t\t\t\t<a class=\"elementor-button elementor-button-link elementor-size-sm elementor-animation-grow\" href=\"https:\/\/madameetmonsieurfeetout.com\/index.php\/contact\/\">\n\t\t\t\t\t\t<span class=\"elementor-button-content-wrapper\">\n\t\t\t\t\t\t\t\t\t<span class=\"elementor-button-text\">FORMULAIRE DE CONTACT<\/span>\n\t\t\t\t\t<\/span>\n\t\t\t\t\t<\/a>\n\t\t\t\t<\/div>\n\t\t\t\t\t\t\t\t<\/div>\n\t\t\t\t<\/div>\n\t\t\t\t<\/div>\n\t\t<div class=\"elementor-element elementor-element-e0a867c e-con-full e-flex elementor-invisible e-con e-child\" data-id=\"e0a867c\" data-element_type=\"container\" data-settings=\"{&quot;animation&quot;:&quot;fadeInRight&quot;}\">\n\t\t\t\t<div class=\"elementor-element elementor-element-f09111f elementor-widget elementor-widget-google_maps\" data-id=\"f09111f\" data-element_type=\"widget\" data-widget_type=\"google_maps.default\">\n\t\t\t\t<div class=\"elementor-widget-container\">\n\t\t\t\t\t\t\t<div class=\"elementor-custom-embed\">\n\t\t\t<iframe loading=\"lazy\"\n\t\t\t\t\tsrc=\"https:\/\/maps.google.com\/maps?q=19%20Rue%20du%20Dr%20Goujon%2C%2075012%20Paris&#038;t=m&#038;z=10&#038;output=embed&#038;iwloc=near\"\n\t\t\t\t\ttitle=\"19 Rue du Dr Goujon, 75012 Paris\"\n\t\t\t\t\taria-label=\"19 Rue du Dr Goujon, 75012 Paris\"\n\t\t\t><\/iframe>\n\t\t<\/div>\n\t\t\t\t\t\t<\/div>\n\t\t\t\t<\/div>\n\t\t\t\t<\/div>\n\t\t\t\t<\/div>\n\t\t\t\t<\/div>\n\t\t","protected":false},"excerpt":{"rendered":"<p>Nos prestations pour les professionnels Travaux &#038; entretien Logistique Gestion &#038; accompagnement Contactez-nous Un conseil ? Un devis ? Un [&hellip;]<\/p>\n","protected":false},"author":1,"featured_media":0,"parent":0,"menu_order":0,"comment_status":"closed","ping_status":"closed","template":"","meta":{"site-sidebar-layout":"no-sidebar","site-content-layout":"","ast-site-content-layout":"full-width-container","site-content-style":"default","site-sidebar-style":"default","ast-global-header-display":"","ast-banner-title-visibility":"","ast-main-header-display":"","ast-hfb-above-header-display":"","ast-hfb-below-header-display":"","ast-hfb-mobile-header-display":"","site-post-title":"disabled","ast-breadcrumbs-content":"","ast-featured-img":"disabled","footer-sml-layout":"","theme-transparent-header-meta":"","adv-header-id-meta":"","stick-header-meta":"","header-above-stick-meta":"","header-main-stick-meta":"","header-below-stick-meta":"","astra-migrate-meta-layouts":"default","ast-page-background-enabled":"default","ast-page-background-meta":{"desktop":{"background-color":"var(--ast-global-color-5)","background-image":"","background-repeat":"repeat","background-position":"center center","background-size":"auto","background-attachment":"scroll","background-type":"","background-media":"","overlay-type":"","overlay-color":"","overlay-opacity":"","overlay-gradient":""},"tablet":{"background-color":"","background-image":"","background-repeat":"repeat","background-position":"center center","background-size":"auto","background-attachment":"scroll","background-type":"","background-media":"","overlay-type":"","overlay-color":"","overlay-opacity":"","overlay-gradient":""},"mobile":{"background-color":"","background-image":"","background-repeat":"repeat","background-position":"center center","background-size":"auto","background-attachment":"scroll","background-type":"","background-media":"","overlay-type":"","overlay-color":"","overlay-opacity":"","overlay-gradient":""}},"ast-content-background-meta":{"desktop":{"background-color":"var(--ast-global-color-4)","background-image":"","background-repeat":"repeat","background-position":"center center","background-size":"auto","background-attachment":"scroll","background-type":"","background-media":"","overlay-type":"","overlay-color":"","overlay-opacity":"","overlay-gradient":""},"tablet":{"background-color":"var(--ast-global-color-4)","background-image":"","background-repeat":"repeat","background-position":"center center","background-size":"auto","background-attachment":"scroll","background-type":"","background-media":"","overlay-type":"","overlay-color":"","overlay-opacity":"","overlay-gradient":""},"mobile":{"background-color":"var(--ast-global-color-4)","background-image":"","background-repeat":"repeat","background-position":"center center","background-size":"auto","background-attachment":"scroll","background-type":"","background-media":"","overlay-type":"","overlay-color":"","overlay-opacity":"","overlay-gradient":""}},"footnotes":""},"class_list":["post-51","page","type-page","status-publish","hentry"],"yoast_head":"<!-- This site is optimized with the Yoast SEO plugin v25.3.1 - https:\/\/yoast.com\/wordpress\/plugins\/seo\/ -->\n<title>PRESTATIONS MONSIEUR F\u00c9ETOUT - MADAME &amp; MONSIEUR F\u00c9ETOUT<\/title>\n<meta name=\"description\" content=\"D\u00e9couvrez les prestations de services monsieur f\u00e9etout : Travaux &amp; entretien, Logistique et Gestion &amp; Accompagnement.\" \/>\n<meta name=\"robots\" content=\"index, follow, max-snippet:-1, max-image-preview:large, max-video-preview:-1\" \/>\n<link rel=\"canonical\" href=\"https:\/\/madameetmonsieurfeetout.com\/index.php\/prestations-monsieur-feetout\/\" \/>\n<meta property=\"og:locale\" content=\"en_US\" \/>\n<meta property=\"og:type\" content=\"article\" \/>\n<meta property=\"og:title\" content=\"PRESTATIONS MONSIEUR F\u00c9ETOUT - MADAME &amp; MONSIEUR F\u00c9ETOUT\" \/>\n<meta property=\"og:description\" content=\"D\u00e9couvrez les prestations de services monsieur f\u00e9etout : Travaux &amp; entretien, Logistique et Gestion &amp; Accompagnement.\" \/>\n<meta property=\"og:url\" content=\"https:\/\/madameetmonsieurfeetout.com\/index.php\/prestations-monsieur-feetout\/\" \/>\n<meta property=\"og:site_name\" content=\"MADAME &amp; MONSIEUR F\u00c9ETOUT\" \/>\n<meta property=\"article:modified_time\" content=\"2026-04-15T08:46:53+00:00\" \/>\n<meta property=\"og:image\" content=\"http:\/\/madameetmonsieurfeetout.com\/wp-content\/uploads\/2025\/05\/Logo-MFT_V7-1024x710.jpg\" \/>\n<meta name=\"twitter:card\" content=\"summary_large_image\" \/>\n<meta name=\"twitter:label1\" content=\"Est. reading time\" \/>\n\t<meta name=\"twitter:data1\" content=\"2 minutes\" \/>\n<script type=\"application\/ld+json\" class=\"yoast-schema-graph\">{\"@context\":\"https:\/\/schema.org\",\"@graph\":[{\"@type\":\"WebPage\",\"@id\":\"https:\/\/madameetmonsieurfeetout.com\/index.php\/prestations-monsieur-feetout\/\",\"url\":\"https:\/\/madameetmonsieurfeetout.com\/index.php\/prestations-monsieur-feetout\/\",\"name\":\"PRESTATIONS MONSIEUR F\u00c9ETOUT - MADAME &amp; MONSIEUR F\u00c9ETOUT\",\"isPartOf\":{\"@id\":\"https:\/\/madameetmonsieurfeetout.com\/#website\"},\"primaryImageOfPage\":{\"@id\":\"https:\/\/madameetmonsieurfeetout.com\/index.php\/prestations-monsieur-feetout\/#primaryimage\"},\"image\":{\"@id\":\"https:\/\/madameetmonsieurfeetout.com\/index.php\/prestations-monsieur-feetout\/#primaryimage\"},\"thumbnailUrl\":\"http:\/\/madameetmonsieurfeetout.com\/wp-content\/uploads\/2025\/05\/Logo-MFT_V7-1024x710.jpg\",\"datePublished\":\"2025-05-06T11:42:56+00:00\",\"dateModified\":\"2026-04-15T08:46:53+00:00\",\"description\":\"D\u00e9couvrez les prestations de services monsieur f\u00e9etout : Travaux & entretien, Logistique et Gestion & Accompagnement.\",\"breadcrumb\":{\"@id\":\"https:\/\/madameetmonsieurfeetout.com\/index.php\/prestations-monsieur-feetout\/#breadcrumb\"},\"inLanguage\":\"en-US\",\"potentialAction\":[{\"@type\":\"ReadAction\",\"target\":[\"https:\/\/madameetmonsieurfeetout.com\/index.php\/prestations-monsieur-feetout\/\"]}]},{\"@type\":\"ImageObject\",\"inLanguage\":\"en-US\",\"@id\":\"https:\/\/madameetmonsieurfeetout.com\/index.php\/prestations-monsieur-feetout\/#primaryimage\",\"url\":\"https:\/\/madameetmonsieurfeetout.com\/wp-content\/uploads\/2025\/05\/Logo-MFT_V7-scaled.jpg\",\"contentUrl\":\"https:\/\/madameetmonsieurfeetout.com\/wp-content\/uploads\/2025\/05\/Logo-MFT_V7-scaled.jpg\",\"width\":2560,\"height\":1776},{\"@type\":\"BreadcrumbList\",\"@id\":\"https:\/\/madameetmonsieurfeetout.com\/index.php\/prestations-monsieur-feetout\/#breadcrumb\",\"itemListElement\":[{\"@type\":\"ListItem\",\"position\":1,\"name\":\"Accueil\",\"item\":\"https:\/\/madameetmonsieurfeetout.com\/\"},{\"@type\":\"ListItem\",\"position\":2,\"name\":\"PRESTATIONS MONSIEUR F\u00c9ETOUT\"}]},{\"@type\":\"WebSite\",\"@id\":\"https:\/\/madameetmonsieurfeetout.com\/#website\",\"url\":\"https:\/\/madameetmonsieurfeetout.com\/\",\"name\":\"MADAME &amp; MONSIEUR F\u00c9ETOUT\",\"description\":\"Un site utilisant WordPress\",\"publisher\":{\"@id\":\"https:\/\/madameetmonsieurfeetout.com\/#organization\"},\"potentialAction\":[{\"@type\":\"SearchAction\",\"target\":{\"@type\":\"EntryPoint\",\"urlTemplate\":\"https:\/\/madameetmonsieurfeetout.com\/?s={search_term_string}\"},\"query-input\":{\"@type\":\"PropertyValueSpecification\",\"valueRequired\":true,\"valueName\":\"search_term_string\"}}],\"inLanguage\":\"en-US\"},{\"@type\":\"Organization\",\"@id\":\"https:\/\/madameetmonsieurfeetout.com\/#organization\",\"name\":\"MADAME &amp; MONSIEUR F\u00c9ETOUT\",\"url\":\"https:\/\/madameetmonsieurfeetout.com\/\",\"logo\":{\"@type\":\"ImageObject\",\"inLanguage\":\"en-US\",\"@id\":\"https:\/\/madameetmonsieurfeetout.com\/#\/schema\/logo\/image\/\",\"url\":\"https:\/\/madameetmonsieurfeetout.com\/wp-content\/uploads\/2025\/05\/cropped-Logo-Mr-Mme-Fee-Tout.png\",\"contentUrl\":\"https:\/\/madameetmonsieurfeetout.com\/wp-content\/uploads\/2025\/05\/cropped-Logo-Mr-Mme-Fee-Tout.png\",\"width\":299,\"height\":185,\"caption\":\"MADAME &amp; MONSIEUR F\u00c9ETOUT\"},\"image\":{\"@id\":\"https:\/\/madameetmonsieurfeetout.com\/#\/schema\/logo\/image\/\"}}]}<\/script>\n<!-- \/ Yoast SEO plugin. -->","yoast_head_json":{"title":"PRESTATIONS MONSIEUR F\u00c9ETOUT - MADAME &amp; MONSIEUR F\u00c9ETOUT","description":"D\u00e9couvrez les prestations de services monsieur f\u00e9etout : Travaux & entretien, Logistique et Gestion & Accompagnement.","robots":{"index":"index","follow":"follow","max-snippet":"max-snippet:-1","max-image-preview":"max-image-preview:large","max-video-preview":"max-video-preview:-1"},"canonical":"https:\/\/madameetmonsieurfeetout.com\/index.php\/prestations-monsieur-feetout\/","og_locale":"en_US","og_type":"article","og_title":"PRESTATIONS MONSIEUR F\u00c9ETOUT - MADAME &amp; MONSIEUR F\u00c9ETOUT","og_description":"D\u00e9couvrez les prestations de services monsieur f\u00e9etout : Travaux & entretien, Logistique et Gestion & Accompagnement.","og_url":"https:\/\/madameetmonsieurfeetout.com\/index.php\/prestations-monsieur-feetout\/","og_site_name":"MADAME &amp; MONSIEUR F\u00c9ETOUT","article_modified_time":"2026-04-15T08:46:53+00:00","og_image":[{"url":"http:\/\/madameetmonsieurfeetout.com\/wp-content\/uploads\/2025\/05\/Logo-MFT_V7-1024x710.jpg","type":"","width":"","height":""}],"twitter_card":"summary_large_image","twitter_misc":{"Est. reading time":"2 minutes"},"schema":{"@context":"https:\/\/schema.org","@graph":[{"@type":"WebPage","@id":"https:\/\/madameetmonsieurfeetout.com\/index.php\/prestations-monsieur-feetout\/","url":"https:\/\/madameetmonsieurfeetout.com\/index.php\/prestations-monsieur-feetout\/","name":"PRESTATIONS MONSIEUR F\u00c9ETOUT - MADAME &amp; MONSIEUR F\u00c9ETOUT","isPartOf":{"@id":"https:\/\/madameetmonsieurfeetout.com\/#website"},"primaryImageOfPage":{"@id":"https:\/\/madameetmonsieurfeetout.com\/index.php\/prestations-monsieur-feetout\/#primaryimage"},"image":{"@id":"https:\/\/madameetmonsieurfeetout.com\/index.php\/prestations-monsieur-feetout\/#primaryimage"},"thumbnailUrl":"http:\/\/madameetmonsieurfeetout.com\/wp-content\/uploads\/2025\/05\/Logo-MFT_V7-1024x710.jpg","datePublished":"2025-05-06T11:42:56+00:00","dateModified":"2026-04-15T08:46:53+00:00","description":"D\u00e9couvrez les prestations de services monsieur f\u00e9etout : Travaux & entretien, Logistique et Gestion & Accompagnement.","breadcrumb":{"@id":"https:\/\/madameetmonsieurfeetout.com\/index.php\/prestations-monsieur-feetout\/#breadcrumb"},"inLanguage":"en-US","potentialAction":[{"@type":"ReadAction","target":["https:\/\/madameetmonsieurfeetout.com\/index.php\/prestations-monsieur-feetout\/"]}]},{"@type":"ImageObject","inLanguage":"en-US","@id":"https:\/\/madameetmonsieurfeetout.com\/index.php\/prestations-monsieur-feetout\/#primaryimage","url":"https:\/\/madameetmonsieurfeetout.com\/wp-content\/uploads\/2025\/05\/Logo-MFT_V7-scaled.jpg","contentUrl":"https:\/\/madameetmonsieurfeetout.com\/wp-content\/uploads\/2025\/05\/Logo-MFT_V7-scaled.jpg","width":2560,"height":1776},{"@type":"BreadcrumbList","@id":"https:\/\/madameetmonsieurfeetout.com\/index.php\/prestations-monsieur-feetout\/#breadcrumb","itemListElement":[{"@type":"ListItem","position":1,"name":"Accueil","item":"https:\/\/madameetmonsieurfeetout.com\/"},{"@type":"ListItem","position":2,"name":"PRESTATIONS MONSIEUR F\u00c9ETOUT"}]},{"@type":"WebSite","@id":"https:\/\/madameetmonsieurfeetout.com\/#website","url":"https:\/\/madameetmonsieurfeetout.com\/","name":"MADAME &amp; MONSIEUR F\u00c9ETOUT","description":"Un site utilisant WordPress","publisher":{"@id":"https:\/\/madameetmonsieurfeetout.com\/#organization"},"potentialAction":[{"@type":"SearchAction","target":{"@type":"EntryPoint","urlTemplate":"https:\/\/madameetmonsieurfeetout.com\/?s={search_term_string}"},"query-input":{"@type":"PropertyValueSpecification","valueRequired":true,"valueName":"search_term_string"}}],"inLanguage":"en-US"},{"@type":"Organization","@id":"https:\/\/madameetmonsieurfeetout.com\/#organization","name":"MADAME &amp; MONSIEUR F\u00c9ETOUT","url":"https:\/\/madameetmonsieurfeetout.com\/","logo":{"@type":"ImageObject","inLanguage":"en-US","@id":"https:\/\/madameetmonsieurfeetout.com\/#\/schema\/logo\/image\/","url":"https:\/\/madameetmonsieurfeetout.com\/wp-content\/uploads\/2025\/05\/cropped-Logo-Mr-Mme-Fee-Tout.png","contentUrl":"https:\/\/madameetmonsieurfeetout.com\/wp-content\/uploads\/2025\/05\/cropped-Logo-Mr-Mme-Fee-Tout.png","width":299,"height":185,"caption":"MADAME &amp; MONSIEUR F\u00c9ETOUT"},"image":{"@id":"https:\/\/madameetmonsieurfeetout.com\/#\/schema\/logo\/image\/"}}]}},"_links":{"self":[{"href":"https:\/\/madameetmonsieurfeetout.com\/index.php\/wp-json\/wp\/v2\/pages\/51","targetHints":{"allow":["GET"]}}],"collection":[{"href":"https:\/\/madameetmonsieurfeetout.com\/index.php\/wp-json\/wp\/v2\/pages"}],"about":[{"href":"https:\/\/madameetmonsieurfeetout.com\/index.php\/wp-json\/wp\/v2\/types\/page"}],"author":[{"embeddable":true,"href":"https:\/\/madameetmonsieurfeetout.com\/index.php\/wp-json\/wp\/v2\/users\/1"}],"replies":[{"embeddable":true,"href":"https:\/\/madameetmonsieurfeetout.com\/index.php\/wp-json\/wp\/v2\/comments?post=51"}],"version-history":[{"count":64,"href":"https:\/\/madameetmonsieurfeetout.com\/index.php\/wp-json\/wp\/v2\/pages\/51\/revisions"}],"predecessor-version":[{"id":1849,"href":"https:\/\/madameetmonsieurfeetout.com\/index.php\/wp-json\/wp\/v2\/pages\/51\/revisions\/1849"}],"wp:attachment":[{"href":"https:\/\/madameetmonsieurfeetout.com\/index.php\/wp-json\/wp\/v2\/media?parent=51"}],"curies":[{"name":"wp","href":"https:\/\/api.w.org\/{rel}","templated":true}]}}