{"id":47,"date":"2025-05-06T13:42:56","date_gmt":"2025-05-06T11:42:56","guid":{"rendered":"https:\/\/madameetmonsieurfeetout.com\/?page_id=47"},"modified":"2026-04-15T10:33:28","modified_gmt":"2026-04-15T08:33:28","slug":"contact-madame-monsieur-feetout","status":"publish","type":"page","link":"https:\/\/madameetmonsieurfeetout.com\/index.php\/contact-madame-monsieur-feetout\/","title":{"rendered":"CONTACT"},"content":{"rendered":"\t\t<div data-elementor-type=\"wp-page\" data-elementor-id=\"47\" class=\"elementor elementor-47\">\n\t\t\t\t<div class=\"elementor-element elementor-element-1620000 e-flex e-con-boxed e-con e-parent\" data-id=\"1620000\" data-element_type=\"container\" data-settings=\"{&quot;background_background&quot;:&quot;gradient&quot;}\">\n\t\t\t\t\t<div class=\"e-con-inner\">\n\t\t\t\t<div class=\"elementor-element elementor-element-be0aaaf elementor-invisible elementor-widget elementor-widget-heading\" data-id=\"be0aaaf\" data-element_type=\"widget\" data-settings=\"{&quot;_animation&quot;:&quot;fadeInDown&quot;}\" data-widget_type=\"heading.default\">\n\t\t\t\t<div class=\"elementor-widget-container\">\n\t\t\t\t\t<h2 class=\"elementor-heading-title elementor-size-default\">NOUS CONTACTER<\/h2>\t\t\t\t<\/div>\n\t\t\t\t<\/div>\n\t\t\t\t\t<\/div>\n\t\t\t\t<\/div>\n\t\t<div class=\"elementor-element elementor-element-742035c e-con-full e-flex e-con e-parent\" data-id=\"742035c\" data-element_type=\"container\">\n\t\t<div class=\"elementor-element elementor-element-7b3b144 e-con-full e-flex e-con e-child\" data-id=\"7b3b144\" data-element_type=\"container\">\n\t\t\t\t<div class=\"elementor-element elementor-element-a89a112 elementor-invisible elementor-widget elementor-widget-text-editor\" data-id=\"a89a112\" data-element_type=\"widget\" data-settings=\"{&quot;_animation&quot;:&quot;fadeInLeft&quot;}\" data-widget_type=\"text-editor.default\">\n\t\t\t\t<div class=\"elementor-widget-container\">\n\t\t\t\t\t\t\t\t\t<div class=\"page\" title=\"Page 17\"><div class=\"layoutArea\"><div class=\"column\"><p>Besoin d\u2019un comple\u0301ment d\u2019information sur nos prestations ? Besoin d\u2019une aide a\u0300 la personne ? Besoin d\u2019une garde d\u2019enfants ou autres ? Besoin d\u2019un devis gratuit ? Nos e\u0301quipes sont a\u0300 votre disposition pour vous re\u0301pondre. Contactez-nous via le formulaire ci-dessous en pre\u0301cisant le mieux possible vos pre\u0301occupations. Nous e\u0301tudierons votre demande et vous re\u0301pondrons dans les plus brefs de\u0301lais.<\/p><div class=\"page\" title=\"Page 17\"><div class=\"layoutArea\"><div class=\"column\"><p><strong>Te\u0301l : 01.45.82.72.31 \/ 07.82.57.76.12<br \/><\/strong><strong>Addresse : <span class=\"title medium\">19 Rue du Dr Goujon<\/span>, 75012 Paris<\/strong><br \/><strong>Mail : contact@madamefeetout.com<\/strong><\/p><\/div><\/div><\/div><\/div><\/div><\/div>\t\t\t\t\t\t\t\t<\/div>\n\t\t\t\t<\/div>\n\t\t\t\t<div class=\"elementor-element elementor-element-6ea8c08 fluentform-widget-submit-button-custom elementor-invisible elementor-widget elementor-widget-fluent-form-widget\" data-id=\"6ea8c08\" data-element_type=\"widget\" data-settings=\"{&quot;_animation&quot;:&quot;fadeInLeft&quot;}\" data-widget_type=\"fluent-form-widget.default\">\n\t\t\t\t<div class=\"elementor-widget-container\">\n\t\t\t\t\t\n            <div class=\"fluentform-widget-wrapper hide-fluent-form-labels fluentform-widget-align-default\">\n\n            \n            <div class='fluentform ff-default fluentform_wrapper_1 ffs_default_wrap'><form data-form_id=\"1\" id=\"fluentform_1\" class=\"frm-fluent-form fluent_form_1 ff-el-form-top ff_form_instance_1_1 ff-form-loading ffs_default\" data-form_instance=\"ff_form_instance_1_1\" method=\"POST\" ><fieldset  style=\"border: none!important;margin: 0!important;padding: 0!important;background-color: transparent!important;box-shadow: none!important;outline: none!important; min-inline-size: 100%;\">\n                    <legend class=\"ff_screen_reader_title\" style=\"display: block; margin: 0!important;padding: 0!important;height: 0!important;text-indent: -999999px;width: 0!important;overflow:hidden;\">Formulaire de contact<\/legend><input type='hidden' name='__fluent_form_embded_post_id' value='47' \/><input type=\"hidden\" id=\"_fluentform_1_fluentformnonce\" name=\"_fluentform_1_fluentformnonce\" value=\"7a5db6ca2f\" \/><input type=\"hidden\" name=\"_wp_http_referer\" value=\"\/index.php\/wp-json\/wp\/v2\/pages\/47\" \/><div data-type=\"name-element\" data-name=\"names\" class=\" ff-field_container ff-name-field-wrapper\" ><div class='ff-t-container'><div class='ff-t-cell '><div class='ff-el-group'><div class=\"ff-el-input--label asterisk-right\"><label for='ff_1_names_first_name_' id='label_ff_1_names_first_name_' >Pr\u00e9nom<\/label><\/div><div class='ff-el-input--content'><input type=\"text\" name=\"names[first_name]\" id=\"ff_1_names_first_name_\" class=\"ff-el-form-control\" placeholder=\"Pr\u00e9nom\" aria-invalid=\"false\" aria-required=false><\/div><\/div><\/div><div class='ff-t-cell '><div class='ff-el-group'><div class=\"ff-el-input--label asterisk-right\"><label for='ff_1_names_last_name_' id='label_ff_1_names_last_name_' >Nom<\/label><\/div><div class='ff-el-input--content'><input type=\"text\" name=\"names[last_name]\" id=\"ff_1_names_last_name_\" class=\"ff-el-form-control\" placeholder=\"Nom\" aria-invalid=\"false\" aria-required=false><\/div><\/div><\/div><\/div><\/div><div class='ff-el-group'><div class=\"ff-el-input--label ff-el-is-required asterisk-right\"><label for='ff_1_input_text' id='label_ff_1_input_text' aria-label=\"T\u00e9l\u00e9phone\">T\u00e9l\u00e9phone<\/label><\/div><div class='ff-el-input--content'><input type=\"text\" name=\"input_text\" class=\"ff-el-form-control\" placeholder=\"T\u00e9l\u00e9phone\" data-name=\"input_text\" id=\"ff_1_input_text\"  aria-invalid=\"false\" aria-required=true><\/div><\/div><div class='ff-el-group'><div class=\"ff-el-input--label ff-el-is-required asterisk-right\"><label for='ff_1_email' id='label_ff_1_email' aria-label=\"Email\">Email<\/label><\/div><div class='ff-el-input--content'><input type=\"email\" name=\"email\" id=\"ff_1_email\" class=\"ff-el-form-control\" placeholder=\"Email\" data-name=\"email\"  aria-invalid=\"false\" aria-required=true><\/div><\/div><div class='ff-el-group'><div class=\"ff-el-input--label asterisk-right\"><label for='ff_1_subject' id='label_ff_1_subject' aria-label=\"Sujet\">Sujet<\/label><\/div><div class='ff-el-input--content'><input type=\"text\" name=\"subject\" class=\"ff-el-form-control\" placeholder=\"Sujet\" data-name=\"subject\" id=\"ff_1_subject\"  aria-invalid=\"false\" aria-required=false><\/div><\/div><div class='ff-el-group'><div class=\"ff-el-input--label ff-el-is-required asterisk-right\"><label for='ff_1_message' id='label_ff_1_message' aria-label=\"Message\">Message<\/label><\/div><div class='ff-el-input--content'><textarea aria-required=\"true\" aria-labelledby=\"label_ff_1_message\" name=\"message\" id=\"ff_1_message\" class=\"ff-el-form-control\" placeholder=\"Message\" rows=\"4\" cols=\"2\" data-name=\"message\" ><\/textarea><\/div><\/div><div class='ff-el-group'><div class='ff-el-input--content'><div class='ff-el-form-check ff-el-form-check-'><label class='ff-el-form-check-label' for='checkbox_07a705f2cbbd5deafd2395bd513d90cf'><input  type=\"checkbox\" name=\"checkbox[]\" data-name=\"checkbox\" class=\"ff-el-form-check-input ff-el-form-check-checkbox\" value=\"Je confirme avoir lu et accept\u00e9 la politique de confidentialit\u00e9 du site  (voir la politique de confidentialit\u00e9)\"  id='checkbox_07a705f2cbbd5deafd2395bd513d90cf' aria-label='Je confirme avoir lu et accept\u00e9 la politique de confidentialit\u00e9 du site  (voir la politique de confidentialit\u00e9)' aria-invalid='false' aria-required=true> <span>Je confirme avoir lu et accept\u00e9 la politique de confidentialit\u00e9 du site  (voir la politique de confidentialit\u00e9)<\/span><\/label><\/div><\/div><\/div><div class='ff-el-group ff-text-left ff_submit_btn_wrapper ff_submit_btn_wrapper_custom'><button class=\"ff-btn ff-btn-submit ff-btn-md ff_btn_style wpf_has_custom_css\" type=\"submit\" name=\"custom_submit_button-1_1\" data-name=\"custom_submit_button-1_1\"  aria-label=\"ENVOYER\">ENVOYER<\/button><style>form.fluent_form_1 .wpf_has_custom_css.ff-btn-submit { background-color:rgba(9, 107, 93, 1);border-color:rgba(9, 107, 93, 1);color:#ffffff;min-width:100%; }form.fluent_form_1 .wpf_has_custom_css.ff-btn-submit:hover { background-color:#ffffff;border-color:rgba(9, 107, 93, 1);color:rgba(9, 107, 93, 1);min-width:100%; } <\/style><\/div><\/fieldset><\/form><div id='fluentform_1_errors' class='ff-errors-in-stack ff_form_instance_1_1 ff-form-loading_errors ff_form_instance_1_1_errors'><\/div><\/div>            <script type=\"text\/javascript\">\n                window.fluent_form_ff_form_instance_1_1 = {\"id\":\"1\",\"settings\":{\"layout\":{\"labelPlacement\":\"top\",\"helpMessagePlacement\":\"with_label\",\"errorMessagePlacement\":\"inline\",\"cssClassName\":\"\",\"asteriskPlacement\":\"asterisk-right\"},\"restrictions\":{\"denyEmptySubmission\":{\"enabled\":false}}},\"form_instance\":\"ff_form_instance_1_1\",\"form_id_selector\":\"fluentform_1\",\"rules\":{\"names[first_name]\":{\"required\":{\"value\":false,\"message\":\"This field is required\",\"global\":false,\"global_message\":\"This field is required\"}},\"names[middle_name]\":{\"required\":{\"value\":false,\"message\":\"This field is required\",\"global\":false,\"global_message\":\"This field is required\"}},\"names[last_name]\":{\"required\":{\"value\":false,\"message\":\"This field is required\",\"global\":false,\"global_message\":\"This field is required\"}},\"input_text\":{\"required\":{\"value\":true,\"message\":\"This field is required\",\"global_message\":\"This field is required\",\"global\":true}},\"email\":{\"required\":{\"value\":true,\"message\":\"This field is required\",\"global\":false,\"global_message\":\"This field is required\"},\"email\":{\"value\":true,\"message\":\"This field must contain a valid email\",\"global\":false,\"global_message\":\"This field must contain a valid email\"}},\"subject\":{\"required\":{\"value\":false,\"message\":\"This field is required\",\"global\":false,\"global_message\":\"This field is required\"}},\"message\":{\"required\":{\"value\":true,\"message\":\"This field is required\",\"global\":false,\"global_message\":\"This field is required\"}},\"checkbox\":{\"required\":{\"value\":true,\"message\":\"This field is required\",\"global_message\":\"This field is required\",\"global\":true}}},\"debounce_time\":300};\n                            <\/script>\n                        <\/div>\n\n            \t\t\t\t<\/div>\n\t\t\t\t<\/div>\n\t\t\t\t<\/div>\n\t\t<div class=\"elementor-element elementor-element-1fd4f1b e-con-full e-flex elementor-invisible e-con e-child\" data-id=\"1fd4f1b\" data-element_type=\"container\" data-settings=\"{&quot;animation&quot;:&quot;fadeInRight&quot;}\">\n\t\t\t\t<div class=\"elementor-element elementor-element-d4083bc elementor-widget elementor-widget-google_maps\" data-id=\"d4083bc\" data-element_type=\"widget\" data-widget_type=\"google_maps.default\">\n\t\t\t\t<div class=\"elementor-widget-container\">\n\t\t\t\t\t\t\t<div class=\"elementor-custom-embed\">\n\t\t\t<iframe loading=\"lazy\"\n\t\t\t\t\tsrc=\"https:\/\/maps.google.com\/maps?q=19%2C%20rue%20du%20Docteur%20%20Goujon%2075012&#038;t=m&#038;z=10&#038;output=embed&#038;iwloc=near\"\n\t\t\t\t\ttitle=\"19, rue du Docteur  Goujon 75012\"\n\t\t\t\t\taria-label=\"19, rue du Docteur  Goujon 75012\"\n\t\t\t><\/iframe>\n\t\t<\/div>\n\t\t\t\t\t\t<\/div>\n\t\t\t\t<\/div>\n\t\t\t\t<\/div>\n\t\t\t\t<\/div>\n\t\t\t\t<\/div>\n\t\t","protected":false},"excerpt":{"rendered":"<p>NOUS CONTACTER Besoin d\u2019un comple\u0301ment d\u2019information sur nos prestations ? Besoin d\u2019une aide a\u0300 la personne ? Besoin d\u2019une garde [&hellip;]<\/p>\n","protected":false},"author":1,"featured_media":0,"parent":0,"menu_order":0,"comment_status":"closed","ping_status":"closed","template":"","meta":{"site-sidebar-layout":"no-sidebar","site-content-layout":"","ast-site-content-layout":"full-width-container","site-content-style":"default","site-sidebar-style":"default","ast-global-header-display":"","ast-banner-title-visibility":"","ast-main-header-display":"","ast-hfb-above-header-display":"","ast-hfb-below-header-display":"","ast-hfb-mobile-header-display":"","site-post-title":"disabled","ast-breadcrumbs-content":"","ast-featured-img":"disabled","footer-sml-layout":"","theme-transparent-header-meta":"","adv-header-id-meta":"","stick-header-meta":"","header-above-stick-meta":"","header-main-stick-meta":"","header-below-stick-meta":"","astra-migrate-meta-layouts":"default","ast-page-background-enabled":"default","ast-page-background-meta":{"desktop":{"background-color":"var(--ast-global-color-5)","background-image":"","background-repeat":"repeat","background-position":"center center","background-size":"auto","background-attachment":"scroll","background-type":"","background-media":"","overlay-type":"","overlay-color":"","overlay-opacity":"","overlay-gradient":""},"tablet":{"background-color":"","background-image":"","background-repeat":"repeat","background-position":"center center","background-size":"auto","background-attachment":"scroll","background-type":"","background-media":"","overlay-type":"","overlay-color":"","overlay-opacity":"","overlay-gradient":""},"mobile":{"background-color":"","background-image":"","background-repeat":"repeat","background-position":"center center","background-size":"auto","background-attachment":"scroll","background-type":"","background-media":"","overlay-type":"","overlay-color":"","overlay-opacity":"","overlay-gradient":""}},"ast-content-background-meta":{"desktop":{"background-color":"var(--ast-global-color-4)","background-image":"","background-repeat":"repeat","background-position":"center center","background-size":"auto","background-attachment":"scroll","background-type":"","background-media":"","overlay-type":"","overlay-color":"","overlay-opacity":"","overlay-gradient":""},"tablet":{"background-color":"var(--ast-global-color-4)","background-image":"","background-repeat":"repeat","background-position":"center center","background-size":"auto","background-attachment":"scroll","background-type":"","background-media":"","overlay-type":"","overlay-color":"","overlay-opacity":"","overlay-gradient":""},"mobile":{"background-color":"var(--ast-global-color-4)","background-image":"","background-repeat":"repeat","background-position":"center center","background-size":"auto","background-attachment":"scroll","background-type":"","background-media":"","overlay-type":"","overlay-color":"","overlay-opacity":"","overlay-gradient":""}},"footnotes":""},"class_list":["post-47","page","type-page","status-publish","hentry"],"yoast_head":"<!-- This site is optimized with the Yoast SEO plugin v25.3.1 - https:\/\/yoast.com\/wordpress\/plugins\/seo\/ -->\n<title>Contactez Madame Monsieur f\u00e9etout<\/title>\n<meta name=\"description\" content=\"Contactez Madame Monsieur f\u00e9etout pour un service d&#039;aide \u00e0 domicile, service \u00e0 la personne ou pour rejoindre l&#039;\u00e9quipe !\" \/>\n<meta name=\"robots\" content=\"index, follow, max-snippet:-1, max-image-preview:large, max-video-preview:-1\" \/>\n<link rel=\"canonical\" href=\"https:\/\/madameetmonsieurfeetout.com\/index.php\/contact-madame-monsieur-feetout\/\" \/>\n<meta property=\"og:locale\" content=\"en_US\" \/>\n<meta property=\"og:type\" content=\"article\" \/>\n<meta property=\"og:title\" content=\"Contactez Madame Monsieur f\u00e9etout\" \/>\n<meta property=\"og:description\" content=\"Contactez Madame Monsieur f\u00e9etout pour un service d&#039;aide \u00e0 domicile, service \u00e0 la personne ou pour rejoindre l&#039;\u00e9quipe !\" \/>\n<meta property=\"og:url\" content=\"https:\/\/madameetmonsieurfeetout.com\/index.php\/contact-madame-monsieur-feetout\/\" \/>\n<meta property=\"og:site_name\" content=\"MADAME &amp; MONSIEUR F\u00c9ETOUT\" \/>\n<meta property=\"article:modified_time\" content=\"2026-04-15T08:33:28+00:00\" \/>\n<meta name=\"twitter:card\" content=\"summary_large_image\" \/>\n<meta name=\"twitter:label1\" content=\"Est. reading time\" \/>\n\t<meta name=\"twitter:data1\" content=\"1 minute\" \/>\n<script type=\"application\/ld+json\" class=\"yoast-schema-graph\">{\"@context\":\"https:\/\/schema.org\",\"@graph\":[{\"@type\":\"WebPage\",\"@id\":\"https:\/\/madameetmonsieurfeetout.com\/index.php\/contact-madame-monsieur-feetout\/\",\"url\":\"https:\/\/madameetmonsieurfeetout.com\/index.php\/contact-madame-monsieur-feetout\/\",\"name\":\"Contactez Madame Monsieur f\u00e9etout\",\"isPartOf\":{\"@id\":\"https:\/\/madameetmonsieurfeetout.com\/#website\"},\"datePublished\":\"2025-05-06T11:42:56+00:00\",\"dateModified\":\"2026-04-15T08:33:28+00:00\",\"description\":\"Contactez Madame Monsieur f\u00e9etout pour un service d'aide \u00e0 domicile, service \u00e0 la personne ou pour rejoindre l'\u00e9quipe !\",\"breadcrumb\":{\"@id\":\"https:\/\/madameetmonsieurfeetout.com\/index.php\/contact-madame-monsieur-feetout\/#breadcrumb\"},\"inLanguage\":\"en-US\",\"potentialAction\":[{\"@type\":\"ReadAction\",\"target\":[\"https:\/\/madameetmonsieurfeetout.com\/index.php\/contact-madame-monsieur-feetout\/\"]}]},{\"@type\":\"BreadcrumbList\",\"@id\":\"https:\/\/madameetmonsieurfeetout.com\/index.php\/contact-madame-monsieur-feetout\/#breadcrumb\",\"itemListElement\":[{\"@type\":\"ListItem\",\"position\":1,\"name\":\"Accueil\",\"item\":\"https:\/\/madameetmonsieurfeetout.com\/\"},{\"@type\":\"ListItem\",\"position\":2,\"name\":\"CONTACT\"}]},{\"@type\":\"WebSite\",\"@id\":\"https:\/\/madameetmonsieurfeetout.com\/#website\",\"url\":\"https:\/\/madameetmonsieurfeetout.com\/\",\"name\":\"MADAME &amp; MONSIEUR F\u00c9ETOUT\",\"description\":\"Un site utilisant WordPress\",\"publisher\":{\"@id\":\"https:\/\/madameetmonsieurfeetout.com\/#organization\"},\"potentialAction\":[{\"@type\":\"SearchAction\",\"target\":{\"@type\":\"EntryPoint\",\"urlTemplate\":\"https:\/\/madameetmonsieurfeetout.com\/?s={search_term_string}\"},\"query-input\":{\"@type\":\"PropertyValueSpecification\",\"valueRequired\":true,\"valueName\":\"search_term_string\"}}],\"inLanguage\":\"en-US\"},{\"@type\":\"Organization\",\"@id\":\"https:\/\/madameetmonsieurfeetout.com\/#organization\",\"name\":\"MADAME &amp; MONSIEUR F\u00c9ETOUT\",\"url\":\"https:\/\/madameetmonsieurfeetout.com\/\",\"logo\":{\"@type\":\"ImageObject\",\"inLanguage\":\"en-US\",\"@id\":\"https:\/\/madameetmonsieurfeetout.com\/#\/schema\/logo\/image\/\",\"url\":\"https:\/\/madameetmonsieurfeetout.com\/wp-content\/uploads\/2025\/05\/cropped-Logo-Mr-Mme-Fee-Tout.png\",\"contentUrl\":\"https:\/\/madameetmonsieurfeetout.com\/wp-content\/uploads\/2025\/05\/cropped-Logo-Mr-Mme-Fee-Tout.png\",\"width\":299,\"height\":185,\"caption\":\"MADAME &amp; MONSIEUR F\u00c9ETOUT\"},\"image\":{\"@id\":\"https:\/\/madameetmonsieurfeetout.com\/#\/schema\/logo\/image\/\"}}]}<\/script>\n<!-- \/ Yoast SEO plugin. -->","yoast_head_json":{"title":"Contactez Madame Monsieur f\u00e9etout","description":"Contactez Madame Monsieur f\u00e9etout pour un service d'aide \u00e0 domicile, service \u00e0 la personne ou pour rejoindre l'\u00e9quipe !","robots":{"index":"index","follow":"follow","max-snippet":"max-snippet:-1","max-image-preview":"max-image-preview:large","max-video-preview":"max-video-preview:-1"},"canonical":"https:\/\/madameetmonsieurfeetout.com\/index.php\/contact-madame-monsieur-feetout\/","og_locale":"en_US","og_type":"article","og_title":"Contactez Madame Monsieur f\u00e9etout","og_description":"Contactez Madame Monsieur f\u00e9etout pour un service d'aide \u00e0 domicile, service \u00e0 la personne ou pour rejoindre l'\u00e9quipe !","og_url":"https:\/\/madameetmonsieurfeetout.com\/index.php\/contact-madame-monsieur-feetout\/","og_site_name":"MADAME &amp; MONSIEUR F\u00c9ETOUT","article_modified_time":"2026-04-15T08:33:28+00:00","twitter_card":"summary_large_image","twitter_misc":{"Est. reading time":"1 minute"},"schema":{"@context":"https:\/\/schema.org","@graph":[{"@type":"WebPage","@id":"https:\/\/madameetmonsieurfeetout.com\/index.php\/contact-madame-monsieur-feetout\/","url":"https:\/\/madameetmonsieurfeetout.com\/index.php\/contact-madame-monsieur-feetout\/","name":"Contactez Madame Monsieur f\u00e9etout","isPartOf":{"@id":"https:\/\/madameetmonsieurfeetout.com\/#website"},"datePublished":"2025-05-06T11:42:56+00:00","dateModified":"2026-04-15T08:33:28+00:00","description":"Contactez Madame Monsieur f\u00e9etout pour un service d'aide \u00e0 domicile, service \u00e0 la personne ou pour rejoindre l'\u00e9quipe !","breadcrumb":{"@id":"https:\/\/madameetmonsieurfeetout.com\/index.php\/contact-madame-monsieur-feetout\/#breadcrumb"},"inLanguage":"en-US","potentialAction":[{"@type":"ReadAction","target":["https:\/\/madameetmonsieurfeetout.com\/index.php\/contact-madame-monsieur-feetout\/"]}]},{"@type":"BreadcrumbList","@id":"https:\/\/madameetmonsieurfeetout.com\/index.php\/contact-madame-monsieur-feetout\/#breadcrumb","itemListElement":[{"@type":"ListItem","position":1,"name":"Accueil","item":"https:\/\/madameetmonsieurfeetout.com\/"},{"@type":"ListItem","position":2,"name":"CONTACT"}]},{"@type":"WebSite","@id":"https:\/\/madameetmonsieurfeetout.com\/#website","url":"https:\/\/madameetmonsieurfeetout.com\/","name":"MADAME &amp; MONSIEUR F\u00c9ETOUT","description":"Un site utilisant WordPress","publisher":{"@id":"https:\/\/madameetmonsieurfeetout.com\/#organization"},"potentialAction":[{"@type":"SearchAction","target":{"@type":"EntryPoint","urlTemplate":"https:\/\/madameetmonsieurfeetout.com\/?s={search_term_string}"},"query-input":{"@type":"PropertyValueSpecification","valueRequired":true,"valueName":"search_term_string"}}],"inLanguage":"en-US"},{"@type":"Organization","@id":"https:\/\/madameetmonsieurfeetout.com\/#organization","name":"MADAME &amp; MONSIEUR F\u00c9ETOUT","url":"https:\/\/madameetmonsieurfeetout.com\/","logo":{"@type":"ImageObject","inLanguage":"en-US","@id":"https:\/\/madameetmonsieurfeetout.com\/#\/schema\/logo\/image\/","url":"https:\/\/madameetmonsieurfeetout.com\/wp-content\/uploads\/2025\/05\/cropped-Logo-Mr-Mme-Fee-Tout.png","contentUrl":"https:\/\/madameetmonsieurfeetout.com\/wp-content\/uploads\/2025\/05\/cropped-Logo-Mr-Mme-Fee-Tout.png","width":299,"height":185,"caption":"MADAME &amp; MONSIEUR F\u00c9ETOUT"},"image":{"@id":"https:\/\/madameetmonsieurfeetout.com\/#\/schema\/logo\/image\/"}}]}},"_links":{"self":[{"href":"https:\/\/madameetmonsieurfeetout.com\/index.php\/wp-json\/wp\/v2\/pages\/47","targetHints":{"allow":["GET"]}}],"collection":[{"href":"https:\/\/madameetmonsieurfeetout.com\/index.php\/wp-json\/wp\/v2\/pages"}],"about":[{"href":"https:\/\/madameetmonsieurfeetout.com\/index.php\/wp-json\/wp\/v2\/types\/page"}],"author":[{"embeddable":true,"href":"https:\/\/madameetmonsieurfeetout.com\/index.php\/wp-json\/wp\/v2\/users\/1"}],"replies":[{"embeddable":true,"href":"https:\/\/madameetmonsieurfeetout.com\/index.php\/wp-json\/wp\/v2\/comments?post=47"}],"version-history":[{"count":61,"href":"https:\/\/madameetmonsieurfeetout.com\/index.php\/wp-json\/wp\/v2\/pages\/47\/revisions"}],"predecessor-version":[{"id":1846,"href":"https:\/\/madameetmonsieurfeetout.com\/index.php\/wp-json\/wp\/v2\/pages\/47\/revisions\/1846"}],"wp:attachment":[{"href":"https:\/\/madameetmonsieurfeetout.com\/index.php\/wp-json\/wp\/v2\/media?parent=47"}],"curies":[{"name":"wp","href":"https:\/\/api.w.org\/{rel}","templated":true}]}}