{"id":3,"date":"2025-04-30T17:43:34","date_gmt":"2025-04-30T15:43:34","guid":{"rendered":"http:\/\/madameetmonsieurfeetout.com\/?page_id=3"},"modified":"2025-06-17T14:27:20","modified_gmt":"2025-06-17T12:27:20","slug":"politique-de-confidentialite","status":"publish","type":"page","link":"https:\/\/madameetmonsieurfeetout.com\/index.php\/politique-de-confidentialite\/","title":{"rendered":"Politique de confidentialit\u00e9"},"content":{"rendered":"\n<h2 class=\"wp-block-heading\">\ud83d\udd10 Politique de confidentialit\u00e9<\/h2>\n\n\n\n<h3 class=\"wp-block-heading\">Derni\u00e8re mise \u00e0 jour : juin 2025<\/h3>\n\n\n\n<hr class=\"wp-block-separator has-alpha-channel-opacity\"\/>\n\n\n\n<h2 class=\"wp-block-heading\"><strong>1. Informations g\u00e9n\u00e9rales<\/strong><\/h2>\n\n\n\n<p>Nous prenons la protection des donn\u00e9es \u00e0 caract\u00e8re personnel tr\u00e8s au s\u00e9rieux et respectons les dispositions l\u00e9gales en la mati\u00e8re.<\/p>\n\n\n\n<p>La pr\u00e9sente politique vous informe sur le type de donn\u00e9es personnelles collect\u00e9es sur ce site Internet, la finalit\u00e9 de leur utilisation et la mesure dans laquelle ces donn\u00e9es peuvent \u00eatre transmises \u00e0 des tiers.<\/p>\n\n\n\n<hr class=\"wp-block-separator has-alpha-channel-opacity\"\/>\n\n\n\n<h2 class=\"wp-block-heading\"><strong>2. Utilisation du site<\/strong><\/h2>\n\n\n\n<p>L\u2019utilisation du site <a class=\"\" href=\"https:\/\/madameetmonsieurfeetout.com\">https:\/\/madameetmonsieurfeetout.com<\/a> est possible sans fournir de donn\u00e9es personnelles. Cependant, certaines fonctionnalit\u00e9s (formulaires de contact, newsletter, etc.) peuvent n\u00e9cessiter la collecte d&#8217;informations personnelles.<\/p>\n\n\n\n<p>Les donn\u00e9es sont trait\u00e9es conform\u00e9ment au <strong>R\u00e8glement G\u00e9n\u00e9ral sur la Protection des Donn\u00e9es (RGPD)<\/strong> et \u00e0 la l\u00e9gislation fran\u00e7aise applicable.<\/p>\n\n\n\n<hr class=\"wp-block-separator has-alpha-channel-opacity\"\/>\n\n\n\n<h2 class=\"wp-block-heading\"><strong>3. Cookies<\/strong><\/h2>\n\n\n\n<p>Nous utilisons des cookies pour :<\/p>\n\n\n\n<ul class=\"wp-block-list\">\n<li>Am\u00e9liorer votre navigation sur le site<\/li>\n\n\n\n<li>M\u00e9moriser vos pr\u00e9f\u00e9rences<\/li>\n\n\n\n<li>Mesurer l\u2019audience via des outils de statistiques<\/li>\n<\/ul>\n\n\n\n<p>Un cookie est un petit fichier texte stock\u00e9 sur votre appareil. Vous pouvez \u00e0 tout moment d\u00e9sactiver les cookies via les param\u00e8tres de votre navigateur.<\/p>\n\n\n\n<hr class=\"wp-block-separator has-alpha-channel-opacity\"\/>\n\n\n\n<h2 class=\"wp-block-heading\"><strong>4. Responsable du traitement des donn\u00e9es<\/strong><\/h2>\n\n\n\n<p>Le traitement des donn\u00e9es est effectu\u00e9 par :<\/p>\n\n\n\n<p><strong>LCG \u2013 MADAME FEE TOUT<\/strong><br>Soci\u00e9t\u00e9 par actions simplifi\u00e9e (SAS)<br>19 rue du Docteur Goujon, 75012 Paris<br>Email : <a>contact@madameetmonsieurfeetout.fr<\/a><br>T\u00e9l\u00e9phone : 01 84 88 70 10<\/p>\n\n\n\n<hr class=\"wp-block-separator has-alpha-channel-opacity\"\/>\n\n\n\n<h2 class=\"wp-block-heading\"><strong>5. D\u00e9l\u00e9gu\u00e9 \u00e0 la protection des donn\u00e9es<\/strong><\/h2>\n\n\n\n<p>Pour toute question relative \u00e0 vos donn\u00e9es personnelles :<\/p>\n\n\n\n<p><strong>Par email :<\/strong> <a>contact@madameetmonsieurfeetout.fr<\/a><br><strong>Par courrier :<\/strong><br>LCG \u2013 MADAME FEE TOUT<br>\u00c0 l\u2019attention du d\u00e9l\u00e9gu\u00e9 \u00e0 la protection des donn\u00e9es<br>19 rue du Docteur Goujon, 75012 Paris<\/p>\n\n\n\n<hr class=\"wp-block-separator has-alpha-channel-opacity\"\/>\n\n\n\n<h2 class=\"wp-block-heading\"><strong>6. Dur\u00e9e de conservation<\/strong><\/h2>\n\n\n\n<p>Les donn\u00e9es envoy\u00e9es via le formulaire de contact sont conserv\u00e9es aussi longtemps que n\u00e9cessaire pour r\u00e9pondre \u00e0 votre demande et assurer un suivi efficace.<\/p>\n\n\n\n<p>Elles ne sont ni revendues, ni conserv\u00e9es \u00e0 des fins commerciales sans votre consentement explicite.<\/p>\n\n\n\n<hr class=\"wp-block-separator has-alpha-channel-opacity\"\/>\n\n\n\n<h2 class=\"wp-block-heading\"><strong>7. Vos droits<\/strong><\/h2>\n\n\n\n<p>Conform\u00e9ment au RGPD, vous disposez des droits suivants :<\/p>\n\n\n\n<ul class=\"wp-block-list\">\n<li>Acc\u00e8s \u00e0 vos donn\u00e9es<\/li>\n\n\n\n<li>Rectification<\/li>\n\n\n\n<li>Suppression (droit \u00e0 l\u2019oubli)<\/li>\n\n\n\n<li>Limitation du traitement<\/li>\n\n\n\n<li>Portabilit\u00e9<\/li>\n\n\n\n<li>Opposition au traitement pour motif l\u00e9gitime<\/li>\n<\/ul>\n\n\n\n<p>Pour exercer vos droits, contactez-nous \u00e0 <strong><a>contact@madameetmonsieurfeetout.fr<\/a><\/strong>.<\/p>\n\n\n\n<hr class=\"wp-block-separator has-alpha-channel-opacity\"\/>\n\n\n\n<h2 class=\"wp-block-heading\"><strong>8. Newsletter<\/strong><\/h2>\n\n\n\n<p>Si vous vous inscrivez \u00e0 notre newsletter :<\/p>\n\n\n\n<ul class=\"wp-block-list\">\n<li>Nous collectons uniquement votre adresse e-mail<\/li>\n\n\n\n<li>Nous stockons votre IP, date et heure d&#8217;inscription<\/li>\n\n\n\n<li>Vous pouvez vous d\u00e9sabonner \u00e0 tout moment via le lien pr\u00e9sent dans chaque email<\/li>\n<\/ul>\n\n\n\n<p>Aucune de ces donn\u00e9es n\u2019est partag\u00e9e avec des tiers.<\/p>\n\n\n\n<hr class=\"wp-block-separator has-alpha-channel-opacity\"\/>\n\n\n\n<h2 class=\"wp-block-heading\"><strong>9. S\u00e9curit\u00e9 des donn\u00e9es<\/strong><\/h2>\n\n\n\n<p>Vos donn\u00e9es sont h\u00e9berg\u00e9es sur des serveurs s\u00e9curis\u00e9s en France, chez notre prestataire <strong>OVH<\/strong>.<br>Nous prenons toutes les pr\u00e9cautions n\u00e9cessaires pour en assurer la s\u00e9curit\u00e9 et la confidentialit\u00e9.<\/p>\n\n\n\n<hr class=\"wp-block-separator has-alpha-channel-opacity\"\/>\n\n\n\n<h2 class=\"wp-block-heading\"><strong>10. Modifications<\/strong><\/h2>\n\n\n\n<p>Cette politique peut \u00eatre mise \u00e0 jour \u00e0 tout moment. La derni\u00e8re date de mise \u00e0 jour est indiqu\u00e9e en haut de cette page.<\/p>\n","protected":false},"excerpt":{"rendered":"<p>\ud83d\udd10 Politique de confidentialit\u00e9 Derni\u00e8re mise \u00e0 jour : juin 2025 1. Informations g\u00e9n\u00e9rales Nous prenons la protection des donn\u00e9es [&hellip;]<\/p>\n","protected":false},"author":1,"featured_media":0,"parent":0,"menu_order":0,"comment_status":"closed","ping_status":"open","template":"","meta":{"site-sidebar-layout":"default","site-content-layout":"","ast-site-content-layout":"","site-content-style":"default","site-sidebar-style":"default","ast-global-header-display":"","ast-banner-title-visibility":"","ast-main-header-display":"","ast-hfb-above-header-display":"","ast-hfb-below-header-display":"","ast-hfb-mobile-header-display":"","site-post-title":"disabled","ast-breadcrumbs-content":"","ast-featured-img":"","footer-sml-layout":"","theme-transparent-header-meta":"","adv-header-id-meta":"","stick-header-meta":"","header-above-stick-meta":"","header-main-stick-meta":"","header-below-stick-meta":"","astra-migrate-meta-layouts":"default","ast-page-background-enabled":"default","ast-page-background-meta":{"desktop":{"background-color":"var(--ast-global-color-5)","background-image":"","background-repeat":"repeat","background-position":"center center","background-size":"auto","background-attachment":"scroll","background-type":"","background-media":"","overlay-type":"","overlay-color":"","overlay-opacity":"","overlay-gradient":""},"tablet":{"background-color":"","background-image":"","background-repeat":"repeat","background-position":"center center","background-size":"auto","background-attachment":"scroll","background-type":"","background-media":"","overlay-type":"","overlay-color":"","overlay-opacity":"","overlay-gradient":""},"mobile":{"background-color":"","background-image":"","background-repeat":"repeat","background-position":"center center","background-size":"auto","background-attachment":"scroll","background-type":"","background-media":"","overlay-type":"","overlay-color":"","overlay-opacity":"","overlay-gradient":""}},"ast-content-background-meta":{"desktop":{"background-color":"var(--ast-global-color-4)","background-image":"","background-repeat":"repeat","background-position":"center center","background-size":"auto","background-attachment":"scroll","background-type":"","background-media":"","overlay-type":"","overlay-color":"","overlay-opacity":"","overlay-gradient":""},"tablet":{"background-color":"var(--ast-global-color-4)","background-image":"","background-repeat":"repeat","background-position":"center center","background-size":"auto","background-attachment":"scroll","background-type":"","background-media":"","overlay-type":"","overlay-color":"","overlay-opacity":"","overlay-gradient":""},"mobile":{"background-color":"var(--ast-global-color-4)","background-image":"","background-repeat":"repeat","background-position":"center center","background-size":"auto","background-attachment":"scroll","background-type":"","background-media":"","overlay-type":"","overlay-color":"","overlay-opacity":"","overlay-gradient":""}},"footnotes":""},"class_list":["post-3","page","type-page","status-publish","hentry"],"yoast_head":"<!-- This site is optimized with the Yoast SEO plugin v25.3.1 - https:\/\/yoast.com\/wordpress\/plugins\/seo\/ -->\n<title>Politique de confidentialit\u00e9 - MADAME &amp; MONSIEUR F\u00c9ETOUT<\/title>\n<meta name=\"robots\" content=\"index, follow, max-snippet:-1, max-image-preview:large, max-video-preview:-1\" \/>\n<link rel=\"canonical\" href=\"https:\/\/madameetmonsieurfeetout.com\/index.php\/politique-de-confidentialite\/\" \/>\n<meta property=\"og:locale\" content=\"en_US\" \/>\n<meta property=\"og:type\" content=\"article\" \/>\n<meta property=\"og:title\" content=\"Politique de confidentialit\u00e9 - MADAME &amp; MONSIEUR F\u00c9ETOUT\" \/>\n<meta property=\"og:description\" content=\"\ud83d\udd10 Politique de confidentialit\u00e9 Derni\u00e8re mise \u00e0 jour : juin 2025 1. Informations g\u00e9n\u00e9rales Nous prenons la protection des donn\u00e9es [&hellip;]\" \/>\n<meta property=\"og:url\" content=\"https:\/\/madameetmonsieurfeetout.com\/index.php\/politique-de-confidentialite\/\" \/>\n<meta property=\"og:site_name\" content=\"MADAME &amp; MONSIEUR F\u00c9ETOUT\" \/>\n<meta property=\"article:modified_time\" content=\"2025-06-17T12:27:20+00:00\" \/>\n<meta name=\"twitter:card\" content=\"summary_large_image\" \/>\n<meta name=\"twitter:label1\" content=\"Est. reading time\" \/>\n\t<meta name=\"twitter:data1\" content=\"3 minutes\" \/>\n<script type=\"application\/ld+json\" class=\"yoast-schema-graph\">{\"@context\":\"https:\/\/schema.org\",\"@graph\":[{\"@type\":\"WebPage\",\"@id\":\"https:\/\/madameetmonsieurfeetout.com\/index.php\/politique-de-confidentialite\/\",\"url\":\"https:\/\/madameetmonsieurfeetout.com\/index.php\/politique-de-confidentialite\/\",\"name\":\"Politique de confidentialit\u00e9 - MADAME &amp; MONSIEUR F\u00c9ETOUT\",\"isPartOf\":{\"@id\":\"https:\/\/madameetmonsieurfeetout.com\/#website\"},\"datePublished\":\"2025-04-30T15:43:34+00:00\",\"dateModified\":\"2025-06-17T12:27:20+00:00\",\"breadcrumb\":{\"@id\":\"https:\/\/madameetmonsieurfeetout.com\/index.php\/politique-de-confidentialite\/#breadcrumb\"},\"inLanguage\":\"en-US\",\"potentialAction\":[{\"@type\":\"ReadAction\",\"target\":[\"https:\/\/madameetmonsieurfeetout.com\/index.php\/politique-de-confidentialite\/\"]}]},{\"@type\":\"BreadcrumbList\",\"@id\":\"https:\/\/madameetmonsieurfeetout.com\/index.php\/politique-de-confidentialite\/#breadcrumb\",\"itemListElement\":[{\"@type\":\"ListItem\",\"position\":1,\"name\":\"Accueil\",\"item\":\"https:\/\/madameetmonsieurfeetout.com\/\"},{\"@type\":\"ListItem\",\"position\":2,\"name\":\"Politique de confidentialit\u00e9\"}]},{\"@type\":\"WebSite\",\"@id\":\"https:\/\/madameetmonsieurfeetout.com\/#website\",\"url\":\"https:\/\/madameetmonsieurfeetout.com\/\",\"name\":\"MADAME &amp; MONSIEUR F\u00c9ETOUT\",\"description\":\"Un site utilisant WordPress\",\"publisher\":{\"@id\":\"https:\/\/madameetmonsieurfeetout.com\/#organization\"},\"potentialAction\":[{\"@type\":\"SearchAction\",\"target\":{\"@type\":\"EntryPoint\",\"urlTemplate\":\"https:\/\/madameetmonsieurfeetout.com\/?s={search_term_string}\"},\"query-input\":{\"@type\":\"PropertyValueSpecification\",\"valueRequired\":true,\"valueName\":\"search_term_string\"}}],\"inLanguage\":\"en-US\"},{\"@type\":\"Organization\",\"@id\":\"https:\/\/madameetmonsieurfeetout.com\/#organization\",\"name\":\"MADAME &amp; MONSIEUR F\u00c9ETOUT\",\"url\":\"https:\/\/madameetmonsieurfeetout.com\/\",\"logo\":{\"@type\":\"ImageObject\",\"inLanguage\":\"en-US\",\"@id\":\"https:\/\/madameetmonsieurfeetout.com\/#\/schema\/logo\/image\/\",\"url\":\"https:\/\/madameetmonsieurfeetout.com\/wp-content\/uploads\/2025\/05\/cropped-Logo-Mr-Mme-Fee-Tout.png\",\"contentUrl\":\"https:\/\/madameetmonsieurfeetout.com\/wp-content\/uploads\/2025\/05\/cropped-Logo-Mr-Mme-Fee-Tout.png\",\"width\":299,\"height\":185,\"caption\":\"MADAME &amp; MONSIEUR F\u00c9ETOUT\"},\"image\":{\"@id\":\"https:\/\/madameetmonsieurfeetout.com\/#\/schema\/logo\/image\/\"}}]}<\/script>\n<!-- \/ Yoast SEO plugin. -->","yoast_head_json":{"title":"Politique de confidentialit\u00e9 - MADAME &amp; MONSIEUR F\u00c9ETOUT","robots":{"index":"index","follow":"follow","max-snippet":"max-snippet:-1","max-image-preview":"max-image-preview:large","max-video-preview":"max-video-preview:-1"},"canonical":"https:\/\/madameetmonsieurfeetout.com\/index.php\/politique-de-confidentialite\/","og_locale":"en_US","og_type":"article","og_title":"Politique de confidentialit\u00e9 - MADAME &amp; MONSIEUR F\u00c9ETOUT","og_description":"\ud83d\udd10 Politique de confidentialit\u00e9 Derni\u00e8re mise \u00e0 jour : juin 2025 1. Informations g\u00e9n\u00e9rales Nous prenons la protection des donn\u00e9es [&hellip;]","og_url":"https:\/\/madameetmonsieurfeetout.com\/index.php\/politique-de-confidentialite\/","og_site_name":"MADAME &amp; MONSIEUR F\u00c9ETOUT","article_modified_time":"2025-06-17T12:27:20+00:00","twitter_card":"summary_large_image","twitter_misc":{"Est. reading time":"3 minutes"},"schema":{"@context":"https:\/\/schema.org","@graph":[{"@type":"WebPage","@id":"https:\/\/madameetmonsieurfeetout.com\/index.php\/politique-de-confidentialite\/","url":"https:\/\/madameetmonsieurfeetout.com\/index.php\/politique-de-confidentialite\/","name":"Politique de confidentialit\u00e9 - MADAME &amp; MONSIEUR F\u00c9ETOUT","isPartOf":{"@id":"https:\/\/madameetmonsieurfeetout.com\/#website"},"datePublished":"2025-04-30T15:43:34+00:00","dateModified":"2025-06-17T12:27:20+00:00","breadcrumb":{"@id":"https:\/\/madameetmonsieurfeetout.com\/index.php\/politique-de-confidentialite\/#breadcrumb"},"inLanguage":"en-US","potentialAction":[{"@type":"ReadAction","target":["https:\/\/madameetmonsieurfeetout.com\/index.php\/politique-de-confidentialite\/"]}]},{"@type":"BreadcrumbList","@id":"https:\/\/madameetmonsieurfeetout.com\/index.php\/politique-de-confidentialite\/#breadcrumb","itemListElement":[{"@type":"ListItem","position":1,"name":"Accueil","item":"https:\/\/madameetmonsieurfeetout.com\/"},{"@type":"ListItem","position":2,"name":"Politique de confidentialit\u00e9"}]},{"@type":"WebSite","@id":"https:\/\/madameetmonsieurfeetout.com\/#website","url":"https:\/\/madameetmonsieurfeetout.com\/","name":"MADAME &amp; MONSIEUR F\u00c9ETOUT","description":"Un site utilisant WordPress","publisher":{"@id":"https:\/\/madameetmonsieurfeetout.com\/#organization"},"potentialAction":[{"@type":"SearchAction","target":{"@type":"EntryPoint","urlTemplate":"https:\/\/madameetmonsieurfeetout.com\/?s={search_term_string}"},"query-input":{"@type":"PropertyValueSpecification","valueRequired":true,"valueName":"search_term_string"}}],"inLanguage":"en-US"},{"@type":"Organization","@id":"https:\/\/madameetmonsieurfeetout.com\/#organization","name":"MADAME &amp; MONSIEUR F\u00c9ETOUT","url":"https:\/\/madameetmonsieurfeetout.com\/","logo":{"@type":"ImageObject","inLanguage":"en-US","@id":"https:\/\/madameetmonsieurfeetout.com\/#\/schema\/logo\/image\/","url":"https:\/\/madameetmonsieurfeetout.com\/wp-content\/uploads\/2025\/05\/cropped-Logo-Mr-Mme-Fee-Tout.png","contentUrl":"https:\/\/madameetmonsieurfeetout.com\/wp-content\/uploads\/2025\/05\/cropped-Logo-Mr-Mme-Fee-Tout.png","width":299,"height":185,"caption":"MADAME &amp; MONSIEUR F\u00c9ETOUT"},"image":{"@id":"https:\/\/madameetmonsieurfeetout.com\/#\/schema\/logo\/image\/"}}]}},"_links":{"self":[{"href":"https:\/\/madameetmonsieurfeetout.com\/index.php\/wp-json\/wp\/v2\/pages\/3","targetHints":{"allow":["GET"]}}],"collection":[{"href":"https:\/\/madameetmonsieurfeetout.com\/index.php\/wp-json\/wp\/v2\/pages"}],"about":[{"href":"https:\/\/madameetmonsieurfeetout.com\/index.php\/wp-json\/wp\/v2\/types\/page"}],"author":[{"embeddable":true,"href":"https:\/\/madameetmonsieurfeetout.com\/index.php\/wp-json\/wp\/v2\/users\/1"}],"replies":[{"embeddable":true,"href":"https:\/\/madameetmonsieurfeetout.com\/index.php\/wp-json\/wp\/v2\/comments?post=3"}],"version-history":[{"count":2,"href":"https:\/\/madameetmonsieurfeetout.com\/index.php\/wp-json\/wp\/v2\/pages\/3\/revisions"}],"predecessor-version":[{"id":1569,"href":"https:\/\/madameetmonsieurfeetout.com\/index.php\/wp-json\/wp\/v2\/pages\/3\/revisions\/1569"}],"wp:attachment":[{"href":"https:\/\/madameetmonsieurfeetout.com\/index.php\/wp-json\/wp\/v2\/media?parent=3"}],"curies":[{"name":"wp","href":"https:\/\/api.w.org\/{rel}","templated":true}]}}